{"id":12215,"date":"2022-07-07T13:22:58","date_gmt":"2022-07-07T11:22:58","guid":{"rendered":"https:\/\/www.paciepagliarigruppo.it\/?post_type=product&#038;p=12215"},"modified":"2023-10-25T16:17:15","modified_gmt":"2023-10-25T14:17:15","slug":"mais-deshydrate-en-grosses-bottes","status":"publish","type":"product","link":"https:\/\/www.paciepagliarigruppo.it\/fr\/produits\/mais-deshydrate-en-grosses-bottes\/","title":{"rendered":"MA\u00cfS D\u00c9SHYDRAT\u00c9 en grosses bottes"},"featured_media":10636,"template":"","certifications":[219,232],"product_category":[376],"consigliato_per":[350,351,353,352,354],"class_list":["post-12215","product","type-product","status-publish","has-post-thumbnail","hentry","certifications-haccp","certifications-noogm","product_category-mais-deshydrate","consigliato_per-bovins","consigliato_per-chameaux","consigliato_per-equides","consigliato_per-lapins","consigliato_per-ovins"],"acf":[],"yoast_head":"<!-- This site is optimized with the Yoast SEO plugin v27.3 - https:\/\/yoast.com\/product\/yoast-seo-wordpress\/ -->\n<title>MA\u00cfS D\u00c9SHYDRAT\u00c9 en grosses bottes - paci e pagliari - Production de luzerne et de fourrage<\/title>\n<meta name=\"robots\" content=\"index, follow, max-snippet:-1, max-image-preview:large, max-video-preview:-1\" \/>\n<link rel=\"canonical\" href=\"https:\/\/www.paciepagliarigruppo.it\/fr\/produits\/mais-deshydrate-en-grosses-bottes\/\" \/>\n<meta property=\"og:locale\" content=\"fr_FR\" \/>\n<meta property=\"og:type\" content=\"article\" \/>\n<meta property=\"og:title\" content=\"MA\u00cfS D\u00c9SHYDRAT\u00c9 en grosses bottes - paci e pagliari - Production de luzerne et de fourrage\" \/>\n<meta property=\"og:url\" content=\"https:\/\/www.paciepagliarigruppo.it\/fr\/produits\/mais-deshydrate-en-grosses-bottes\/\" \/>\n<meta property=\"og:site_name\" content=\"paci e pagliari - Production de luzerne et de fourrage\" \/>\n<meta property=\"article:modified_time\" content=\"2023-10-25T14:17:15+00:00\" \/>\n<meta property=\"og:image\" content=\"https:\/\/www.paciepagliarigruppo.it\/wp-content\/uploads\/2022\/07\/MAIS-DISIDRATATO.png\" \/>\n\t<meta property=\"og:image:width\" content=\"293\" \/>\n\t<meta property=\"og:image:height\" content=\"293\" \/>\n\t<meta property=\"og:image:type\" content=\"image\/png\" \/>\n<meta name=\"twitter:card\" content=\"summary_large_image\" \/>\n<script type=\"application\/ld+json\" class=\"yoast-schema-graph\">{\"@context\":\"https:\\\/\\\/schema.org\",\"@graph\":[{\"@type\":\"WebPage\",\"@id\":\"https:\\\/\\\/www.paciepagliarigruppo.it\\\/fr\\\/produits\\\/mais-deshydrate-en-grosses-bottes\\\/\",\"url\":\"https:\\\/\\\/www.paciepagliarigruppo.it\\\/fr\\\/produits\\\/mais-deshydrate-en-grosses-bottes\\\/\",\"name\":\"MA\u00cfS D\u00c9SHYDRAT\u00c9 en grosses bottes - paci e pagliari - Production de luzerne et de fourrage\",\"isPartOf\":{\"@id\":\"https:\\\/\\\/www.paciepagliarigruppo.it\\\/fr\\\/#website\"},\"primaryImageOfPage\":{\"@id\":\"https:\\\/\\\/www.paciepagliarigruppo.it\\\/fr\\\/produits\\\/mais-deshydrate-en-grosses-bottes\\\/#primaryimage\"},\"image\":{\"@id\":\"https:\\\/\\\/www.paciepagliarigruppo.it\\\/fr\\\/produits\\\/mais-deshydrate-en-grosses-bottes\\\/#primaryimage\"},\"thumbnailUrl\":\"https:\\\/\\\/www.paciepagliarigruppo.it\\\/wp-content\\\/uploads\\\/2022\\\/07\\\/MAIS-DISIDRATATO.png\",\"datePublished\":\"2022-07-07T11:22:58+00:00\",\"dateModified\":\"2023-10-25T14:17:15+00:00\",\"breadcrumb\":{\"@id\":\"https:\\\/\\\/www.paciepagliarigruppo.it\\\/fr\\\/produits\\\/mais-deshydrate-en-grosses-bottes\\\/#breadcrumb\"},\"inLanguage\":\"fr-FR\",\"potentialAction\":[{\"@type\":\"ReadAction\",\"target\":[\"https:\\\/\\\/www.paciepagliarigruppo.it\\\/fr\\\/produits\\\/mais-deshydrate-en-grosses-bottes\\\/\"]}]},{\"@type\":\"ImageObject\",\"inLanguage\":\"fr-FR\",\"@id\":\"https:\\\/\\\/www.paciepagliarigruppo.it\\\/fr\\\/produits\\\/mais-deshydrate-en-grosses-bottes\\\/#primaryimage\",\"url\":\"https:\\\/\\\/www.paciepagliarigruppo.it\\\/wp-content\\\/uploads\\\/2022\\\/07\\\/MAIS-DISIDRATATO.png\",\"contentUrl\":\"https:\\\/\\\/www.paciepagliarigruppo.it\\\/wp-content\\\/uploads\\\/2022\\\/07\\\/MAIS-DISIDRATATO.png\",\"width\":293,\"height\":293},{\"@type\":\"BreadcrumbList\",\"@id\":\"https:\\\/\\\/www.paciepagliarigruppo.it\\\/fr\\\/produits\\\/mais-deshydrate-en-grosses-bottes\\\/#breadcrumb\",\"itemListElement\":[{\"@type\":\"ListItem\",\"position\":1,\"name\":\"Home\",\"item\":\"https:\\\/\\\/www.paciepagliarigruppo.it\\\/fr\\\/\"},{\"@type\":\"ListItem\",\"position\":2,\"name\":\"Conventionnels\",\"item\":\"https:\\\/\\\/www.paciepagliarigruppo.it\\\/fr\\\/product_category\\\/conventionnels\\\/\"},{\"@type\":\"ListItem\",\"position\":3,\"name\":\"MA\u00cfS D\u00c9SHYDRAT\u00c9\",\"item\":\"https:\\\/\\\/www.paciepagliarigruppo.it\\\/fr\\\/product_category\\\/mais-deshydrate\\\/\"},{\"@type\":\"ListItem\",\"position\":4,\"name\":\"MA\u00cfS D\u00c9SHYDRAT\u00c9 en grosses bottes\"}]},{\"@type\":\"WebSite\",\"@id\":\"https:\\\/\\\/www.paciepagliarigruppo.it\\\/fr\\\/#website\",\"url\":\"https:\\\/\\\/www.paciepagliarigruppo.it\\\/fr\\\/\",\"name\":\"Paci & Pagliari\",\"description\":\"Produzione erba medica e foraggi\",\"potentialAction\":[{\"@type\":\"SearchAction\",\"target\":{\"@type\":\"EntryPoint\",\"urlTemplate\":\"https:\\\/\\\/www.paciepagliarigruppo.it\\\/fr\\\/?s={search_term_string}\"},\"query-input\":{\"@type\":\"PropertyValueSpecification\",\"valueRequired\":true,\"valueName\":\"search_term_string\"}}],\"inLanguage\":\"fr-FR\"}]}<\/script>\n<!-- \/ Yoast SEO plugin. -->","yoast_head_json":{"title":"MA\u00cfS D\u00c9SHYDRAT\u00c9 en grosses bottes - paci e pagliari - Production de luzerne et de fourrage","robots":{"index":"index","follow":"follow","max-snippet":"max-snippet:-1","max-image-preview":"max-image-preview:large","max-video-preview":"max-video-preview:-1"},"canonical":"https:\/\/www.paciepagliarigruppo.it\/fr\/produits\/mais-deshydrate-en-grosses-bottes\/","og_locale":"fr_FR","og_type":"article","og_title":"MA\u00cfS D\u00c9SHYDRAT\u00c9 en grosses bottes - paci e pagliari - Production de luzerne et de fourrage","og_url":"https:\/\/www.paciepagliarigruppo.it\/fr\/produits\/mais-deshydrate-en-grosses-bottes\/","og_site_name":"paci e pagliari - Production de luzerne et de fourrage","article_modified_time":"2023-10-25T14:17:15+00:00","og_image":[{"width":293,"height":293,"url":"https:\/\/www.paciepagliarigruppo.it\/wp-content\/uploads\/2022\/07\/MAIS-DISIDRATATO.png","type":"image\/png"}],"twitter_card":"summary_large_image","schema":{"@context":"https:\/\/schema.org","@graph":[{"@type":"WebPage","@id":"https:\/\/www.paciepagliarigruppo.it\/fr\/produits\/mais-deshydrate-en-grosses-bottes\/","url":"https:\/\/www.paciepagliarigruppo.it\/fr\/produits\/mais-deshydrate-en-grosses-bottes\/","name":"MA\u00cfS D\u00c9SHYDRAT\u00c9 en grosses bottes - paci e pagliari - Production de luzerne et de fourrage","isPartOf":{"@id":"https:\/\/www.paciepagliarigruppo.it\/fr\/#website"},"primaryImageOfPage":{"@id":"https:\/\/www.paciepagliarigruppo.it\/fr\/produits\/mais-deshydrate-en-grosses-bottes\/#primaryimage"},"image":{"@id":"https:\/\/www.paciepagliarigruppo.it\/fr\/produits\/mais-deshydrate-en-grosses-bottes\/#primaryimage"},"thumbnailUrl":"https:\/\/www.paciepagliarigruppo.it\/wp-content\/uploads\/2022\/07\/MAIS-DISIDRATATO.png","datePublished":"2022-07-07T11:22:58+00:00","dateModified":"2023-10-25T14:17:15+00:00","breadcrumb":{"@id":"https:\/\/www.paciepagliarigruppo.it\/fr\/produits\/mais-deshydrate-en-grosses-bottes\/#breadcrumb"},"inLanguage":"fr-FR","potentialAction":[{"@type":"ReadAction","target":["https:\/\/www.paciepagliarigruppo.it\/fr\/produits\/mais-deshydrate-en-grosses-bottes\/"]}]},{"@type":"ImageObject","inLanguage":"fr-FR","@id":"https:\/\/www.paciepagliarigruppo.it\/fr\/produits\/mais-deshydrate-en-grosses-bottes\/#primaryimage","url":"https:\/\/www.paciepagliarigruppo.it\/wp-content\/uploads\/2022\/07\/MAIS-DISIDRATATO.png","contentUrl":"https:\/\/www.paciepagliarigruppo.it\/wp-content\/uploads\/2022\/07\/MAIS-DISIDRATATO.png","width":293,"height":293},{"@type":"BreadcrumbList","@id":"https:\/\/www.paciepagliarigruppo.it\/fr\/produits\/mais-deshydrate-en-grosses-bottes\/#breadcrumb","itemListElement":[{"@type":"ListItem","position":1,"name":"Home","item":"https:\/\/www.paciepagliarigruppo.it\/fr\/"},{"@type":"ListItem","position":2,"name":"Conventionnels","item":"https:\/\/www.paciepagliarigruppo.it\/fr\/product_category\/conventionnels\/"},{"@type":"ListItem","position":3,"name":"MA\u00cfS D\u00c9SHYDRAT\u00c9","item":"https:\/\/www.paciepagliarigruppo.it\/fr\/product_category\/mais-deshydrate\/"},{"@type":"ListItem","position":4,"name":"MA\u00cfS D\u00c9SHYDRAT\u00c9 en grosses bottes"}]},{"@type":"WebSite","@id":"https:\/\/www.paciepagliarigruppo.it\/fr\/#website","url":"https:\/\/www.paciepagliarigruppo.it\/fr\/","name":"Paci & Pagliari","description":"Produzione erba medica e foraggi","potentialAction":[{"@type":"SearchAction","target":{"@type":"EntryPoint","urlTemplate":"https:\/\/www.paciepagliarigruppo.it\/fr\/?s={search_term_string}"},"query-input":{"@type":"PropertyValueSpecification","valueRequired":true,"valueName":"search_term_string"}}],"inLanguage":"fr-FR"}]}},"_links":{"self":[{"href":"https:\/\/www.paciepagliarigruppo.it\/fr\/wp-json\/wp\/v2\/product\/12215","targetHints":{"allow":["GET"]}}],"collection":[{"href":"https:\/\/www.paciepagliarigruppo.it\/fr\/wp-json\/wp\/v2\/product"}],"about":[{"href":"https:\/\/www.paciepagliarigruppo.it\/fr\/wp-json\/wp\/v2\/types\/product"}],"wp:featuredmedia":[{"embeddable":true,"href":"https:\/\/www.paciepagliarigruppo.it\/fr\/wp-json\/wp\/v2\/media\/10636"}],"wp:attachment":[{"href":"https:\/\/www.paciepagliarigruppo.it\/fr\/wp-json\/wp\/v2\/media?parent=12215"}],"wp:term":[{"taxonomy":"certifications","embeddable":true,"href":"https:\/\/www.paciepagliarigruppo.it\/fr\/wp-json\/wp\/v2\/certifications?post=12215"},{"taxonomy":"product_category","embeddable":true,"href":"https:\/\/www.paciepagliarigruppo.it\/fr\/wp-json\/wp\/v2\/product_category?post=12215"},{"taxonomy":"consigliato_per","embeddable":true,"href":"https:\/\/www.paciepagliarigruppo.it\/fr\/wp-json\/wp\/v2\/consigliato_per?post=12215"}],"curies":[{"name":"wp","href":"https:\/\/api.w.org\/{rel}","templated":true}]}}