{"id":12172,"date":"2022-07-12T13:59:37","date_gmt":"2022-07-12T11:59:37","guid":{"rendered":"https:\/\/www.paciepagliarigruppo.it\/?post_type=product&#038;p=12172"},"modified":"2023-10-25T16:10:34","modified_gmt":"2023-10-25T14:10:34","slug":"paille-de-cereales-en-granules-emiettes-2","status":"publish","type":"product","link":"https:\/\/www.paciepagliarigruppo.it\/fr\/produits\/paille-de-cereales-en-granules-emiettes-2\/","title":{"rendered":"PAILLE DE C\u00c9R\u00c9ALES en granul\u00e9s \u00e9miett\u00e9s"},"featured_media":10646,"template":"","certifications":[231,219,218,232],"product_category":[380],"consigliato_per":[350,351,353,352,354,357,355,356],"class_list":["post-12172","product","type-product","status-publish","has-post-thumbnail","hentry","certifications-gmp","certifications-haccp","certifications-iso14001","certifications-noogm","product_category-paille","consigliato_per-bovins","consigliato_per-chameaux","consigliato_per-equides","consigliato_per-lapins","consigliato_per-ovins","consigliato_per-porcins","consigliato_per-taureau","consigliato_per-volaille"],"acf":[],"yoast_head":"<!-- This site is optimized with the Yoast SEO plugin v27.3 - https:\/\/yoast.com\/product\/yoast-seo-wordpress\/ -->\n<title>PAILLE DE C\u00c9R\u00c9ALES en granul\u00e9s \u00e9miett\u00e9s - paci e pagliari - Production de luzerne et de fourrage<\/title>\n<meta name=\"robots\" content=\"index, follow, max-snippet:-1, max-image-preview:large, max-video-preview:-1\" \/>\n<link rel=\"canonical\" href=\"https:\/\/www.paciepagliarigruppo.it\/fr\/produits\/paille-de-cereales-en-granules-emiettes-2\/\" \/>\n<meta property=\"og:locale\" content=\"fr_FR\" \/>\n<meta property=\"og:type\" content=\"article\" \/>\n<meta property=\"og:title\" content=\"PAILLE DE C\u00c9R\u00c9ALES en granul\u00e9s \u00e9miett\u00e9s - paci e pagliari - Production de luzerne et de fourrage\" \/>\n<meta property=\"og:url\" content=\"https:\/\/www.paciepagliarigruppo.it\/fr\/produits\/paille-de-cereales-en-granules-emiettes-2\/\" \/>\n<meta property=\"og:site_name\" content=\"paci e pagliari - Production de luzerne et de fourrage\" \/>\n<meta property=\"article:modified_time\" content=\"2023-10-25T14:10:34+00:00\" \/>\n<meta property=\"og:image\" content=\"https:\/\/www.paciepagliarigruppo.it\/wp-content\/uploads\/2022\/07\/PAGLIA-DI-CEREALI-biologica-in-pellet.png\" \/>\n\t<meta property=\"og:image:width\" content=\"500\" \/>\n\t<meta property=\"og:image:height\" content=\"500\" \/>\n\t<meta property=\"og:image:type\" content=\"image\/png\" \/>\n<meta name=\"twitter:card\" content=\"summary_large_image\" \/>\n<script type=\"application\/ld+json\" class=\"yoast-schema-graph\">{\"@context\":\"https:\\\/\\\/schema.org\",\"@graph\":[{\"@type\":\"WebPage\",\"@id\":\"https:\\\/\\\/www.paciepagliarigruppo.it\\\/fr\\\/produits\\\/paille-de-cereales-en-granules-emiettes-2\\\/\",\"url\":\"https:\\\/\\\/www.paciepagliarigruppo.it\\\/fr\\\/produits\\\/paille-de-cereales-en-granules-emiettes-2\\\/\",\"name\":\"PAILLE DE C\u00c9R\u00c9ALES en granul\u00e9s \u00e9miett\u00e9s - paci e pagliari - Production de luzerne et de fourrage\",\"isPartOf\":{\"@id\":\"https:\\\/\\\/www.paciepagliarigruppo.it\\\/fr\\\/#website\"},\"primaryImageOfPage\":{\"@id\":\"https:\\\/\\\/www.paciepagliarigruppo.it\\\/fr\\\/produits\\\/paille-de-cereales-en-granules-emiettes-2\\\/#primaryimage\"},\"image\":{\"@id\":\"https:\\\/\\\/www.paciepagliarigruppo.it\\\/fr\\\/produits\\\/paille-de-cereales-en-granules-emiettes-2\\\/#primaryimage\"},\"thumbnailUrl\":\"https:\\\/\\\/www.paciepagliarigruppo.it\\\/wp-content\\\/uploads\\\/2022\\\/07\\\/PAGLIA-DI-CEREALI-biologica-in-pellet.png\",\"datePublished\":\"2022-07-12T11:59:37+00:00\",\"dateModified\":\"2023-10-25T14:10:34+00:00\",\"breadcrumb\":{\"@id\":\"https:\\\/\\\/www.paciepagliarigruppo.it\\\/fr\\\/produits\\\/paille-de-cereales-en-granules-emiettes-2\\\/#breadcrumb\"},\"inLanguage\":\"fr-FR\",\"potentialAction\":[{\"@type\":\"ReadAction\",\"target\":[\"https:\\\/\\\/www.paciepagliarigruppo.it\\\/fr\\\/produits\\\/paille-de-cereales-en-granules-emiettes-2\\\/\"]}]},{\"@type\":\"ImageObject\",\"inLanguage\":\"fr-FR\",\"@id\":\"https:\\\/\\\/www.paciepagliarigruppo.it\\\/fr\\\/produits\\\/paille-de-cereales-en-granules-emiettes-2\\\/#primaryimage\",\"url\":\"https:\\\/\\\/www.paciepagliarigruppo.it\\\/wp-content\\\/uploads\\\/2022\\\/07\\\/PAGLIA-DI-CEREALI-biologica-in-pellet.png\",\"contentUrl\":\"https:\\\/\\\/www.paciepagliarigruppo.it\\\/wp-content\\\/uploads\\\/2022\\\/07\\\/PAGLIA-DI-CEREALI-biologica-in-pellet.png\",\"width\":500,\"height\":500},{\"@type\":\"BreadcrumbList\",\"@id\":\"https:\\\/\\\/www.paciepagliarigruppo.it\\\/fr\\\/produits\\\/paille-de-cereales-en-granules-emiettes-2\\\/#breadcrumb\",\"itemListElement\":[{\"@type\":\"ListItem\",\"position\":1,\"name\":\"Home\",\"item\":\"https:\\\/\\\/www.paciepagliarigruppo.it\\\/fr\\\/\"},{\"@type\":\"ListItem\",\"position\":2,\"name\":\"Conventionnels\",\"item\":\"https:\\\/\\\/www.paciepagliarigruppo.it\\\/fr\\\/product_category\\\/conventionnels\\\/\"},{\"@type\":\"ListItem\",\"position\":3,\"name\":\"PAILLE\",\"item\":\"https:\\\/\\\/www.paciepagliarigruppo.it\\\/fr\\\/product_category\\\/paille\\\/\"},{\"@type\":\"ListItem\",\"position\":4,\"name\":\"PAILLE DE C\u00c9R\u00c9ALES en granul\u00e9s \u00e9miett\u00e9s\"}]},{\"@type\":\"WebSite\",\"@id\":\"https:\\\/\\\/www.paciepagliarigruppo.it\\\/fr\\\/#website\",\"url\":\"https:\\\/\\\/www.paciepagliarigruppo.it\\\/fr\\\/\",\"name\":\"Paci & Pagliari\",\"description\":\"Produzione erba medica e foraggi\",\"potentialAction\":[{\"@type\":\"SearchAction\",\"target\":{\"@type\":\"EntryPoint\",\"urlTemplate\":\"https:\\\/\\\/www.paciepagliarigruppo.it\\\/fr\\\/?s={search_term_string}\"},\"query-input\":{\"@type\":\"PropertyValueSpecification\",\"valueRequired\":true,\"valueName\":\"search_term_string\"}}],\"inLanguage\":\"fr-FR\"}]}<\/script>\n<!-- \/ Yoast SEO plugin. -->","yoast_head_json":{"title":"PAILLE DE C\u00c9R\u00c9ALES en granul\u00e9s \u00e9miett\u00e9s - paci e pagliari - Production de luzerne et de fourrage","robots":{"index":"index","follow":"follow","max-snippet":"max-snippet:-1","max-image-preview":"max-image-preview:large","max-video-preview":"max-video-preview:-1"},"canonical":"https:\/\/www.paciepagliarigruppo.it\/fr\/produits\/paille-de-cereales-en-granules-emiettes-2\/","og_locale":"fr_FR","og_type":"article","og_title":"PAILLE DE C\u00c9R\u00c9ALES en granul\u00e9s \u00e9miett\u00e9s - paci e pagliari - Production de luzerne et de fourrage","og_url":"https:\/\/www.paciepagliarigruppo.it\/fr\/produits\/paille-de-cereales-en-granules-emiettes-2\/","og_site_name":"paci e pagliari - Production de luzerne et de fourrage","article_modified_time":"2023-10-25T14:10:34+00:00","og_image":[{"width":500,"height":500,"url":"https:\/\/www.paciepagliarigruppo.it\/wp-content\/uploads\/2022\/07\/PAGLIA-DI-CEREALI-biologica-in-pellet.png","type":"image\/png"}],"twitter_card":"summary_large_image","schema":{"@context":"https:\/\/schema.org","@graph":[{"@type":"WebPage","@id":"https:\/\/www.paciepagliarigruppo.it\/fr\/produits\/paille-de-cereales-en-granules-emiettes-2\/","url":"https:\/\/www.paciepagliarigruppo.it\/fr\/produits\/paille-de-cereales-en-granules-emiettes-2\/","name":"PAILLE DE C\u00c9R\u00c9ALES en granul\u00e9s \u00e9miett\u00e9s - paci e pagliari - Production de luzerne et de fourrage","isPartOf":{"@id":"https:\/\/www.paciepagliarigruppo.it\/fr\/#website"},"primaryImageOfPage":{"@id":"https:\/\/www.paciepagliarigruppo.it\/fr\/produits\/paille-de-cereales-en-granules-emiettes-2\/#primaryimage"},"image":{"@id":"https:\/\/www.paciepagliarigruppo.it\/fr\/produits\/paille-de-cereales-en-granules-emiettes-2\/#primaryimage"},"thumbnailUrl":"https:\/\/www.paciepagliarigruppo.it\/wp-content\/uploads\/2022\/07\/PAGLIA-DI-CEREALI-biologica-in-pellet.png","datePublished":"2022-07-12T11:59:37+00:00","dateModified":"2023-10-25T14:10:34+00:00","breadcrumb":{"@id":"https:\/\/www.paciepagliarigruppo.it\/fr\/produits\/paille-de-cereales-en-granules-emiettes-2\/#breadcrumb"},"inLanguage":"fr-FR","potentialAction":[{"@type":"ReadAction","target":["https:\/\/www.paciepagliarigruppo.it\/fr\/produits\/paille-de-cereales-en-granules-emiettes-2\/"]}]},{"@type":"ImageObject","inLanguage":"fr-FR","@id":"https:\/\/www.paciepagliarigruppo.it\/fr\/produits\/paille-de-cereales-en-granules-emiettes-2\/#primaryimage","url":"https:\/\/www.paciepagliarigruppo.it\/wp-content\/uploads\/2022\/07\/PAGLIA-DI-CEREALI-biologica-in-pellet.png","contentUrl":"https:\/\/www.paciepagliarigruppo.it\/wp-content\/uploads\/2022\/07\/PAGLIA-DI-CEREALI-biologica-in-pellet.png","width":500,"height":500},{"@type":"BreadcrumbList","@id":"https:\/\/www.paciepagliarigruppo.it\/fr\/produits\/paille-de-cereales-en-granules-emiettes-2\/#breadcrumb","itemListElement":[{"@type":"ListItem","position":1,"name":"Home","item":"https:\/\/www.paciepagliarigruppo.it\/fr\/"},{"@type":"ListItem","position":2,"name":"Conventionnels","item":"https:\/\/www.paciepagliarigruppo.it\/fr\/product_category\/conventionnels\/"},{"@type":"ListItem","position":3,"name":"PAILLE","item":"https:\/\/www.paciepagliarigruppo.it\/fr\/product_category\/paille\/"},{"@type":"ListItem","position":4,"name":"PAILLE DE C\u00c9R\u00c9ALES en granul\u00e9s \u00e9miett\u00e9s"}]},{"@type":"WebSite","@id":"https:\/\/www.paciepagliarigruppo.it\/fr\/#website","url":"https:\/\/www.paciepagliarigruppo.it\/fr\/","name":"Paci & Pagliari","description":"Produzione erba medica e foraggi","potentialAction":[{"@type":"SearchAction","target":{"@type":"EntryPoint","urlTemplate":"https:\/\/www.paciepagliarigruppo.it\/fr\/?s={search_term_string}"},"query-input":{"@type":"PropertyValueSpecification","valueRequired":true,"valueName":"search_term_string"}}],"inLanguage":"fr-FR"}]}},"_links":{"self":[{"href":"https:\/\/www.paciepagliarigruppo.it\/fr\/wp-json\/wp\/v2\/product\/12172","targetHints":{"allow":["GET"]}}],"collection":[{"href":"https:\/\/www.paciepagliarigruppo.it\/fr\/wp-json\/wp\/v2\/product"}],"about":[{"href":"https:\/\/www.paciepagliarigruppo.it\/fr\/wp-json\/wp\/v2\/types\/product"}],"wp:featuredmedia":[{"embeddable":true,"href":"https:\/\/www.paciepagliarigruppo.it\/fr\/wp-json\/wp\/v2\/media\/10646"}],"wp:attachment":[{"href":"https:\/\/www.paciepagliarigruppo.it\/fr\/wp-json\/wp\/v2\/media?parent=12172"}],"wp:term":[{"taxonomy":"certifications","embeddable":true,"href":"https:\/\/www.paciepagliarigruppo.it\/fr\/wp-json\/wp\/v2\/certifications?post=12172"},{"taxonomy":"product_category","embeddable":true,"href":"https:\/\/www.paciepagliarigruppo.it\/fr\/wp-json\/wp\/v2\/product_category?post=12172"},{"taxonomy":"consigliato_per","embeddable":true,"href":"https:\/\/www.paciepagliarigruppo.it\/fr\/wp-json\/wp\/v2\/consigliato_per?post=12172"}],"curies":[{"name":"wp","href":"https:\/\/api.w.org\/{rel}","templated":true}]}}