{"id":12436,"date":"2022-06-09T15:33:49","date_gmt":"2022-06-09T13:33:49","guid":{"rendered":"https:\/\/www.paciepagliarigruppo.it\/produits\/biologici-2\/"},"modified":"2023-07-28T09:22:26","modified_gmt":"2023-07-28T07:22:26","slug":"biologiques-2","status":"publish","type":"page","link":"https:\/\/www.paciepagliarigruppo.it\/fr\/produits\/biologiques-2\/","title":{"rendered":"Biologiques"},"content":{"rendered":"\n\t<section class=\"section\" id=\"section_86142006\">\n\t\t<div class=\"section-bg fill\" >\n\t\t\t\t\t\t\t\t\t\n\t\t\t\n\n\t\t<\/div>\n\n\t\t\n\n\t\t<div class=\"section-content relative\">\n\t\t\t\n\n  <div class=\"banner has-hover\" id=\"banner-1712910170\">\n          <div class=\"banner-inner fill\">\n        <div class=\"banner-bg fill\" >\n                                                \n                    <\/div>\n\t\t\n        <div class=\"banner-layers container\">\n            <div class=\"fill banner-link\"><\/div>            \n   <div id=\"text-box-963665433\" class=\"text-box banner-layer x50 md-x25 lg-x30 y25 md-y50 lg-y50 res-text\">\n                                <div class=\"text-box-content text dark\">\n              \n              <div class=\"text-inner text-center\">\n                  \n\t<div class=\"img has-hover x md-x lg-x y md-y lg-y\" id=\"image_1366364050\">\n\t\t\t\t\t\t\t\t<div class=\"img-inner dark\" >\n\t\t\t<img loading=\"lazy\" decoding=\"async\" width=\"188\" height=\"188\" src=\"https:\/\/www.paciepagliarigruppo.it\/wp-content\/uploads\/2023\/02\/biologici-1.png\" class=\"attachment-original size-original\" alt=\"\" srcset=\"https:\/\/www.paciepagliarigruppo.it\/wp-content\/uploads\/2023\/02\/biologici-1.png 188w, https:\/\/www.paciepagliarigruppo.it\/wp-content\/uploads\/2023\/02\/biologici-1-150x150.png 150w\" sizes=\"auto, (max-width: 188px) 100vw, 188px\" \/>\t\t\t\t\t\t\n\t\t\t\t\t<\/div>\n\t\t\t\t\t\t\t\t\n<style>\n#image_1366364050 {\n  width: 60%;\n}\n<\/style>\n\t<\/div>\n\t\n              <\/div>\n           <\/div>\n                            \n<style>\n#text-box-963665433 {\n  width: 51%;\n}\n#text-box-963665433 .text-box-content {\n  font-size: 100%;\n}\n@media (min-width:550px) {\n  #text-box-963665433 {\n    width: 18%;\n  }\n}\n<\/style>\n    <\/div>\n \n   <div id=\"text-box-1648472804\" class=\"text-box banner-layer x50 md-x80 lg-x70 y75 md-y50 lg-y50 res-text\">\n                                <div class=\"text-box-content text dark\">\n              \n              <div class=\"text-inner text-center\">\n                  \n<h2 class=\"uppercase\">Biologiques<\/h2>\n              <\/div>\n           <\/div>\n                            \n<style>\n#text-box-1648472804 {\n  width: 60%;\n}\n#text-box-1648472804 .text-box-content {\n  font-size: 100%;\n}\n@media (min-width:550px) {\n  #text-box-1648472804 {\n    width: 38%;\n  }\n}\n@media (min-width:850px) {\n  #text-box-1648472804 {\n    width: 24%;\n  }\n}\n<\/style>\n    <\/div>\n \n        <\/div>\n      <\/div>\n\n            \n<style>\n#banner-1712910170 {\n  padding-top: 350px;\n  background-color: rgb(183, 195, 11);\n}\n<\/style>\n  <\/div>\n\n\n\t\t<\/div>\n\n\t\t\n<style>\n#section_86142006 {\n  padding-top: 0px;\n  padding-bottom: 0px;\n}\n<\/style>\n\t<\/section>\n\t\n\n\t<section class=\"section\" id=\"section_1685576413\">\n\t\t<div class=\"section-bg fill\" >\n\t\t\t\t\t\t\t\t\t\n\t\t\t\n\n\t\t<\/div>\n\n\t\t\n\n\t\t<div class=\"section-content relative\">\n\t\t\t\n<div class=\"row align-center\"  id=\"row-1669642298\">\n\n\t<div id=\"col-127377011\" class=\"col small-12 large-12\"  >\n\t\t\t\t<div class=\"col-inner\"  >\n\t\t\t\n\t\t\t\n\t<div id=\"text-136605459\" class=\"text\">\n\t\t\n<h2 class=\"uppercase\">Agriculture biologique par passion<\/h2>\n\t\t\n<style>\n#text-136605459 {\n  text-align: center;\n}\n<\/style>\n\t<\/div>\n\t\n<p>Tout ce qui est obtenu par une m\u00e9thode de production qui n\u2019a pas recours aux produits de synth\u00e8se et qui respecte une s\u00e9rie de r\u00e8gles obligeant le producteur \u00e0 travailler d\u2019une certaine fa\u00e7on est biologique.<\/p>\n<p>Le Groupe Paci e Pagliari soutient fermement son identit\u00e9 biologique en offrant \u00e0 sa client\u00e8le des produits trait\u00e9s selon des normes de contr\u00f4le strictes, en rempla\u00e7ant compl\u00e8tement les engrais chimiques et les pesticides par de l\u2019engrais organique provenant de ses propres installations de biogaz.<\/p>\n<p>Parmi les pionniers de l\u2019agriculture biologique, avec sa premi\u00e8re certi\ufb01cation obtenue en 1991, le Groupe Paci &amp; Pagliari dispose aujourd\u2019hui de la production de quatre exploitations agricoles biologiques ainsi que d\u2019une usine d\u00e9di\u00e9e exclusivement au traitement et au stockage de produits biologiques, constamment contr\u00f4l\u00e9e par des organismes certifi\u00e9s et enti\u00e8rement aliment\u00e9e par des sources d\u2019\u00e9nergie renouvelables<\/p>\n\t\t<\/div>\n\t\t\t\t\t<\/div>\n\n\t\n<\/div>\n<div class=\"row align-center\"  id=\"row-1476994372\">\n\n\t<div id=\"col-1140133909\" class=\"col medium-3 small-6 large-3\"  >\n\t\t\t\t<div class=\"col-inner\"  >\n\t\t\t\n\t\t\t\n\t<div class=\"box has-hover upwards-movement  has-hover box-text-bottom\" >\n\n\t\t<div class=\"box-image\" style=\"width:80%;\">\n\t\t\t<a href=\"https:\/\/www.paciepagliarigruppo.it\/fr\/product_category\/erba-medica-biologica\" >\t\t\t<div class=\"\" >\n\t\t\t\t<img loading=\"lazy\" decoding=\"async\" width=\"400\" height=\"400\" src=\"https:\/\/www.paciepagliarigruppo.it\/wp-content\/uploads\/2022\/08\/Erbe-mediche.png\" class=\"attachment- size-\" alt=\"\" srcset=\"https:\/\/www.paciepagliarigruppo.it\/wp-content\/uploads\/2022\/08\/Erbe-mediche.png 400w, https:\/\/www.paciepagliarigruppo.it\/wp-content\/uploads\/2022\/08\/Erbe-mediche-300x300.png 300w, https:\/\/www.paciepagliarigruppo.it\/wp-content\/uploads\/2022\/08\/Erbe-mediche-150x150.png 150w\" sizes=\"auto, (max-width: 400px) 100vw, 400px\" \/>\t\t\t\t\t\t\t\t\t\t\t<\/div>\n\t\t\t<\/a>\t\t<\/div>\n\n\t\t<div class=\"box-text text-center\" >\n\t\t\t<div class=\"box-text-inner\">\n\t\t\t\t\n<h3><a href=\"https:\/\/www.paciepagliarigruppo.it\/fr\/product_category\/erba-medica-biologica\">Luzerne<\/a><\/h3>\n\t\t\t<\/div>\n\t\t<\/div>\n\t<\/div>\n\t\n\t\t<\/div>\n\t\t\t\t\t<\/div>\n\n\t\n\n\t<div id=\"col-1756893176\" class=\"col medium-3 small-6 large-3\"  >\n\t\t\t\t<div class=\"col-inner\"  >\n\t\t\t\n\t\t\t\n\t<div class=\"box has-hover upwards-movement  has-hover box-text-bottom\" >\n\n\t\t<div class=\"box-image\" style=\"width:80%;\">\n\t\t\t<a href=\"https:\/\/www.paciepagliarigruppo.it\/fr\/product_category\/fieno-biologico\" >\t\t\t<div class=\"\" >\n\t\t\t\t<img loading=\"lazy\" decoding=\"async\" width=\"400\" height=\"400\" src=\"https:\/\/www.paciepagliarigruppo.it\/wp-content\/uploads\/2022\/07\/Fieno.png\" class=\"attachment- size-\" alt=\"\" srcset=\"https:\/\/www.paciepagliarigruppo.it\/wp-content\/uploads\/2022\/07\/Fieno.png 400w, https:\/\/www.paciepagliarigruppo.it\/wp-content\/uploads\/2022\/07\/Fieno-300x300.png 300w, https:\/\/www.paciepagliarigruppo.it\/wp-content\/uploads\/2022\/07\/Fieno-150x150.png 150w\" sizes=\"auto, (max-width: 400px) 100vw, 400px\" \/>\t\t\t\t\t\t\t\t\t\t\t<\/div>\n\t\t\t<\/a>\t\t<\/div>\n\n\t\t<div class=\"box-text text-center\" >\n\t\t\t<div class=\"box-text-inner\">\n\t\t\t\t\n<h3><a href=\"https:\/\/www.paciepagliarigruppo.it\/fr\/product_category\/fieno-biologico\">Foin<\/a><\/h3>\n\t\t\t<\/div>\n\t\t<\/div>\n\t<\/div>\n\t\n\t\t<\/div>\n\t\t\t\t\t<\/div>\n\n\t\n<\/div>\n<div class=\"row align-center\"  id=\"row-2080411131\">\n\n\t<div id=\"col-797146002\" class=\"col medium-3 small-6 large-3\"  >\n\t\t\t\t<div class=\"col-inner\"  >\n\t\t\t\n\t\t\t\n\t<div class=\"box has-hover upwards-movement  has-hover box-text-bottom\" >\n\n\t\t<div class=\"box-image\" style=\"width:80%;\">\n\t\t\t<a href=\"https:\/\/www.paciepagliarigruppo.it\/fr\/product_category\/paglia-bio\" >\t\t\t<div class=\"\" >\n\t\t\t\t<img loading=\"lazy\" decoding=\"async\" width=\"400\" height=\"400\" src=\"https:\/\/www.paciepagliarigruppo.it\/wp-content\/uploads\/2022\/07\/Paglia.png\" class=\"attachment- size-\" alt=\"\" srcset=\"https:\/\/www.paciepagliarigruppo.it\/wp-content\/uploads\/2022\/07\/Paglia.png 400w, https:\/\/www.paciepagliarigruppo.it\/wp-content\/uploads\/2022\/07\/Paglia-300x300.png 300w, https:\/\/www.paciepagliarigruppo.it\/wp-content\/uploads\/2022\/07\/Paglia-150x150.png 150w\" sizes=\"auto, (max-width: 400px) 100vw, 400px\" \/>\t\t\t\t\t\t\t\t\t\t\t<\/div>\n\t\t\t<\/a>\t\t<\/div>\n\n\t\t<div class=\"box-text text-center\" >\n\t\t\t<div class=\"box-text-inner\">\n\t\t\t\t\n<h3><a href=\"https:\/\/www.paciepagliarigruppo.it\/fr\/product_category\/paglia-bio\">Paille<\/a><\/h3>\n\t\t\t<\/div>\n\t\t<\/div>\n\t<\/div>\n\t\n\t\t<\/div>\n\t\t\t\t\t<\/div>\n\n\t\n\n\t<div id=\"col-374854376\" class=\"col medium-3 small-6 large-3\"  >\n\t\t\t\t<div class=\"col-inner\"  >\n\t\t\t\n\t\t\t\n\t<div class=\"box has-hover upwards-movement  has-hover box-text-bottom\" >\n\n\t\t<div class=\"box-image\" style=\"border-radius:100%;width:80%;\">\n\t\t\t<a href=\"https:\/\/www.paciepagliarigruppo.it\/fr\/product_category\/granaglie-e-sementi-bio\" >\t\t\t<div class=\"image-cover\" style=\"padding-top:100%;\">\n\t\t\t\t<img loading=\"lazy\" decoding=\"async\" width=\"2560\" height=\"1707\" src=\"https:\/\/www.paciepagliarigruppo.it\/wp-content\/uploads\/2022\/07\/foto-granaglie-scaled.jpg\" class=\"attachment- size-\" alt=\"\" srcset=\"https:\/\/www.paciepagliarigruppo.it\/wp-content\/uploads\/2022\/07\/foto-granaglie-scaled.jpg 2560w, https:\/\/www.paciepagliarigruppo.it\/wp-content\/uploads\/2022\/07\/foto-granaglie-300x200.jpg 300w, https:\/\/www.paciepagliarigruppo.it\/wp-content\/uploads\/2022\/07\/foto-granaglie-1024x683.jpg 1024w, https:\/\/www.paciepagliarigruppo.it\/wp-content\/uploads\/2022\/07\/foto-granaglie-768x512.jpg 768w, https:\/\/www.paciepagliarigruppo.it\/wp-content\/uploads\/2022\/07\/foto-granaglie-1536x1024.jpg 1536w, https:\/\/www.paciepagliarigruppo.it\/wp-content\/uploads\/2022\/07\/foto-granaglie-2048x1365.jpg 2048w\" sizes=\"auto, (max-width: 2560px) 100vw, 2560px\" \/>\t\t\t\t\t\t\t\t\t\t\t<\/div>\n\t\t\t<\/a>\t\t<\/div>\n\n\t\t<div class=\"box-text text-center\" >\n\t\t\t<div class=\"box-text-inner\">\n\t\t\t\t\n<h3><a href=\"https:\/\/www.paciepagliarigruppo.it\/fr\/product_category\/granaglie-e-sementi-bio\">Grenaille<\/a><\/h3>\n\t\t\t<\/div>\n\t\t<\/div>\n\t<\/div>\n\t\n\t\t<\/div>\n\t\t\t\t\t<\/div>\n\n\t\n<\/div>\n<div class=\"row align-center\"  id=\"row-599344485\">\n\n\t<div id=\"col-654627197\" class=\"col small-12 large-12\"  >\n\t\t\t\t<div class=\"col-inner text-center\"  >\n\t\t\t\n\t\t\t\n<a href=\"https:\/\/www.paciepagliarigruppo.it\/wp-content\/uploads\/2023\/07\/PACI-E-PAGLIARI-catalogo-prodotti-BIO23-FR.pdf\" target=\"_blank\" class=\"button primary is-larger\" rel=\"noopener\" >\n\t\t<span>T\u00e9l\u00e9chargez le catalogue<\/span>\n\t<\/a>\n\n\t\t<\/div>\n\t\t\t\t\t<\/div>\n\n\t\n<\/div>\n\t\t<\/div>\n\n\t\t\n<style>\n#section_1685576413 {\n  padding-top: 30px;\n  padding-bottom: 30px;\n}\n<\/style>\n\t<\/section>\n\t\n","protected":false},"excerpt":{"rendered":"","protected":false},"author":6,"featured_media":0,"parent":12424,"menu_order":0,"comment_status":"closed","ping_status":"closed","template":"page-blank.php","meta":{"_acf_changed":false,"footnotes":""},"class_list":["post-12436","page","type-page","status-publish","hentry"],"acf":[],"yoast_head":"<!-- This site is optimized with the Yoast SEO plugin v27.5 - https:\/\/yoast.com\/product\/yoast-seo-wordpress\/ -->\n<title>Biologiques - paci e pagliari - Production de luzerne et de fourrage<\/title>\n<meta name=\"robots\" content=\"index, follow, max-snippet:-1, max-image-preview:large, max-video-preview:-1\" \/>\n<link rel=\"canonical\" href=\"https:\/\/www.paciepagliarigruppo.it\/fr\/produits\/biologiques-2\/\" \/>\n<meta property=\"og:locale\" content=\"fr_FR\" \/>\n<meta property=\"og:type\" content=\"article\" \/>\n<meta property=\"og:title\" content=\"Biologiques - paci e pagliari - Production de luzerne et de fourrage\" \/>\n<meta property=\"og:url\" content=\"https:\/\/www.paciepagliarigruppo.it\/fr\/produits\/biologiques-2\/\" \/>\n<meta property=\"og:site_name\" content=\"paci e pagliari - Production de luzerne et de fourrage\" \/>\n<meta property=\"article:modified_time\" content=\"2023-07-28T07:22:26+00:00\" \/>\n<meta name=\"twitter:card\" content=\"summary_large_image\" \/>\n<meta name=\"twitter:label1\" content=\"Dur\u00e9e de lecture estim\u00e9e\" \/>\n\t<meta name=\"twitter:data1\" content=\"2 minutes\" \/>\n<script type=\"application\/ld+json\" class=\"yoast-schema-graph\">{\"@context\":\"https:\\\/\\\/schema.org\",\"@graph\":[{\"@type\":\"WebPage\",\"@id\":\"https:\\\/\\\/www.paciepagliarigruppo.it\\\/fr\\\/produits\\\/biologiques-2\\\/\",\"url\":\"https:\\\/\\\/www.paciepagliarigruppo.it\\\/fr\\\/produits\\\/biologiques-2\\\/\",\"name\":\"Biologiques - paci e pagliari - Production de luzerne et de fourrage\",\"isPartOf\":{\"@id\":\"https:\\\/\\\/www.paciepagliarigruppo.it\\\/fr\\\/#website\"},\"datePublished\":\"2022-06-09T13:33:49+00:00\",\"dateModified\":\"2023-07-28T07:22:26+00:00\",\"breadcrumb\":{\"@id\":\"https:\\\/\\\/www.paciepagliarigruppo.it\\\/fr\\\/produits\\\/biologiques-2\\\/#breadcrumb\"},\"inLanguage\":\"fr-FR\",\"potentialAction\":[{\"@type\":\"ReadAction\",\"target\":[\"https:\\\/\\\/www.paciepagliarigruppo.it\\\/fr\\\/produits\\\/biologiques-2\\\/\"]}]},{\"@type\":\"BreadcrumbList\",\"@id\":\"https:\\\/\\\/www.paciepagliarigruppo.it\\\/fr\\\/produits\\\/biologiques-2\\\/#breadcrumb\",\"itemListElement\":[{\"@type\":\"ListItem\",\"position\":1,\"name\":\"Home\",\"item\":\"https:\\\/\\\/www.paciepagliarigruppo.it\\\/fr\\\/\"},{\"@type\":\"ListItem\",\"position\":2,\"name\":\"Produits\",\"item\":\"https:\\\/\\\/www.paciepagliarigruppo.it\\\/fr\\\/produits\\\/\"},{\"@type\":\"ListItem\",\"position\":3,\"name\":\"Biologiques\"}]},{\"@type\":\"WebSite\",\"@id\":\"https:\\\/\\\/www.paciepagliarigruppo.it\\\/fr\\\/#website\",\"url\":\"https:\\\/\\\/www.paciepagliarigruppo.it\\\/fr\\\/\",\"name\":\"Paci & Pagliari\",\"description\":\"Produzione erba medica e foraggi\",\"potentialAction\":[{\"@type\":\"SearchAction\",\"target\":{\"@type\":\"EntryPoint\",\"urlTemplate\":\"https:\\\/\\\/www.paciepagliarigruppo.it\\\/fr\\\/?s={search_term_string}\"},\"query-input\":{\"@type\":\"PropertyValueSpecification\",\"valueRequired\":true,\"valueName\":\"search_term_string\"}}],\"inLanguage\":\"fr-FR\"}]}<\/script>\n<!-- \/ Yoast SEO plugin. -->","yoast_head_json":{"title":"Biologiques - paci e pagliari - Production de luzerne et de fourrage","robots":{"index":"index","follow":"follow","max-snippet":"max-snippet:-1","max-image-preview":"max-image-preview:large","max-video-preview":"max-video-preview:-1"},"canonical":"https:\/\/www.paciepagliarigruppo.it\/fr\/produits\/biologiques-2\/","og_locale":"fr_FR","og_type":"article","og_title":"Biologiques - paci e pagliari - Production de luzerne et de fourrage","og_url":"https:\/\/www.paciepagliarigruppo.it\/fr\/produits\/biologiques-2\/","og_site_name":"paci e pagliari - Production de luzerne et de fourrage","article_modified_time":"2023-07-28T07:22:26+00:00","twitter_card":"summary_large_image","twitter_misc":{"Dur\u00e9e de lecture estim\u00e9e":"2 minutes"},"schema":{"@context":"https:\/\/schema.org","@graph":[{"@type":"WebPage","@id":"https:\/\/www.paciepagliarigruppo.it\/fr\/produits\/biologiques-2\/","url":"https:\/\/www.paciepagliarigruppo.it\/fr\/produits\/biologiques-2\/","name":"Biologiques - paci e pagliari - Production de luzerne et de fourrage","isPartOf":{"@id":"https:\/\/www.paciepagliarigruppo.it\/fr\/#website"},"datePublished":"2022-06-09T13:33:49+00:00","dateModified":"2023-07-28T07:22:26+00:00","breadcrumb":{"@id":"https:\/\/www.paciepagliarigruppo.it\/fr\/produits\/biologiques-2\/#breadcrumb"},"inLanguage":"fr-FR","potentialAction":[{"@type":"ReadAction","target":["https:\/\/www.paciepagliarigruppo.it\/fr\/produits\/biologiques-2\/"]}]},{"@type":"BreadcrumbList","@id":"https:\/\/www.paciepagliarigruppo.it\/fr\/produits\/biologiques-2\/#breadcrumb","itemListElement":[{"@type":"ListItem","position":1,"name":"Home","item":"https:\/\/www.paciepagliarigruppo.it\/fr\/"},{"@type":"ListItem","position":2,"name":"Produits","item":"https:\/\/www.paciepagliarigruppo.it\/fr\/produits\/"},{"@type":"ListItem","position":3,"name":"Biologiques"}]},{"@type":"WebSite","@id":"https:\/\/www.paciepagliarigruppo.it\/fr\/#website","url":"https:\/\/www.paciepagliarigruppo.it\/fr\/","name":"Paci & Pagliari","description":"Produzione erba medica e foraggi","potentialAction":[{"@type":"SearchAction","target":{"@type":"EntryPoint","urlTemplate":"https:\/\/www.paciepagliarigruppo.it\/fr\/?s={search_term_string}"},"query-input":{"@type":"PropertyValueSpecification","valueRequired":true,"valueName":"search_term_string"}}],"inLanguage":"fr-FR"}]}},"_links":{"self":[{"href":"https:\/\/www.paciepagliarigruppo.it\/fr\/wp-json\/wp\/v2\/pages\/12436","targetHints":{"allow":["GET"]}}],"collection":[{"href":"https:\/\/www.paciepagliarigruppo.it\/fr\/wp-json\/wp\/v2\/pages"}],"about":[{"href":"https:\/\/www.paciepagliarigruppo.it\/fr\/wp-json\/wp\/v2\/types\/page"}],"author":[{"embeddable":true,"href":"https:\/\/www.paciepagliarigruppo.it\/fr\/wp-json\/wp\/v2\/users\/6"}],"replies":[{"embeddable":true,"href":"https:\/\/www.paciepagliarigruppo.it\/fr\/wp-json\/wp\/v2\/comments?post=12436"}],"version-history":[{"count":7,"href":"https:\/\/www.paciepagliarigruppo.it\/fr\/wp-json\/wp\/v2\/pages\/12436\/revisions"}],"predecessor-version":[{"id":12823,"href":"https:\/\/www.paciepagliarigruppo.it\/fr\/wp-json\/wp\/v2\/pages\/12436\/revisions\/12823"}],"up":[{"embeddable":true,"href":"https:\/\/www.paciepagliarigruppo.it\/fr\/wp-json\/wp\/v2\/pages\/12424"}],"wp:attachment":[{"href":"https:\/\/www.paciepagliarigruppo.it\/fr\/wp-json\/wp\/v2\/media?parent=12436"}],"curies":[{"name":"wp","href":"https:\/\/api.w.org\/{rel}","templated":true}]}}