{"id":12417,"date":"2019-06-28T11:51:21","date_gmt":"2019-06-28T09:51:21","guid":{"rendered":"https:\/\/www.paciepagliarigruppo.it\/privacy-policy\/"},"modified":"2023-03-16T16:21:55","modified_gmt":"2023-03-16T15:21:55","slug":"politique-de-confidentialite","status":"publish","type":"page","link":"https:\/\/www.paciepagliarigruppo.it\/fr\/politique-de-confidentialite\/","title":{"rendered":"Politique de confindentialit\u00e9"},"content":{"rendered":"\n\t<section class=\"section\" id=\"section_798371280\">\n\t\t<div class=\"section-bg fill\" >\n\t\t\t\t\t\t\t\t\t\n\t\t\t\n\n\t\t<\/div>\n\n\t\t\n\n\t\t<div class=\"section-content relative\">\n\t\t\t\n<div class=\"row\"  id=\"row-688486149\">\n\n\t<div id=\"col-1773867975\" class=\"col small-12 large-12\"  >\n\t\t\t\t<div class=\"col-inner\"  >\n\t\t\t\n\t\t\t\n<div class=\"main-content col-lg-9 col-md-8 col-sm-8 col-xs-12\">\n<div class=\"page-main-content\">\n<div class=\"vc_row wpb_row vc_row-fluid\">\n<div class=\"wpb_column vc_column_container vc_col-sm-12\">\n<div class=\"vc_column-inner\">\n<div class=\"wpb_wrapper\">\n<div class=\"wpb_text_column wpb_content_element \">\n<div class=\"wpb_wrapper\">\n<h2>POLITIQUE DE CONFIDENTIALIT\u00c9<\/h2>\n<p>Cette page d\u00e9crit les modes de gestion du site en r\u00e9f\u00e9rence au traitement des donn\u00e9es personnelles des utilisateurs qui le consultent.<\/p>\n<p>Ces informations sont \u00e9galement fournies conform\u00e9ment \u00e0 l\u2019art. 13 du RGPD italien 679\/2016 \u00e0 ceux qui interagissent avec les services Internet PACI E PAGLIARI, accessibles par voie t\u00e9l\u00e9matique \u00e0 partir de l\u2019adresse :<br \/><a href=\"https:\/\/paciepagliari.mcgroup.it\/&quot;https:\/\/www.paciepagliarigruppo.it\/\/&quot;\">https:\/\/www.paciepagliarigruppo.it\/<\/a> correspondant \u00e0 la page d\u2019accueil du site.<\/p>\n<p>Les informations ne sont fournies que pour le site paciepagliarigruppo.it, et non pour d\u2019autres sites Internet pouvant \u00e9ventuellement \u00eatre consult\u00e9s par l\u2019utilisateur par l\u2019interm\u00e9diaire de liens.<\/p>\n<p>Les informations s\u2019inspirent \u00e9galement de la Recommandation n\u00b0 2\/2001 que les autorit\u00e9s europ\u00e9ennes pour la protection des donn\u00e9es personnelles, r\u00e9unies dans le Groupe institu\u00e9 par l\u2019art. 29 de la directive n\u00b0 95\/46\/CE, ont adopt\u00e9 le 17 mai 2001 afin d\u2019identifier certaines exigences minimales pour la collecte de donn\u00e9es personnelles en ligne, et, en particulier, les modes, les d\u00e9lais et la nature des informations que les titulaires du traitement doivent fournir aux utilisateurs lorsqu\u2019ils se connectent aux pages Internet, quel que soit le but de la connexion.<\/p>\n<p>LE \u00ab\u00a0TITULAIRE\u00a0\u00bb DU TRAITEMENT<\/p>\n<p>Suite \u00e0 la consultation de ce site, des donn\u00e9es relatives \u00e0 des personnes identifi\u00e9es ou identifiables peuvent \u00eatre trait\u00e9es.<br \/>Le \u00ab\u00a0titulaire\u00a0\u00bb de leur traitement est le repr\u00e9sentant l\u00e9gal de la soci\u00e9t\u00e9 Paci e Pagliari Gruppo.<\/p>\n<p>LIEU DE TRAITEMENT DES DONN\u00c9ES<\/p>\n<p>Les traitements li\u00e9s aux services Internet de ce site ont lieu au si\u00e8ge susmentionn\u00e9, Via Turlo, 5 \u2013 61024 \u2013 Mombaroccio (PU), et ne sont effectu\u00e9s que par le personnel technique du Bureau charg\u00e9 du traitement, ou par d\u2019\u00e9ventuels pr\u00e9pos\u00e9s \u00e0 des op\u00e9rations occasionnelles d\u2019entretien.<br \/>Aucune donn\u00e9e d\u00e9rivant du service Internet n\u2019est communiqu\u00e9e ou diffus\u00e9e.<br \/>Les donn\u00e9es personnelles fournies par les utilisateurs qui demandent l\u2019envoi de mat\u00e9riel informatif, ou pour la publication d\u2019annonces, ne sont utilis\u00e9es que pour ex\u00e9cuter le service ou la prestation demand\u00e9e et ne sont communiqu\u00e9es \u00e0 des tiers que si cela est n\u00e9cessaire \u00e0 cette fin.<\/p>\n<p>TYPES DE DONN\u00c9ES TRAIT\u00c9ES<br \/>Donn\u00e9es de navigation<\/p>\n<p>Les syst\u00e8mes informatiques et les proc\u00e9dures logicielles utilis\u00e9es pour faire fonctionner ce site Internet acqui\u00e8rent, au cours de leur fonctionnement normal, certaines donn\u00e9es personnelles dont la transmission est implicite dans l\u2019utilisation des protocoles de communication Internet.<br \/>Il s\u2019agit d\u2019informations qui ne sont pas collect\u00e9es pour \u00eatre associ\u00e9es \u00e0 des personnes identifi\u00e9es, mais qui, de par leur nature m\u00eame, pourraient, par le biais d\u2019\u00e9laborations et d\u2019associations avec des donn\u00e9es d\u00e9tenues par des tiers, permettre d\u2019identifier les utilisateurs.<\/p>\n<p>Cette cat\u00e9gorie de donn\u00e9es comprend les adresses IP ou les noms de domaine des ordinateurs utilis\u00e9s par les utilisateurs qui se connectent au site, les adresses en notation URI (Uniform Resource Identifier) \u200b\u200b\u200b\u200bdes ressources demand\u00e9es, l\u2019heure de la demande, la m\u00e9thode utilis\u00e9e pour soumettre la demande au serveur, la taille du fichier obtenu en r\u00e9ponse, le code num\u00e9rique indiquant l\u2019\u00e9tat de la r\u00e9ponse donn\u00e9e par le serveur (succ\u00e8s, erreur, etc.) et d\u2019autres param\u00e8tres relatifs au syst\u00e8me d\u2019exploitation et \u00e0 l\u2019environnement informatique de l\u2019utilisateur.<br \/>Ces donn\u00e9es sont utilis\u00e9es dans le seul but d\u2019obtenir des informations statistiques anonymes sur l\u2019utilisation du site et de v\u00e9rifier son bon fonctionnement et sont \u00e9limin\u00e9es imm\u00e9diatement apr\u00e8s le traitement. Les donn\u00e9es pourraient \u00eatre utilis\u00e9es pour d\u00e9terminer la responsabilit\u00e9 en cas de d\u00e9lits informatiques hypoth\u00e9tiques contre le site : \u00e0 l\u2019exception de cette \u00e9ventualit\u00e9, les donn\u00e9es sur les contacts Internet ne sont actuellement pas conserv\u00e9es plus de trois jours.<br \/>Donn\u00e9es fournies volontairement par l\u2019utilisateur<\/p>\n<p>L\u2019envoi facultatif, explicite et volontaire d\u2019e-mails aux adresses indiqu\u00e9es sur ce site implique l\u2019acquisition ult\u00e9rieure de l\u2019adresse de l\u2019exp\u00e9diteur, n\u00e9cessaire pour r\u00e9pondre aux demandes, ainsi que de toute autre donn\u00e9e personnelle incluse dans le message.<br \/>Des informations sp\u00e9cifiques de synth\u00e8se seront progressivement rapport\u00e9es ou affich\u00e9es sur les pages du site am\u00e9nag\u00e9es pour des services particuliers sur simple demande.<\/p>\n<p>MISE \u00c0 DISPOSITION FACULTATIVE DES DONN\u00c9ES<\/p>\n<p>En dehors des pr\u00e9cisions concernant les donn\u00e9es de navigation, l\u2019utilisateur est libre de fournir les donn\u00e9es personnelles contenues dans les formulaires de demande du site ou quoi qu\u2019il en soit indiqu\u00e9es dans la session contacts.<br \/>Le d\u00e9faut de fournir ces donn\u00e9es peut rendre impossible l\u2019obtention de ce qui a \u00e9t\u00e9 demand\u00e9.<\/p>\n<p>MODES DU TRAITEMENT<\/p>\n<p>Les donn\u00e9es personnelles sont trait\u00e9es avec des outils automatis\u00e9s et papier pendant la dur\u00e9e strictement n\u00e9cessaire \u00e0 la r\u00e9alisation des finalit\u00e9s pour lesquelles elles ont \u00e9t\u00e9 collect\u00e9es.<br \/>Des mesures de s\u00e9curit\u00e9 sp\u00e9cifiques sont observ\u00e9es pour pr\u00e9venir la perte de donn\u00e9es, les utilisations illicites ou incorrectes et les acc\u00e8s non autoris\u00e9s, mieux pr\u00e9cis\u00e9s dans le registre des traitements.<\/p>\n<p>DROITS DES PERSONNES CONCERN\u00c9ES<\/p>\n<p>Les personnes auxquelles se r\u00e9f\u00e8rent les donn\u00e9es personnelles ont \u00e0 tout moment le droit d\u2019acc\u00e9der, de rectifier, de supprimer, de limiter, de s\u2019opposer au traitement, ainsi que la possibilit\u00e9 de r\u00e9voquer le consentement \u00e0 tout moment sans pr\u00e9judice de la lic\u00e9it\u00e9 du traitement et de d\u00e9poser une plainte aupr\u00e8s de l\u2019Autorit\u00e9 conform\u00e9ment aux dispositions des articles de 15 \u00e0 22 du RGPD italien 679\/2016, en adressant la demande correspondante au titulaire du traitement.<br \/>Les demandes doivent \u00eatre adress\u00e9es \u00e0 <a href=\"https:\/\/paciepagliari.mcgroup.it\/&quot;mailto:info@paciepagliarigruppo.it\/&quot;\">info@paciepagliarigruppo.it<\/a><\/p>\n<\/div>\n<\/div>\n<\/div>\n<\/div>\n<\/div>\n<\/div>\n<\/div>\n<\/div>\n\t\t<\/div>\n\t\t\t\t\t<\/div>\n\n\t\n<\/div>\n\t\t<\/div>\n\n\t\t\n<style>\n#section_798371280 {\n  padding-top: 0px;\n  padding-bottom: 0px;\n}\n<\/style>\n\t<\/section>\n\t\n","protected":false},"excerpt":{"rendered":"","protected":false},"author":6,"featured_media":0,"parent":0,"menu_order":0,"comment_status":"closed","ping_status":"open","template":"page-blank.php","meta":{"_acf_changed":false,"footnotes":""},"class_list":["post-12417","page","type-page","status-publish","hentry"],"acf":[],"yoast_head":"<!-- This site is optimized with the Yoast SEO plugin v27.4 - https:\/\/yoast.com\/product\/yoast-seo-wordpress\/ -->\n<title>Politique de confindentialit\u00e9 - paci e pagliari - Production de luzerne et de fourrage<\/title>\n<meta name=\"robots\" content=\"index, nofollow, max-snippet:-1, max-image-preview:large, max-video-preview:-1\" \/>\n<link rel=\"canonical\" href=\"https:\/\/www.paciepagliarigruppo.it\/fr\/politique-de-confidentialite\/\" \/>\n<meta property=\"og:locale\" content=\"fr_FR\" \/>\n<meta property=\"og:type\" content=\"article\" \/>\n<meta property=\"og:title\" content=\"Politique de confindentialit\u00e9 - paci e pagliari - Production de luzerne et de fourrage\" \/>\n<meta property=\"og:url\" content=\"https:\/\/www.paciepagliarigruppo.it\/fr\/politique-de-confidentialite\/\" \/>\n<meta property=\"og:site_name\" content=\"paci e pagliari - Production de luzerne et de fourrage\" \/>\n<meta property=\"article:modified_time\" content=\"2023-03-16T15:21:55+00:00\" \/>\n<meta name=\"twitter:card\" content=\"summary_large_image\" \/>\n<meta name=\"twitter:label1\" content=\"Dur\u00e9e de lecture estim\u00e9e\" \/>\n\t<meta name=\"twitter:data1\" content=\"5 minutes\" \/>\n<script type=\"application\/ld+json\" class=\"yoast-schema-graph\">{\"@context\":\"https:\\\/\\\/schema.org\",\"@graph\":[{\"@type\":\"WebPage\",\"@id\":\"https:\\\/\\\/www.paciepagliarigruppo.it\\\/fr\\\/politique-de-confidentialite\\\/\",\"url\":\"https:\\\/\\\/www.paciepagliarigruppo.it\\\/fr\\\/politique-de-confidentialite\\\/\",\"name\":\"Politique de confindentialit\u00e9 - paci e pagliari - Production de luzerne et de fourrage\",\"isPartOf\":{\"@id\":\"https:\\\/\\\/www.paciepagliarigruppo.it\\\/fr\\\/#website\"},\"datePublished\":\"2019-06-28T09:51:21+00:00\",\"dateModified\":\"2023-03-16T15:21:55+00:00\",\"breadcrumb\":{\"@id\":\"https:\\\/\\\/www.paciepagliarigruppo.it\\\/fr\\\/politique-de-confidentialite\\\/#breadcrumb\"},\"inLanguage\":\"fr-FR\",\"potentialAction\":[{\"@type\":\"ReadAction\",\"target\":[\"https:\\\/\\\/www.paciepagliarigruppo.it\\\/fr\\\/politique-de-confidentialite\\\/\"]}]},{\"@type\":\"BreadcrumbList\",\"@id\":\"https:\\\/\\\/www.paciepagliarigruppo.it\\\/fr\\\/politique-de-confidentialite\\\/#breadcrumb\",\"itemListElement\":[{\"@type\":\"ListItem\",\"position\":1,\"name\":\"Home\",\"item\":\"https:\\\/\\\/www.paciepagliarigruppo.it\\\/fr\\\/\"},{\"@type\":\"ListItem\",\"position\":2,\"name\":\"Politique de confindentialit\u00e9\"}]},{\"@type\":\"WebSite\",\"@id\":\"https:\\\/\\\/www.paciepagliarigruppo.it\\\/fr\\\/#website\",\"url\":\"https:\\\/\\\/www.paciepagliarigruppo.it\\\/fr\\\/\",\"name\":\"Paci & Pagliari\",\"description\":\"Produzione erba medica e foraggi\",\"potentialAction\":[{\"@type\":\"SearchAction\",\"target\":{\"@type\":\"EntryPoint\",\"urlTemplate\":\"https:\\\/\\\/www.paciepagliarigruppo.it\\\/fr\\\/?s={search_term_string}\"},\"query-input\":{\"@type\":\"PropertyValueSpecification\",\"valueRequired\":true,\"valueName\":\"search_term_string\"}}],\"inLanguage\":\"fr-FR\"}]}<\/script>\n<!-- \/ Yoast SEO plugin. -->","yoast_head_json":{"title":"Politique de confindentialit\u00e9 - paci e pagliari - Production de luzerne et de fourrage","robots":{"index":"index","follow":"nofollow","max-snippet":"max-snippet:-1","max-image-preview":"max-image-preview:large","max-video-preview":"max-video-preview:-1"},"canonical":"https:\/\/www.paciepagliarigruppo.it\/fr\/politique-de-confidentialite\/","og_locale":"fr_FR","og_type":"article","og_title":"Politique de confindentialit\u00e9 - paci e pagliari - Production de luzerne et de fourrage","og_url":"https:\/\/www.paciepagliarigruppo.it\/fr\/politique-de-confidentialite\/","og_site_name":"paci e pagliari - Production de luzerne et de fourrage","article_modified_time":"2023-03-16T15:21:55+00:00","twitter_card":"summary_large_image","twitter_misc":{"Dur\u00e9e de lecture estim\u00e9e":"5 minutes"},"schema":{"@context":"https:\/\/schema.org","@graph":[{"@type":"WebPage","@id":"https:\/\/www.paciepagliarigruppo.it\/fr\/politique-de-confidentialite\/","url":"https:\/\/www.paciepagliarigruppo.it\/fr\/politique-de-confidentialite\/","name":"Politique de confindentialit\u00e9 - paci e pagliari - Production de luzerne et de fourrage","isPartOf":{"@id":"https:\/\/www.paciepagliarigruppo.it\/fr\/#website"},"datePublished":"2019-06-28T09:51:21+00:00","dateModified":"2023-03-16T15:21:55+00:00","breadcrumb":{"@id":"https:\/\/www.paciepagliarigruppo.it\/fr\/politique-de-confidentialite\/#breadcrumb"},"inLanguage":"fr-FR","potentialAction":[{"@type":"ReadAction","target":["https:\/\/www.paciepagliarigruppo.it\/fr\/politique-de-confidentialite\/"]}]},{"@type":"BreadcrumbList","@id":"https:\/\/www.paciepagliarigruppo.it\/fr\/politique-de-confidentialite\/#breadcrumb","itemListElement":[{"@type":"ListItem","position":1,"name":"Home","item":"https:\/\/www.paciepagliarigruppo.it\/fr\/"},{"@type":"ListItem","position":2,"name":"Politique de confindentialit\u00e9"}]},{"@type":"WebSite","@id":"https:\/\/www.paciepagliarigruppo.it\/fr\/#website","url":"https:\/\/www.paciepagliarigruppo.it\/fr\/","name":"Paci & Pagliari","description":"Produzione erba medica e foraggi","potentialAction":[{"@type":"SearchAction","target":{"@type":"EntryPoint","urlTemplate":"https:\/\/www.paciepagliarigruppo.it\/fr\/?s={search_term_string}"},"query-input":{"@type":"PropertyValueSpecification","valueRequired":true,"valueName":"search_term_string"}}],"inLanguage":"fr-FR"}]}},"_links":{"self":[{"href":"https:\/\/www.paciepagliarigruppo.it\/fr\/wp-json\/wp\/v2\/pages\/12417","targetHints":{"allow":["GET"]}}],"collection":[{"href":"https:\/\/www.paciepagliarigruppo.it\/fr\/wp-json\/wp\/v2\/pages"}],"about":[{"href":"https:\/\/www.paciepagliarigruppo.it\/fr\/wp-json\/wp\/v2\/types\/page"}],"author":[{"embeddable":true,"href":"https:\/\/www.paciepagliarigruppo.it\/fr\/wp-json\/wp\/v2\/users\/6"}],"replies":[{"embeddable":true,"href":"https:\/\/www.paciepagliarigruppo.it\/fr\/wp-json\/wp\/v2\/comments?post=12417"}],"version-history":[{"count":3,"href":"https:\/\/www.paciepagliarigruppo.it\/fr\/wp-json\/wp\/v2\/pages\/12417\/revisions"}],"predecessor-version":[{"id":12431,"href":"https:\/\/www.paciepagliarigruppo.it\/fr\/wp-json\/wp\/v2\/pages\/12417\/revisions\/12431"}],"wp:attachment":[{"href":"https:\/\/www.paciepagliarigruppo.it\/fr\/wp-json\/wp\/v2\/media?parent=12417"}],"curies":[{"name":"wp","href":"https:\/\/api.w.org\/{rel}","templated":true}]}}