{"id":12345,"date":"2019-07-18T10:32:24","date_gmt":"2019-07-18T08:32:24","guid":{"rendered":"https:\/\/www.paciepagliarigruppo.it\/la-produzione\/"},"modified":"2026-03-24T16:45:55","modified_gmt":"2026-03-24T15:45:55","slug":"approvisionnement","status":"publish","type":"page","link":"https:\/\/www.paciepagliarigruppo.it\/fr\/approvisionnement\/","title":{"rendered":"Fili\u00e8re"},"content":{"rendered":"\n\t<section class=\"section\" id=\"section_1664957501\">\n\t\t<div class=\"section-bg fill\" >\n\t\t\t\t\t\t\t\t\t\n\t\t\t\n\n\t\t<\/div>\n\n\t\t\n\n\t\t<div class=\"section-content relative\">\n\t\t\t\n<div class=\"row\"  id=\"row-499064700\">\n\n\t<div id=\"col-351111612\" class=\"col small-12 large-12\"  >\n\t\t\t\t<div class=\"col-inner\"  >\n\t\t\t\n\t\t\t\n\t<div id=\"gap-1103662946\" class=\"gap-element clearfix\" style=\"display:block; height:auto;\">\n\t\t\n<style>\n#gap-1103662946 {\n  padding-top: 30px;\n}\n<\/style>\n\t<\/div>\n\t\n<p><a href=\"https:\/\/www.paciepagliarigruppo.it\/fr\/\">HOME<\/a> | La cha\u00eene d\u2019approvisionnement\u00a0: de la terre au consommateur<\/p>\n\t\t<\/div>\n\t\t\t\t\n<style>\n#col-351111612 > .col-inner {\n  margin: 0px 0px -30px 0px;\n}\n<\/style>\n\t<\/div>\n\n\t\n<\/div>\n\t\t<\/div>\n\n\t\t\n<style>\n#section_1664957501 {\n  padding-top: 0px;\n  padding-bottom: 0px;\n}\n<\/style>\n\t<\/section>\n\t\n\n\t<section class=\"section dark\" id=\"section_825714138\">\n\t\t<div class=\"section-bg fill\" >\n\t\t\t\t\t\t\t\t\t\n\t\t\t\n\n\t\t<\/div>\n\n\t\t\n\n\t\t<div class=\"section-content relative\">\n\t\t\t\n<div class=\"row align-middle align-center\"  id=\"row-1811247995\">\n\n\t<div id=\"col-681504039\" class=\"col small-12 large-12\"  >\n\t\t\t\t<div class=\"col-inner\"  >\n\t\t\t\n\t\t\t\n\t<div id=\"gap-306138122\" class=\"gap-element clearfix\" style=\"display:block; height:auto;\">\n\t\t\n<style>\n#gap-306138122 {\n  padding-top: 80px;\n}\n<\/style>\n\t<\/div>\n\t\n\t\t<\/div>\n\t\t\t\t\t<\/div>\n\n\t\n\n\t<div id=\"col-1644550689\" class=\"col medium-6 small-12 large-6\"  >\n\t\t\t\t<div class=\"col-inner\"  >\n\t\t\t\n\t\t\t\n\t<div id=\"text-2053517243\" class=\"text\">\n\t\t\n<h2 class=\"uppercase thin-font\">La cha\u00eene <br \/>d\u2019approvisionnement\u00a0: de la terre au consommateur<br \/>\u00e9conomie circulaire<\/h2>\n<p>Gr\u00e2ce \u00e0 la sensibilit\u00e9 croissante envers le secteur des \u00e9nergies renouvelables, diff\u00e9rentes initiatives li\u00e9es \u00e0 la production d&rsquo;\u00e9nergie verte ont vu le jour ces derni\u00e8res ann\u00e9es. Le Groupe a construit 4 installations de biogaz pour la production d&rsquo;\u00e9nergie \u00e9lectrique et thermique ainsi qu&rsquo;un excellent engrais organique. Au fil des ans, il a \u00e9galement investi dans l&rsquo;\u00e9nergie photovolta\u00efque, en construisant 8 installations. Avec le fonctionnement des installations \u00e9cologiques susmentionn\u00e9es, le r\u00e9sultat est atteint\u00a0: de l&rsquo;\u00e9nergie provenant exclusivement de sources renouvelables autoproduites.<\/p>\n<p id=\"ettari\">\n\t\t\n<style>\n#text-2053517243 {\n  text-align: left;\n}\n<\/style>\n\t<\/div>\n\t\n\t\t<\/div>\n\t\t\t\t\t<\/div>\n\n\t\n\n\t<div id=\"col-1227123338\" class=\"col medium-6 small-12 large-6\"  >\n\t\t\t\t<div class=\"col-inner\"  >\n\t\t\t\n\t\t\t\n<div class=\"video video-fit mb\" style=\"padding-top:56.25%;\"><p><iframe loading=\"lazy\" title=\"Paci &amp; Pagliari\" width=\"1020\" height=\"574\" src=\"https:\/\/www.youtube.com\/embed\/x5Hvz-sr94o?feature=oembed\" frameborder=\"0\" allow=\"accelerometer; autoplay; clipboard-write; encrypted-media; gyroscope; picture-in-picture; web-share\" allowfullscreen><\/iframe><\/p>\n<\/div>\n\t\t<\/div>\n\t\t\t\t\t<\/div>\n\n\t\n\n\t<div id=\"col-720941185\" class=\"col small-12 large-12\"  >\n\t\t\t\t<div class=\"col-inner\"  >\n\t\t\t\n\t\t\t\n\t<div id=\"gap-512833440\" class=\"gap-element clearfix\" style=\"display:block; height:auto;\">\n\t\t\n<style>\n#gap-512833440 {\n  padding-top: 80px;\n}\n<\/style>\n\t<\/div>\n\t\n\t\t<\/div>\n\t\t\t\t\t<\/div>\n\n\t\n<\/div>\n\t\t<\/div>\n\n\t\t\n<style>\n#section_825714138 {\n  padding-top: 0px;\n  padding-bottom: 0px;\n  background-color: #009f5f;\n}\n<\/style>\n\t<\/section>\n\t\n\n\t<section class=\"section\" id=\"section_963199382\">\n\t\t<div class=\"section-bg fill\" >\n\t\t\t\t\t\t\t\t\t\n\t\t\t\n\n\t\t<\/div>\n\n\t\t\n\n\t\t<div class=\"section-content relative\">\n\t\t\t\n\n  <div class=\"banner has-hover\" id=\"banner-316423391\">\n          <div class=\"banner-inner fill\">\n        <div class=\"banner-bg fill\" >\n            <img loading=\"lazy\" decoding=\"async\" width=\"2560\" height=\"1705\" src=\"https:\/\/www.paciepagliarigruppo.it\/wp-content\/uploads\/2022\/07\/Trattore-scaled.jpeg\" class=\"bg attachment-original size-original\" alt=\"\" \/>                        <div class=\"overlay\"><\/div>            \n                    <\/div>\n\t\t\n        <div class=\"banner-layers container\">\n            <div class=\"fill banner-link\"><\/div>            \n   <div id=\"text-box-409993719\" class=\"text-box banner-layer x10 md-x5 lg-x5 y10 md-y10 lg-y50 res-text\">\n                                <div class=\"text-box-content text dark\">\n              \n              <div class=\"text-inner text-center\">\n                  \n\t<div id=\"text-1474258754\" class=\"text\">\n\t\t\n<h3>6500 hectares de terres<\/h3>\n<p>Gr\u00e2ce \u00e0 la gestion de produits issus du traitement de plus de 6500 hectares de terres, nous garantissons un contr\u00f4le pendant chaque phase : de la pr\u00e9paration du sol au semis, et de la croissance \u00e0 la r\u00e9colte du produit.<\/p>\n<p id=\"rispetto\">\n\t\t\n<style>\n#text-1474258754 {\n  font-size: 1rem;\n  text-align: left;\n}\n<\/style>\n\t<\/div>\n\t\n              <\/div>\n           <\/div>\n                            \n<style>\n#text-box-409993719 {\n  width: 67%;\n}\n#text-box-409993719 .text-box-content {\n  font-size: 100%;\n}\n@media (min-width:550px) {\n  #text-box-409993719 {\n    width: 42%;\n  }\n}\n@media (min-width:850px) {\n  #text-box-409993719 {\n    width: 47%;\n  }\n}\n<\/style>\n    <\/div>\n \n        <\/div>\n      <\/div>\n\n            \n<style>\n#banner-316423391 {\n  padding-top: 600px;\n}\n#banner-316423391 .overlay {\n  background-color: rgba(0, 0, 0, 0.343);\n}\n<\/style>\n  <\/div>\n\n\n\t\t<\/div>\n\n\t\t\n<style>\n#section_963199382 {\n  padding-top: 0px;\n  padding-bottom: 0px;\n}\n<\/style>\n\t<\/section>\n\t\n\n\t<section class=\"section\" id=\"section_1871584471\">\n\t\t<div class=\"section-bg fill\" >\n\t\t\t\t\t\t\t\t\t\n\t\t\t\n\n\t\t<\/div>\n\n\t\t\n\n\t\t<div class=\"section-content relative\">\n\t\t\t\n\n  <div class=\"banner has-hover\" id=\"banner-995380365\">\n          <div class=\"banner-inner fill\">\n        <div class=\"banner-bg fill\" >\n            <img loading=\"lazy\" decoding=\"async\" width=\"1600\" height=\"575\" src=\"https:\/\/www.paciepagliarigruppo.it\/wp-content\/uploads\/2022\/07\/WhatsApp-Image-2022-07-12-at-10.59.36.jpeg\" class=\"bg attachment-original size-original\" alt=\"\" \/>                        <div class=\"overlay\"><\/div>            \n                    <\/div>\n\t\t\n        <div class=\"banner-layers container\">\n            <div class=\"fill banner-link\"><\/div>            \n   <div id=\"text-box-301873226\" class=\"text-box banner-layer x90 md-x95 lg-x95 y5 md-y50 lg-y50 res-text\">\n                                <div class=\"text-box-content text dark\">\n              \n              <div class=\"text-inner text-center\">\n                  \n\t<div id=\"text-845631950\" class=\"text\">\n\t\t\n<h3>Respect de l\u2019environnement<\/h3>\n<p>L&rsquo;important engagement du Groupe est pr\u00e9sent tout au long de la cha\u00eene d&rsquo;approvisionnement. Nos terres ne sont cultiv\u00e9es qu&rsquo;avec des engrais organiques provenant de nos installations de biogaz.<\/p>\n<p id=\"fasi\">\n\t\t\n<style>\n#text-845631950 {\n  font-size: 1rem;\n  text-align: left;\n}\n<\/style>\n\t<\/div>\n\t\n              <\/div>\n           <\/div>\n                            \n<style>\n#text-box-301873226 {\n  width: 62%;\n}\n#text-box-301873226 .text-box-content {\n  font-size: 100%;\n}\n@media (min-width:550px) {\n  #text-box-301873226 {\n    width: 40%;\n  }\n}\n@media (min-width:850px) {\n  #text-box-301873226 {\n    width: 47%;\n  }\n}\n<\/style>\n    <\/div>\n \n        <\/div>\n      <\/div>\n\n            \n<style>\n#banner-995380365 {\n  padding-top: 600px;\n}\n#banner-995380365 .overlay {\n  background-color: rgba(0, 0, 0, 0.343);\n}\n<\/style>\n  <\/div>\n\n\n\t\t<\/div>\n\n\t\t\n<style>\n#section_1871584471 {\n  padding-top: 0px;\n  padding-bottom: 0px;\n}\n<\/style>\n\t<\/section>\n\t\n\n\t<section class=\"section\" id=\"section_1909174948\">\n\t\t<div class=\"section-bg fill\" >\n\t\t\t\t\t\t\t\t\t\n\t\t\t\n\n\t\t<\/div>\n\n\t\t\n\n\t\t<div class=\"section-content relative\">\n\t\t\t\n\n  <div class=\"banner has-hover\" id=\"banner-1132892055\">\n          <div class=\"banner-inner fill\">\n        <div class=\"banner-bg fill\" >\n            <img loading=\"lazy\" decoding=\"async\" width=\"1976\" height=\"789\" src=\"https:\/\/www.paciepagliarigruppo.it\/wp-content\/uploads\/2022\/09\/3comrp.png\" class=\"bg attachment-original size-original\" alt=\"\" \/>                        <div class=\"overlay\"><\/div>            \n                    <\/div>\n\t\t\n        <div class=\"banner-layers container\">\n            <div class=\"fill banner-link\"><\/div>            \n   <div id=\"text-box-553028929\" class=\"text-box banner-layer x10 md-x5 lg-x5 y5 md-y50 lg-y50 res-text\">\n                                <div class=\"text-box-content text dark\">\n              \n              <div class=\"text-inner text-center\">\n                  \n\t<div id=\"text-1765576496\" class=\"text\">\n\t\t\n<h3>Phases de traitement<\/h3>\n<p>Toutes les phases de traitement utilisent de l&rsquo;\u00e9nergie propre produite par nos installations \u00e9cologiques. Un contr\u00f4le constant et minutieux est effectu\u00e9 pendant toutes les phases de production pour garantir un produit sain et de qualit\u00e9.<\/p>\n<p id=\"lab\">\n\t\t\n<style>\n#text-1765576496 {\n  font-size: 1rem;\n  text-align: left;\n}\n<\/style>\n\t<\/div>\n\t\n              <\/div>\n           <\/div>\n                            \n<style>\n#text-box-553028929 {\n  width: 64%;\n}\n#text-box-553028929 .text-box-content {\n  font-size: 100%;\n}\n@media (min-width:550px) {\n  #text-box-553028929 {\n    width: 42%;\n  }\n}\n@media (min-width:850px) {\n  #text-box-553028929 {\n    width: 47%;\n  }\n}\n<\/style>\n    <\/div>\n \n        <\/div>\n      <\/div>\n\n            \n<style>\n#banner-1132892055 {\n  padding-top: 600px;\n}\n#banner-1132892055 .overlay {\n  background-color: rgba(0, 0, 0, 0.343);\n}\n<\/style>\n  <\/div>\n\n\n\t\t<\/div>\n\n\t\t\n<style>\n#section_1909174948 {\n  padding-top: 0px;\n  padding-bottom: 0px;\n}\n<\/style>\n\t<\/section>\n\t\n\n\t<section class=\"section\" id=\"section_2036458771\">\n\t\t<div class=\"section-bg fill\" >\n\t\t\t\t\t\t\t\t\t\n\t\t\t\n\n\t\t<\/div>\n\n\t\t\n\n\t\t<div class=\"section-content relative\">\n\t\t\t\n\n  <div class=\"banner has-hover\" id=\"banner-613724800\">\n          <div class=\"banner-inner fill\">\n        <div class=\"banner-bg fill\" >\n            <img loading=\"lazy\" decoding=\"async\" width=\"2560\" height=\"1707\" src=\"https:\/\/www.paciepagliarigruppo.it\/wp-content\/uploads\/2022\/07\/Chirurgia-scaled.jpeg\" class=\"bg attachment-original size-original\" alt=\"\" \/>                        <div class=\"overlay\"><\/div>            \n                    <\/div>\n\t\t\n        <div class=\"banner-layers container\">\n            <div class=\"fill banner-link\"><\/div>            \n   <div id=\"text-box-1668533840\" class=\"text-box banner-layer x10 md-x5 lg-x5 y5 md-y5 lg-y50 res-text\">\n                                <div class=\"text-box-content text dark\">\n              \n              <div class=\"text-inner text-center\">\n                  \n\t<div id=\"text-1974336395\" class=\"text\">\n\t\t\n<h3>Laboratoire interne<\/h3>\n<p>Toutes les phases de traitement utilisent de l&rsquo;\u00e9nergie propre produite par nos installations \u00e9cologiques. Un contr\u00f4le constant et minutieux est effectu\u00e9 pendant toutes les phases de production pour garantir un produit sain et de qualit\u00e9.<\/p>\n<p id=\"export\">\n\t\t\n<style>\n#text-1974336395 {\n  font-size: 1rem;\n  text-align: left;\n}\n<\/style>\n\t<\/div>\n\t\n              <\/div>\n           <\/div>\n                            \n<style>\n#text-box-1668533840 {\n  width: 76%;\n}\n#text-box-1668533840 .text-box-content {\n  font-size: 100%;\n}\n@media (min-width:550px) {\n  #text-box-1668533840 {\n    width: 40%;\n  }\n}\n@media (min-width:850px) {\n  #text-box-1668533840 {\n    width: 33%;\n  }\n}\n<\/style>\n    <\/div>\n \n        <\/div>\n      <\/div>\n\n            \n<style>\n#banner-613724800 {\n  padding-top: 600px;\n}\n#banner-613724800 .overlay {\n  background-color: rgba(0, 0, 0, 0.343);\n}\n<\/style>\n  <\/div>\n\n\n\t\t<\/div>\n\n\t\t\n<style>\n#section_2036458771 {\n  padding-top: 0px;\n  padding-bottom: 0px;\n}\n<\/style>\n\t<\/section>\n\t\n\n\t<section class=\"section\" id=\"section_1594004015\">\n\t\t<div class=\"section-bg fill\" >\n\t\t\t\t\t\t\t\t\t\n\t\t\t\n\n\t\t<\/div>\n\n\t\t\n\n\t\t<div class=\"section-content relative\">\n\t\t\t\n\n  <div class=\"banner has-hover\" id=\"banner-118265952\">\n          <div class=\"banner-inner fill\">\n        <div class=\"banner-bg fill\" >\n            <img loading=\"lazy\" decoding=\"async\" width=\"2560\" height=\"1497\" src=\"https:\/\/www.paciepagliarigruppo.it\/wp-content\/uploads\/2022\/07\/Nave-scaled.jpeg\" class=\"bg attachment-original size-original\" alt=\"\" \/>                        <div class=\"overlay\"><\/div>            \n                    <\/div>\n\t\t\n        <div class=\"banner-layers container\">\n            <div class=\"fill banner-link\"><\/div>            \n   <div id=\"text-box-1997907100\" class=\"text-box banner-layer x10 md-x5 lg-x5 y5 md-y10 lg-y10 res-text\">\n                                <div class=\"text-box-content text dark\">\n              \n              <div class=\"text-inner text-center\">\n                  \n\t<div id=\"text-261079981\" class=\"text\">\n\t\t\n<h3>Exportation de qualit\u00e9<\/h3>\n\t\t\n<style>\n#text-261079981 {\n  font-size: 1rem;\n  text-align: left;\n}\n<\/style>\n\t<\/div>\n\t\n              <\/div>\n           <\/div>\n                            \n<style>\n#text-box-1997907100 {\n  width: 73%;\n}\n#text-box-1997907100 .text-box-content {\n  font-size: 100%;\n}\n@media (min-width:550px) {\n  #text-box-1997907100 {\n    width: 29%;\n  }\n}\n@media (min-width:850px) {\n  #text-box-1997907100 {\n    width: 43%;\n  }\n}\n<\/style>\n    <\/div>\n \n   <div id=\"text-box-426104928\" class=\"text-box banner-layer x10 md-x95 lg-x95 y15 md-y5 lg-y5 res-text\">\n                                <div class=\"text-box-content text dark\">\n              \n              <div class=\"text-inner text-center\">\n                  \n\t<div id=\"text-3231285789\" class=\"text\">\n\t\t\n<p>Outre le service de livraisons par camions en Italie et en Europe du Nord, gr\u00e2ce \u00e0 de nombreuses ann\u00e9es d&rsquo;exp\u00e9rience et \u00e0 la relation synergique avec les partenaires logistiques internationaux, nous sommes en mesure d&rsquo;effectuer des exp\u00e9ditions vers n&rsquo;importe quel pays du monde (par conteneurs ou bateaux \u00e0 location) en prenant en charge l&rsquo;ensemble du processus logistique et documentaire.<\/p>\n\t\t\n<style>\n#text-3231285789 {\n  font-size: 1rem;\n  text-align: left;\n}\n<\/style>\n\t<\/div>\n\t\n              <\/div>\n           <\/div>\n                            \n<style>\n#text-box-426104928 {\n  width: 70%;\n}\n#text-box-426104928 .text-box-content {\n  font-size: 100%;\n}\n@media (min-width:550px) {\n  #text-box-426104928 {\n    width: 41%;\n  }\n}\n@media (min-width:850px) {\n  #text-box-426104928 {\n    width: 43%;\n  }\n}\n<\/style>\n    <\/div>\n \n        <\/div>\n      <\/div>\n\n            \n<style>\n#banner-118265952 {\n  padding-top: 100%;\n}\n#banner-118265952 .overlay {\n  background-color: rgba(0, 0, 0, 0.343);\n}\n@media (min-width:550px) {\n  #banner-118265952 {\n    padding-top: 600px;\n  }\n}\n<\/style>\n  <\/div>\n\n\n\t\t<\/div>\n\n\t\t\n<style>\n#section_1594004015 {\n  padding-top: 0px;\n  padding-bottom: 0px;\n}\n<\/style>\n\t<\/section>\n\t\n","protected":false},"excerpt":{"rendered":"","protected":false},"author":6,"featured_media":0,"parent":0,"menu_order":0,"comment_status":"closed","ping_status":"closed","template":"page-blank.php","meta":{"_acf_changed":false,"footnotes":""},"class_list":["post-12345","page","type-page","status-publish","hentry"],"acf":[],"yoast_head":"<!-- This site is optimized with the Yoast SEO plugin v27.6 - https:\/\/yoast.com\/product\/yoast-seo-wordpress\/ -->\n<title>Fili\u00e8re - paci e pagliari - Production de luzerne et de fourrage<\/title>\n<meta name=\"robots\" content=\"index, follow, max-snippet:-1, max-image-preview:large, max-video-preview:-1\" \/>\n<link rel=\"canonical\" href=\"https:\/\/www.paciepagliarigruppo.it\/fr\/approvisionnement\/\" \/>\n<meta property=\"og:locale\" content=\"fr_FR\" \/>\n<meta property=\"og:type\" content=\"article\" \/>\n<meta property=\"og:title\" content=\"Fili\u00e8re - paci e pagliari - Production de luzerne et de fourrage\" \/>\n<meta property=\"og:url\" content=\"https:\/\/www.paciepagliarigruppo.it\/fr\/approvisionnement\/\" \/>\n<meta property=\"og:site_name\" content=\"paci e pagliari - Production de luzerne et de fourrage\" \/>\n<meta property=\"article:modified_time\" content=\"2026-03-24T15:45:55+00:00\" \/>\n<meta name=\"twitter:card\" content=\"summary_large_image\" \/>\n<meta name=\"twitter:label1\" content=\"Dur\u00e9e de lecture estim\u00e9e\" \/>\n\t<meta name=\"twitter:data1\" content=\"3 minutes\" \/>\n<script type=\"application\/ld+json\" class=\"yoast-schema-graph\">{\"@context\":\"https:\\\/\\\/schema.org\",\"@graph\":[{\"@type\":\"WebPage\",\"@id\":\"https:\\\/\\\/www.paciepagliarigruppo.it\\\/fr\\\/approvisionnement\\\/\",\"url\":\"https:\\\/\\\/www.paciepagliarigruppo.it\\\/fr\\\/approvisionnement\\\/\",\"name\":\"Fili\u00e8re - paci e pagliari - Production de luzerne et de fourrage\",\"isPartOf\":{\"@id\":\"https:\\\/\\\/www.paciepagliarigruppo.it\\\/fr\\\/#website\"},\"datePublished\":\"2019-07-18T08:32:24+00:00\",\"dateModified\":\"2026-03-24T15:45:55+00:00\",\"breadcrumb\":{\"@id\":\"https:\\\/\\\/www.paciepagliarigruppo.it\\\/fr\\\/approvisionnement\\\/#breadcrumb\"},\"inLanguage\":\"fr-FR\",\"potentialAction\":[{\"@type\":\"ReadAction\",\"target\":[\"https:\\\/\\\/www.paciepagliarigruppo.it\\\/fr\\\/approvisionnement\\\/\"]}]},{\"@type\":\"BreadcrumbList\",\"@id\":\"https:\\\/\\\/www.paciepagliarigruppo.it\\\/fr\\\/approvisionnement\\\/#breadcrumb\",\"itemListElement\":[{\"@type\":\"ListItem\",\"position\":1,\"name\":\"Home\",\"item\":\"https:\\\/\\\/www.paciepagliarigruppo.it\\\/fr\\\/\"},{\"@type\":\"ListItem\",\"position\":2,\"name\":\"Fili\u00e8re\"}]},{\"@type\":\"WebSite\",\"@id\":\"https:\\\/\\\/www.paciepagliarigruppo.it\\\/fr\\\/#website\",\"url\":\"https:\\\/\\\/www.paciepagliarigruppo.it\\\/fr\\\/\",\"name\":\"Paci & Pagliari\",\"description\":\"Produzione erba medica e foraggi\",\"potentialAction\":[{\"@type\":\"SearchAction\",\"target\":{\"@type\":\"EntryPoint\",\"urlTemplate\":\"https:\\\/\\\/www.paciepagliarigruppo.it\\\/fr\\\/?s={search_term_string}\"},\"query-input\":{\"@type\":\"PropertyValueSpecification\",\"valueRequired\":true,\"valueName\":\"search_term_string\"}}],\"inLanguage\":\"fr-FR\"}]}<\/script>\n<!-- \/ Yoast SEO plugin. -->","yoast_head_json":{"title":"Fili\u00e8re - paci e pagliari - Production de luzerne et de fourrage","robots":{"index":"index","follow":"follow","max-snippet":"max-snippet:-1","max-image-preview":"max-image-preview:large","max-video-preview":"max-video-preview:-1"},"canonical":"https:\/\/www.paciepagliarigruppo.it\/fr\/approvisionnement\/","og_locale":"fr_FR","og_type":"article","og_title":"Fili\u00e8re - paci e pagliari - Production de luzerne et de fourrage","og_url":"https:\/\/www.paciepagliarigruppo.it\/fr\/approvisionnement\/","og_site_name":"paci e pagliari - Production de luzerne et de fourrage","article_modified_time":"2026-03-24T15:45:55+00:00","twitter_card":"summary_large_image","twitter_misc":{"Dur\u00e9e de lecture estim\u00e9e":"3 minutes"},"schema":{"@context":"https:\/\/schema.org","@graph":[{"@type":"WebPage","@id":"https:\/\/www.paciepagliarigruppo.it\/fr\/approvisionnement\/","url":"https:\/\/www.paciepagliarigruppo.it\/fr\/approvisionnement\/","name":"Fili\u00e8re - paci e pagliari - Production de luzerne et de fourrage","isPartOf":{"@id":"https:\/\/www.paciepagliarigruppo.it\/fr\/#website"},"datePublished":"2019-07-18T08:32:24+00:00","dateModified":"2026-03-24T15:45:55+00:00","breadcrumb":{"@id":"https:\/\/www.paciepagliarigruppo.it\/fr\/approvisionnement\/#breadcrumb"},"inLanguage":"fr-FR","potentialAction":[{"@type":"ReadAction","target":["https:\/\/www.paciepagliarigruppo.it\/fr\/approvisionnement\/"]}]},{"@type":"BreadcrumbList","@id":"https:\/\/www.paciepagliarigruppo.it\/fr\/approvisionnement\/#breadcrumb","itemListElement":[{"@type":"ListItem","position":1,"name":"Home","item":"https:\/\/www.paciepagliarigruppo.it\/fr\/"},{"@type":"ListItem","position":2,"name":"Fili\u00e8re"}]},{"@type":"WebSite","@id":"https:\/\/www.paciepagliarigruppo.it\/fr\/#website","url":"https:\/\/www.paciepagliarigruppo.it\/fr\/","name":"Paci & Pagliari","description":"Produzione erba medica e foraggi","potentialAction":[{"@type":"SearchAction","target":{"@type":"EntryPoint","urlTemplate":"https:\/\/www.paciepagliarigruppo.it\/fr\/?s={search_term_string}"},"query-input":{"@type":"PropertyValueSpecification","valueRequired":true,"valueName":"search_term_string"}}],"inLanguage":"fr-FR"}]}},"_links":{"self":[{"href":"https:\/\/www.paciepagliarigruppo.it\/fr\/wp-json\/wp\/v2\/pages\/12345","targetHints":{"allow":["GET"]}}],"collection":[{"href":"https:\/\/www.paciepagliarigruppo.it\/fr\/wp-json\/wp\/v2\/pages"}],"about":[{"href":"https:\/\/www.paciepagliarigruppo.it\/fr\/wp-json\/wp\/v2\/types\/page"}],"author":[{"embeddable":true,"href":"https:\/\/www.paciepagliarigruppo.it\/fr\/wp-json\/wp\/v2\/users\/6"}],"replies":[{"embeddable":true,"href":"https:\/\/www.paciepagliarigruppo.it\/fr\/wp-json\/wp\/v2\/comments?post=12345"}],"version-history":[{"count":11,"href":"https:\/\/www.paciepagliarigruppo.it\/fr\/wp-json\/wp\/v2\/pages\/12345\/revisions"}],"predecessor-version":[{"id":13599,"href":"https:\/\/www.paciepagliarigruppo.it\/fr\/wp-json\/wp\/v2\/pages\/12345\/revisions\/13599"}],"wp:attachment":[{"href":"https:\/\/www.paciepagliarigruppo.it\/fr\/wp-json\/wp\/v2\/media?parent=12345"}],"curies":[{"name":"wp","href":"https:\/\/api.w.org\/{rel}","templated":true}]}}