{"id":12312,"date":"2023-02-22T12:39:40","date_gmt":"2023-02-22T11:39:40","guid":{"rendered":"https:\/\/www.paciepagliarigruppo.it\/contatti\/"},"modified":"2024-03-04T16:18:55","modified_gmt":"2024-03-04T15:18:55","slug":"contacts","status":"publish","type":"page","link":"https:\/\/www.paciepagliarigruppo.it\/fr\/contacts\/","title":{"rendered":"Contacts"},"content":{"rendered":"\t<div id=\"text-3074663733\" class=\"text hidden\">\n\t\t\n[vc_row azirspares_custom_id=\u00a0\u00bbazirspares_custom_6368cc30bf5d6&Prime;][vc_column][vc_row_inner][vc_column_inner width=\u00a0\u00bb1\/4&Prime;][\/vc_column_inner][vc_column_inner width=\u00a0\u00bb1\/4&Prime;][vc_column_text azirspares_custom_id=\u00a0\u00bbazirspares_custom_6368cc30bf5d9&Prime;]\n<h3 style=\"color: #009f5f;\">Gruppo Paci &amp; Pagliari<\/h3>\n<p>SEDE LEGALE AMMINISTRATIVA<\/p>\n<p>Via Turlo, 5 &#8211; 61024 &#8211; Mombaroccio (PU) Tel: (+39) 0721 471361\/ 470005<\/p>\n<p><a href=\"mailto:info@paciepagliarigruppo.it\">inf<\/a><a href=\"mailto:info@paciepagliarigruppo.it\">o@paciepagliarigruppo.it<\/a>[\/vc_column_text][\/vc_column_inner][vc_column_inner width=\u00a0\u00bb1\/4&Prime;][vc_column_text azirspares_custom_id=\u00a0\u00bbazirspares_custom_6368cc30bf5da\u00a0\u00bb]\n<h3 style=\"color: #009f5f;\">SEDI PRODUTTIVE<\/h3>\n[\/vc_column_text][vc_column_text azirspares_custom_id=\u00a0\u00bbazirspares_custom_6368cc30bf5dc\u00a0\u00bb]Via Turlo, 5 &#8211; 61024 Mombaroccio (PU)<br \/>\nTel: (+39) 0721 471361\/ 470005<\/p>\n<p>Via dell\u2019Agricoltura, 9 Loc. Schieppe di Orciano 61038 &#8211; Terre Roveresche (PU)<br \/>\nTel: (+39) 0721 981989<\/p>\n<p>Via Ridol\ufb01na &#8211; Loc. Schieppe di Orciano (PU) 61038 &#8211; Terre Roveresche (PU)<br \/>\nTel: (+39) 0721 981989<\/p>\n<p>Via Ceresa, 17 &#8211; 41034 Finale Emilia Modena (MO)<br \/>\nTel: (+39) 0535 99454[\/vc_column_text][\/vc_column_inner][vc_column_inner width=\u00a0\u00bb1\/4&Prime;][\/vc_column_inner][\/vc_row_inner][\/vc_column][\/vc_row][vc_row full_width=\u00a0\u00bbstretch_row_content_no_spaces\u00a0\u00bb azirspares_custom_id=\u00a0\u00bbazirspares_custom_6368cc30bf5dd\u00a0\u00bb css=\u00a0\u00bb.vc_custom_1654787521996{margin-top: 3% !important;}\u00a0\u00bb][vc_column][vc_empty_space height=\u00a0\u00bb80px\u00a0\u00bb azirspares_custom_id=\u00a0\u00bbazirspares_custom_6368cc30bf5de\u00a0\u00bb][vc_gmaps link=\u00a0\u00bb#E-8_JTNDaWZyYW1lJTIwc3JjJTNEJTIyaHR0cHMlM0ElMkYlMkZ3d3cuZ29vZ2xlLmNvbSUyRm1hcHMlMkZlbWJlZCUzRnBiJTNEJTIxMW0xOCUyMTFtMTIlMjExbTMlMjExZDM1MTIuNjc0ODcwMzU1MjY4JTIxMmQxMi44NjYxMTExMzI2ODUxNjQlMjEzZDQzLjgxMTg5NTQ4MzM4Mzc0JTIxMm0zJTIxMWYwJTIxMmYwJTIxM2YwJTIxM20yJTIxMWkxMDI0JTIxMmk3NjglMjE0ZjEzLjElMjEzbTMlMjExbTIlMjExczB4MTMyZDAzMzdkZjMyMDcyZiUyNTNBMHgxNmFlZTI3NGRiYTI4ZTUzJTIxMnNHcnVwcG8lMjUyMFBhY2klMjUyMCUyNTI2JTI1MjBQYWdsaWFyaSUyMTVlMSUyMTNtMiUyMTFzaXQlMjEyc2l0JTIxNHYxNjYyOTc1NzI4NDY3JTIxNW0yJTIxMXNpdCUyMTJzaXQlMjIlMjB3aWR0aCUzRCUyMjYwMCUyMiUyMGhlaWdodCUzRCUyMjQ1MCUyMiUyMHN0eWxlJTNEJTIyYm9yZGVyJTNBMCUzQiUyMiUyMGFsbG93ZnVsbHNjcmVlbiUzRCUyMiUyMiUyMGxvYWRpbmclM0QlMjJsYXp5JTIyJTIwcmVmZXJyZXJwb2xpY3klM0QlMjJuby1yZWZlcnJlci13aGVuLWRvd25ncmFkZSUyMiUzRSUzQyUyRmlmcmFtZSUzRQ==\u00a0\u00bb hidden_markup=\u00a0\u00bb\u00a0\u00bb azirspares_custom_id=\u00a0\u00bbazirspares_custom_6368cc30bf5df\u00a0\u00bb][\/vc_column][\/vc_row][vc_row full_width=\u00a0\u00bbstretch_row_content_no_spaces\u00a0\u00bb azirspares_custom_id=\u00a0\u00bbazirspares_custom_6368cc30bf5e0&Prime; css=\u00a0\u00bb.vc_custom_1654787844650{background-color: #e8e9e1 !important;}\u00a0\u00bb el_class=\u00a0\u00bbsfum\u00a0\u00bb][vc_column][vc_row_inner][vc_column_inner width=\u00a0\u00bb1\/6&Prime;][\/vc_column_inner][vc_column_inner width=\u00a0\u00bb4\/6&Prime;][vc_column_text azirspares_custom_id=\u00a0\u00bbazirspares_custom_6368cc30bf5e1&Prime;]\n<p style=\"text-align: center;\">Per maggiori informazioni sui nostri prodotti o richieste particolari \u00e8 possibile contattare direttamente il nostro u\ufb03cio commerciale compilando l\u2019apposito modulo oppure telefonando ai numeri riportati in alto.<\/p>\n[\/vc_column_text][vc_empty_space height=\u00a0\u00bb30px\u00a0\u00bb azirspares_custom_id=\u00a0\u00bbazirspares_custom_6368cc30bf5e2&Prime;][vc_column_text azirspares_custom_id=\u00a0\u00bbazirspares_custom_6368cc30bf5e3&Prime;]\n<h5 class=\"title\" style=\"text-align: center; font-size: 30px; letter-spacing: 0.1em; font-weight: 500;\"><span style=\"color: #fff;\">RICHIEDI INFORMAZIONI<\/span><\/h5>\n[\/vc_column_text][vc_empty_space height=\u00a0\u00bb30px\u00a0\u00bb azirspares_custom_id=\u00a0\u00bbazirspares_custom_6368cc30bf5e4&Prime;]<p class=\"wpcf7-contact-form-not-found\"><strong>Erreur\u00a0:<\/strong> Formulaire de contact non trouv\u00e9\u00a0!<\/p>[vc_empty_space height=\u00a0\u00bb150px\u00a0\u00bb azirspares_custom_id=\u00a0\u00bbazirspares_custom_6368cc30bf5e6&Prime;][\/vc_column_inner][vc_column_inner width=\u00a0\u00bb1\/6&Prime;][\/vc_column_inner][\/vc_row_inner][\/vc_column][\/vc_row]\n\t\t\t<\/div>\n\t\n\n\t<section class=\"section\" id=\"section_918522593\">\n\t\t<div class=\"section-bg fill\" >\n\t\t\t\t\t\t\t\t\t\n\t\t\t\n\n\t\t<\/div>\n\n\t\t\n\n\t\t<div class=\"section-content relative\">\n\t\t\t\n\n  <div class=\"banner has-hover\" id=\"banner-2049425057\">\n          <div class=\"banner-inner fill\">\n        <div class=\"banner-bg fill\" >\n            <img loading=\"lazy\" decoding=\"async\" width=\"1980\" height=\"1113\" src=\"https:\/\/www.paciepagliarigruppo.it\/wp-content\/uploads\/2022\/06\/BUSINE1.jpg\" class=\"bg attachment-original size-original\" alt=\"\" \/>                        <div class=\"overlay\"><\/div>            \n                    <\/div>\n\t\t\n        <div class=\"banner-layers container\">\n            <div class=\"fill banner-link\"><\/div>            \n   <div id=\"text-box-2005313531\" class=\"text-box banner-layer x50 md-x50 lg-x50 y65 md-y65 lg-y70 res-text\">\n                                <div class=\"text-box-content text dark\">\n              \n              <div class=\"text-inner text-center\">\n                  \n\t<div id=\"text-1988420296\" class=\"text titolobanner\">\n\t\t\n<h1 class=\"uppercase\">Contacts<\/h1>\n\t\t\n<style>\n#text-1988420296 {\n  font-size: 0.75rem;\n  text-align: center;\n}\n<\/style>\n\t<\/div>\n\t\n              <\/div>\n           <\/div>\n                            \n<style>\n#text-box-2005313531 {\n  width: 76%;\n}\n#text-box-2005313531 .text-box-content {\n  font-size: 100%;\n}\n@media (min-width:550px) {\n  #text-box-2005313531 {\n    width: 33%;\n  }\n}\n@media (min-width:850px) {\n  #text-box-2005313531 {\n    width: 26%;\n  }\n}\n<\/style>\n    <\/div>\n \n        <\/div>\n      <\/div>\n\n            \n<style>\n#banner-2049425057 {\n  padding-top: 350px;\n}\n#banner-2049425057 .overlay {\n  background-color: rgba(0, 0, 0, 0.343);\n}\n<\/style>\n  <\/div>\n\n\n\t\t<\/div>\n\n\t\t\n<style>\n#section_918522593 {\n  padding-top: 0px;\n  padding-bottom: 0px;\n}\n<\/style>\n\t<\/section>\n\t\n\n\t<section class=\"section\" id=\"section_1843461701\">\n\t\t<div class=\"section-bg fill\" >\n\t\t\t\t\t\t\t\t\t\n\t\t\t\n\n\t\t<\/div>\n\n\t\t\n\n\t\t<div class=\"section-content relative\">\n\t\t\t\n<div class=\"row\"  id=\"row-4972802\">\n\n\t<div id=\"col-120812532\" class=\"col small-12 large-12\"  >\n\t\t\t\t<div class=\"col-inner\"  >\n\t\t\t\n\t\t\t\n\t<div id=\"gap-503711585\" class=\"gap-element clearfix\" style=\"display:block; height:auto;\">\n\t\t\n<style>\n#gap-503711585 {\n  padding-top: 30px;\n}\n<\/style>\n\t<\/div>\n\t\n<p><a href=\"\/fr\/home\">HOME<\/a> | Contacts<\/p>\n\t\t<\/div>\n\t\t\t\t\t<\/div>\n\n\t\n<\/div>\n\t\t<\/div>\n\n\t\t\n<style>\n#section_1843461701 {\n  padding-top: 0px;\n  padding-bottom: 0px;\n}\n<\/style>\n\t<\/section>\n\t\n\n\t<section class=\"section\" id=\"section_120136558\">\n\t\t<div class=\"section-bg fill\" >\n\t\t\t\t\t\t\t\t\t\n\t\t\t\n\n\t\t<\/div>\n\n\t\t\n\n\t\t<div class=\"section-content relative\">\n\t\t\t\n<div class=\"row\"  id=\"row-1409729397\">\n\n\t<div id=\"col-1542220737\" class=\"col medium-6 small-12 large-6\"  >\n\t\t\t\t<div class=\"col-inner\"  >\n\t\t\t\n\t\t\t\n\t<div id=\"text-527508563\" class=\"text\">\n\t\t\n<h2>Groupe Paci &amp; Pagliari<\/h2>\n\t\t\n<style>\n#text-527508563 {\n  text-align: left;\n  color: rgb(0, 159, 95);\n}\n#text-527508563 > * {\n  color: rgb(0, 159, 95);\n}\n<\/style>\n\t<\/div>\n\t\n<p class=\"uppercase\">SI\u00c8GE SOCIAL ADMINISTRATIF<\/p>\n<p>Via Turlo, 5 \u2013 61024 \u2013 Mombaroccio (PU)<\/p>\n<p>T\u00e9l : (+39) 0721 471361\/ 470005<\/p>\n<p><a href=\"mailto:info@paciepagliarigruppo.it\">info@paciepagliarigruppo.it<\/a><\/p>\n\t\t<\/div>\n\t\t\t\t\t<\/div>\n\n\t\n\n\t<div id=\"col-251129197\" class=\"col medium-6 small-12 large-6\"  >\n\t\t\t\t<div class=\"col-inner\"  >\n\t\t\t\n\t\t\t\n\t<div id=\"text-3605562157\" class=\"text\">\n\t\t\n<h2 class=\"uppercase\">Si\u00e8ges de production<\/h2>\n\t\t\n<style>\n#text-3605562157 {\n  color: rgb(0, 159, 95);\n}\n#text-3605562157 > * {\n  color: rgb(0, 159, 95);\n}\n<\/style>\n\t<\/div>\n\t\n<p>Via Turlo, 5 \u2013 61024 Mombaroccio (PU)<\/br>T\u00e9l : (+39) 0721 471361\/ 470005<\/p>\n<p>Via dell\u2019Agricoltura, 9 Loc. Schieppe di Orciano \u2013 61038  Terre Roveresche (PU)<\/br>T\u00e9l : (+39) 0721 981989<\/p>\n<p>Via Ridol\ufb01na Loc. Schieppe di Orciano &#8211; 61038 Terre Roveresche (PU)<br \/>T\u00e9l : (+39) 0721 981989<\/p>\n<p>Via Ceresa, 17 \u2013 41034 Finale Emilia Modena (MO)<br \/>T\u00e9l : (+39) 0535 99454<\/p>\n\t\t<\/div>\n\t\t\t\t\t<\/div>\n\n\t\n<\/div>\n\t\t<\/div>\n\n\t\t\n<style>\n#section_120136558 {\n  padding-top: 30px;\n  padding-bottom: 30px;\n}\n<\/style>\n\t<\/section>\n\t\n\n\t<section class=\"section\" id=\"section_77247619\">\n\t\t<div class=\"section-bg fill\" >\n\t\t\t\t\t\t\t\t\t\n\t\t\t\n\n\t\t<\/div>\n\n\t\t\n\n\t\t<div class=\"section-content relative\">\n\t\t\t\n<div class=\"row row-collapse row-full-width\"  id=\"row-2070240652\">\n\n\t<div id=\"col-674084431\" class=\"col small-12 large-12\"  >\n\t\t\t\t<div class=\"col-inner\"  >\n\t\t\t\n\t\t\t\n\n<p><iframe src=\"https:\/\/www.google.com\/maps\/embed?pb=!1m18!1m12!1m3!1d3475.186564674692!2d12.870595800000002!3d43.8118917!2m3!1f0!2f0!3f0!3m2!1i1024!2i768!4f13.1!3m3!1m2!1s0x132d0337df32072f%3A0x16aee274dba28e53!2sGruppo%20Paci%20%26%20Pagliari!5e1!3m2!1sfr!2sit!4v1678960144859!5m2!1sfr!2sit\"width=\"100%\" height=\"350\" style=\"border:0; margin-bottom:-30px;\" allowfullscreen=\"\" loading=\"lazy\" referrerpolicy=\"no-referrer-when-downgrade\"><\/iframe><br \/>\n\n\t\t<\/div>\n\t\t\t\t\t<\/div>\n\n\t\n<\/div>\n\t\t<\/div>\n\n\t\t\n<style>\n#section_77247619 {\n  padding-top: 0px;\n  padding-bottom: 0px;\n}\n<\/style>\n\t<\/section>\n\t\n\n\t<section class=\"section sfum\" id=\"section_1195873648\">\n\t\t<div class=\"section-bg fill\" >\n\t\t\t\t\t\t\t\t\t\n\t\t\t\n\n\t\t<\/div>\n\n\t\t\n\n\t\t<div class=\"section-content relative\">\n\t\t\t\n<div class=\"row align-center\"  id=\"row-1371633009\">\n\n\t<div id=\"col-477983165\" class=\"col medium-7 small-12 large-7\"  >\n\t\t\t\t<div class=\"col-inner text-center\"  >\n\t\t\t\n\t\t\t\n\t<div id=\"text-2050826637\" class=\"text\">\n\t\t\n<p>Pour plus d\u2019informations sur nos produits ou des demandes particuli\u00e8res, il est possible de contacter directement notre bureau commercial en remplissant le formulaire appropri\u00e9 ou en appelant les num\u00e9ros indiqu\u00e9s ci-dessus.<\/p>\n<h3 class=\"uppercase\">Demandez des informations<\/h3>\n\t\t\n<style>\n#text-2050826637 {\n  color: rgb(255,255,255);\n}\n#text-2050826637 > * {\n  color: rgb(255,255,255);\n}\n<\/style>\n\t<\/div>\n\t\n\n\n<div class=\"wpcf7 no-js\" id=\"wpcf7-f13468-o1\" lang=\"fr-FR\" dir=\"ltr\" data-wpcf7-id=\"13468\">\n<div class=\"screen-reader-response\"><p role=\"status\" aria-live=\"polite\" aria-atomic=\"true\"><\/p> <ul><\/ul><\/div>\n<form action=\"\/fr\/wp-json\/wp\/v2\/pages\/12312#wpcf7-f13468-o1\" method=\"post\" class=\"wpcf7-form init\" aria-label=\"Formulaire de contact\" novalidate=\"novalidate\" data-status=\"init\">\n<fieldset class=\"hidden-fields-container\"><input type=\"hidden\" name=\"_wpcf7\" value=\"13468\" \/><input type=\"hidden\" name=\"_wpcf7_version\" value=\"6.1.5\" \/><input type=\"hidden\" name=\"_wpcf7_locale\" value=\"fr_FR\" \/><input type=\"hidden\" name=\"_wpcf7_unit_tag\" value=\"wpcf7-f13468-o1\" \/><input type=\"hidden\" name=\"_wpcf7_container_post\" value=\"0\" \/><input type=\"hidden\" name=\"_wpcf7_posted_data_hash\" value=\"\" \/>\n<\/fieldset>\n<p><label>Nom *<\/label><br \/>\n<span class=\"wpcf7-form-control-wrap\" data-name=\"nome\"><input size=\"40\" maxlength=\"400\" class=\"wpcf7-form-control wpcf7-text wpcf7-validates-as-required\" aria-required=\"true\" aria-invalid=\"false\" value=\"\" type=\"text\" name=\"nome\" \/><\/span>\n<\/p>\n<p><label>E-mail *<\/label><br \/>\n<span class=\"wpcf7-form-control-wrap\" data-name=\"your-email\"><input size=\"40\" maxlength=\"400\" class=\"wpcf7-form-control wpcf7-email wpcf7-validates-as-required wpcf7-text wpcf7-validates-as-email\" aria-required=\"true\" aria-invalid=\"false\" value=\"\" type=\"email\" name=\"your-email\" \/><\/span>\n<\/p>\n<p><label>Message *<\/label><br \/>\n<span class=\"wpcf7-form-control-wrap\" data-name=\"messaggio\"><textarea cols=\"40\" rows=\"10\" maxlength=\"2000\" class=\"wpcf7-form-control wpcf7-textarea\" aria-invalid=\"false\" name=\"messaggio\"><\/textarea><\/span>\n<\/p>\n<div class=\"flex-row form-flat medium-flex-wrap\">\n\t<p><span class=\"wpcf7-form-control-wrap\" data-name=\"privacy\"><span class=\"wpcf7-form-control wpcf7-acceptance\"><span class=\"wpcf7-list-item\"><label><input type=\"checkbox\" name=\"privacy\" value=\"1\" aria-invalid=\"false\" \/><span class=\"wpcf7-list-item-label\"><small>J'ai lu la <a href=\"https:\/\/www.paciepagliarigruppo.it\/fr\/privacy-policy\/\" target=\"_blank\">la politique de confidentialit\u00e9<\/a> et j'accepte le traitement de mes donn\u00e9es personnelles.<\/small><\/span><\/label><\/span><\/span><\/span>\n\t<\/p>\n<\/div>\n<p><input class=\"wpcf7-form-control wpcf7-submit has-spinner button\" type=\"submit\" value=\"OK\" \/>\n<\/p><div class=\"wpcf7-response-output\" aria-hidden=\"true\"><\/div>\n<\/form>\n<\/div>\n\n\n\t\t<\/div>\n\t\t\t\t\t<\/div>\n\n\t\n<\/div>\n\t\t<\/div>\n\n\t\t\n<style>\n#section_1195873648 {\n  padding-top: 60px;\n  padding-bottom: 60px;\n  margin-bottom: -50px;\n}\n<\/style>\n\t<\/section>\n\t\n","protected":false},"excerpt":{"rendered":"","protected":false},"author":6,"featured_media":0,"parent":0,"menu_order":0,"comment_status":"closed","ping_status":"closed","template":"page-blank.php","meta":{"_acf_changed":false,"footnotes":""},"class_list":["post-12312","page","type-page","status-publish","hentry"],"acf":[],"yoast_head":"<!-- This site is optimized with the Yoast SEO plugin v27.5 - https:\/\/yoast.com\/product\/yoast-seo-wordpress\/ -->\n<title>Contacts - paci e pagliari - Production de luzerne et de fourrage<\/title>\n<meta name=\"robots\" content=\"index, follow, max-snippet:-1, max-image-preview:large, max-video-preview:-1\" \/>\n<link rel=\"canonical\" href=\"https:\/\/www.paciepagliarigruppo.it\/fr\/contacts\/\" \/>\n<meta property=\"og:locale\" content=\"fr_FR\" \/>\n<meta property=\"og:type\" content=\"article\" \/>\n<meta property=\"og:title\" content=\"Contacts - paci e pagliari - Production de luzerne et de fourrage\" \/>\n<meta property=\"og:url\" content=\"https:\/\/www.paciepagliarigruppo.it\/fr\/contacts\/\" \/>\n<meta property=\"og:site_name\" content=\"paci e pagliari - Production de luzerne et de fourrage\" \/>\n<meta property=\"article:modified_time\" content=\"2024-03-04T15:18:55+00:00\" \/>\n<meta name=\"twitter:card\" content=\"summary_large_image\" \/>\n<meta name=\"twitter:label1\" content=\"Dur\u00e9e de lecture estim\u00e9e\" \/>\n\t<meta name=\"twitter:data1\" content=\"2 minutes\" \/>\n<script type=\"application\/ld+json\" class=\"yoast-schema-graph\">{\"@context\":\"https:\\\/\\\/schema.org\",\"@graph\":[{\"@type\":\"WebPage\",\"@id\":\"https:\\\/\\\/www.paciepagliarigruppo.it\\\/fr\\\/contacts\\\/\",\"url\":\"https:\\\/\\\/www.paciepagliarigruppo.it\\\/fr\\\/contacts\\\/\",\"name\":\"Contacts - paci e pagliari - Production de luzerne et de fourrage\",\"isPartOf\":{\"@id\":\"https:\\\/\\\/www.paciepagliarigruppo.it\\\/fr\\\/#website\"},\"datePublished\":\"2023-02-22T11:39:40+00:00\",\"dateModified\":\"2024-03-04T15:18:55+00:00\",\"breadcrumb\":{\"@id\":\"https:\\\/\\\/www.paciepagliarigruppo.it\\\/fr\\\/contacts\\\/#breadcrumb\"},\"inLanguage\":\"fr-FR\",\"potentialAction\":[{\"@type\":\"ReadAction\",\"target\":[\"https:\\\/\\\/www.paciepagliarigruppo.it\\\/fr\\\/contacts\\\/\"]}]},{\"@type\":\"BreadcrumbList\",\"@id\":\"https:\\\/\\\/www.paciepagliarigruppo.it\\\/fr\\\/contacts\\\/#breadcrumb\",\"itemListElement\":[{\"@type\":\"ListItem\",\"position\":1,\"name\":\"Home\",\"item\":\"https:\\\/\\\/www.paciepagliarigruppo.it\\\/fr\\\/\"},{\"@type\":\"ListItem\",\"position\":2,\"name\":\"Contacts\"}]},{\"@type\":\"WebSite\",\"@id\":\"https:\\\/\\\/www.paciepagliarigruppo.it\\\/fr\\\/#website\",\"url\":\"https:\\\/\\\/www.paciepagliarigruppo.it\\\/fr\\\/\",\"name\":\"Paci & Pagliari\",\"description\":\"Produzione erba medica e foraggi\",\"potentialAction\":[{\"@type\":\"SearchAction\",\"target\":{\"@type\":\"EntryPoint\",\"urlTemplate\":\"https:\\\/\\\/www.paciepagliarigruppo.it\\\/fr\\\/?s={search_term_string}\"},\"query-input\":{\"@type\":\"PropertyValueSpecification\",\"valueRequired\":true,\"valueName\":\"search_term_string\"}}],\"inLanguage\":\"fr-FR\"}]}<\/script>\n<!-- \/ Yoast SEO plugin. -->","yoast_head_json":{"title":"Contacts - paci e pagliari - Production de luzerne et de fourrage","robots":{"index":"index","follow":"follow","max-snippet":"max-snippet:-1","max-image-preview":"max-image-preview:large","max-video-preview":"max-video-preview:-1"},"canonical":"https:\/\/www.paciepagliarigruppo.it\/fr\/contacts\/","og_locale":"fr_FR","og_type":"article","og_title":"Contacts - paci e pagliari - Production de luzerne et de fourrage","og_url":"https:\/\/www.paciepagliarigruppo.it\/fr\/contacts\/","og_site_name":"paci e pagliari - Production de luzerne et de fourrage","article_modified_time":"2024-03-04T15:18:55+00:00","twitter_card":"summary_large_image","twitter_misc":{"Dur\u00e9e de lecture estim\u00e9e":"2 minutes"},"schema":{"@context":"https:\/\/schema.org","@graph":[{"@type":"WebPage","@id":"https:\/\/www.paciepagliarigruppo.it\/fr\/contacts\/","url":"https:\/\/www.paciepagliarigruppo.it\/fr\/contacts\/","name":"Contacts - paci e pagliari - Production de luzerne et de fourrage","isPartOf":{"@id":"https:\/\/www.paciepagliarigruppo.it\/fr\/#website"},"datePublished":"2023-02-22T11:39:40+00:00","dateModified":"2024-03-04T15:18:55+00:00","breadcrumb":{"@id":"https:\/\/www.paciepagliarigruppo.it\/fr\/contacts\/#breadcrumb"},"inLanguage":"fr-FR","potentialAction":[{"@type":"ReadAction","target":["https:\/\/www.paciepagliarigruppo.it\/fr\/contacts\/"]}]},{"@type":"BreadcrumbList","@id":"https:\/\/www.paciepagliarigruppo.it\/fr\/contacts\/#breadcrumb","itemListElement":[{"@type":"ListItem","position":1,"name":"Home","item":"https:\/\/www.paciepagliarigruppo.it\/fr\/"},{"@type":"ListItem","position":2,"name":"Contacts"}]},{"@type":"WebSite","@id":"https:\/\/www.paciepagliarigruppo.it\/fr\/#website","url":"https:\/\/www.paciepagliarigruppo.it\/fr\/","name":"Paci & Pagliari","description":"Produzione erba medica e foraggi","potentialAction":[{"@type":"SearchAction","target":{"@type":"EntryPoint","urlTemplate":"https:\/\/www.paciepagliarigruppo.it\/fr\/?s={search_term_string}"},"query-input":{"@type":"PropertyValueSpecification","valueRequired":true,"valueName":"search_term_string"}}],"inLanguage":"fr-FR"}]}},"_links":{"self":[{"href":"https:\/\/www.paciepagliarigruppo.it\/fr\/wp-json\/wp\/v2\/pages\/12312","targetHints":{"allow":["GET"]}}],"collection":[{"href":"https:\/\/www.paciepagliarigruppo.it\/fr\/wp-json\/wp\/v2\/pages"}],"about":[{"href":"https:\/\/www.paciepagliarigruppo.it\/fr\/wp-json\/wp\/v2\/types\/page"}],"author":[{"embeddable":true,"href":"https:\/\/www.paciepagliarigruppo.it\/fr\/wp-json\/wp\/v2\/users\/6"}],"replies":[{"embeddable":true,"href":"https:\/\/www.paciepagliarigruppo.it\/fr\/wp-json\/wp\/v2\/comments?post=12312"}],"version-history":[{"count":5,"href":"https:\/\/www.paciepagliarigruppo.it\/fr\/wp-json\/wp\/v2\/pages\/12312\/revisions"}],"predecessor-version":[{"id":13471,"href":"https:\/\/www.paciepagliarigruppo.it\/fr\/wp-json\/wp\/v2\/pages\/12312\/revisions\/13471"}],"wp:attachment":[{"href":"https:\/\/www.paciepagliarigruppo.it\/fr\/wp-json\/wp\/v2\/media?parent=12312"}],"curies":[{"name":"wp","href":"https:\/\/api.w.org\/{rel}","templated":true}]}}