{"id":12437,"date":"2022-06-09T15:33:49","date_gmt":"2022-06-09T13:33:49","guid":{"rendered":"https:\/\/www.paciepagliarigruppo.it\/produkte\/biologici-2\/"},"modified":"2023-09-06T10:44:04","modified_gmt":"2023-09-06T08:44:04","slug":"biologisch-2","status":"publish","type":"page","link":"https:\/\/www.paciepagliarigruppo.it\/de\/produkte\/biologisch-2\/","title":{"rendered":"Biologisch"},"content":{"rendered":"\n\t<section class=\"section\" id=\"section_2103331425\">\n\t\t<div class=\"section-bg fill\" >\n\t\t\t\t\t\t\t\t\t\n\t\t\t\n\n\t\t<\/div>\n\n\t\t\n\n\t\t<div class=\"section-content relative\">\n\t\t\t\n\n  <div class=\"banner has-hover\" id=\"banner-2031033575\">\n          <div class=\"banner-inner fill\">\n        <div class=\"banner-bg fill\" >\n                                                \n                    <\/div>\n\t\t\n        <div class=\"banner-layers container\">\n            <div class=\"fill banner-link\"><\/div>            \n   <div id=\"text-box-994676708\" class=\"text-box banner-layer x50 md-x25 lg-x30 y25 md-y50 lg-y50 res-text\">\n                                <div class=\"text-box-content text dark\">\n              \n              <div class=\"text-inner text-center\">\n                  \n\t<div class=\"img has-hover x md-x lg-x y md-y lg-y\" id=\"image_1728893325\">\n\t\t\t\t\t\t\t\t<div class=\"img-inner dark\" >\n\t\t\t<img loading=\"lazy\" decoding=\"async\" width=\"188\" height=\"188\" src=\"https:\/\/www.paciepagliarigruppo.it\/wp-content\/uploads\/2023\/02\/biologici-1.png\" class=\"attachment-original size-original\" alt=\"\" srcset=\"https:\/\/www.paciepagliarigruppo.it\/wp-content\/uploads\/2023\/02\/biologici-1.png 188w, https:\/\/www.paciepagliarigruppo.it\/wp-content\/uploads\/2023\/02\/biologici-1-150x150.png 150w\" sizes=\"auto, (max-width: 188px) 100vw, 188px\" \/>\t\t\t\t\t\t\n\t\t\t\t\t<\/div>\n\t\t\t\t\t\t\t\t\n<style>\n#image_1728893325 {\n  width: 60%;\n}\n<\/style>\n\t<\/div>\n\t\n              <\/div>\n           <\/div>\n                            \n<style>\n#text-box-994676708 {\n  width: 51%;\n}\n#text-box-994676708 .text-box-content {\n  font-size: 100%;\n}\n@media (min-width:550px) {\n  #text-box-994676708 {\n    width: 18%;\n  }\n}\n<\/style>\n    <\/div>\n \n   <div id=\"text-box-2050427799\" class=\"text-box banner-layer x50 md-x80 lg-x70 y75 md-y50 lg-y50 res-text\">\n                                <div class=\"text-box-content text dark\">\n              \n              <div class=\"text-inner text-center\">\n                  \n<h2 class=\"uppercase\">Biologisch<\/h2>\n              <\/div>\n           <\/div>\n                            \n<style>\n#text-box-2050427799 {\n  width: 60%;\n}\n#text-box-2050427799 .text-box-content {\n  font-size: 100%;\n}\n@media (min-width:550px) {\n  #text-box-2050427799 {\n    width: 38%;\n  }\n}\n@media (min-width:850px) {\n  #text-box-2050427799 {\n    width: 24%;\n  }\n}\n<\/style>\n    <\/div>\n \n        <\/div>\n      <\/div>\n\n            \n<style>\n#banner-2031033575 {\n  padding-top: 350px;\n  background-color: rgb(183, 195, 11);\n}\n<\/style>\n  <\/div>\n\n\n\t\t<\/div>\n\n\t\t\n<style>\n#section_2103331425 {\n  padding-top: 0px;\n  padding-bottom: 0px;\n}\n<\/style>\n\t<\/section>\n\t\n\n\t<section class=\"section\" id=\"section_2095415472\">\n\t\t<div class=\"section-bg fill\" >\n\t\t\t\t\t\t\t\t\t\n\t\t\t\n\n\t\t<\/div>\n\n\t\t\n\n\t\t<div class=\"section-content relative\">\n\t\t\t\n<div class=\"row align-center\"  id=\"row-21528759\">\n\n\t<div id=\"col-904141379\" class=\"col small-12 large-12\"  >\n\t\t\t\t<div class=\"col-inner\"  >\n\t\t\t\n\t\t\t\n\t<div id=\"text-3806671171\" class=\"text\">\n\t\t\n<h2 class=\"uppercase\">BIOLOGISCHE LANDWIRTSCHAFT F\u00dcR LEIDENSCHAFT<\/h2>\n\t\t\n<style>\n#text-3806671171 {\n  text-align: center;\n}\n<\/style>\n\t<\/div>\n\t\n<p>Biologisch ist alles, was durch eine Produktionsmethode hergestellt wird, die keine synthetischen Produkte verwendet und eine Reihe von Normen respektiert, die die Produktionsmethode definieren.<\/p>\n<p>Die Gruppe Paci und Pagliari unterst\u00fctzen ihre eigene biologische Identit\u00e4t nach strengen Vorschriften f\u00fcr die \u00dcberwachung und ersetzen vollst\u00e4ndig chemische D\u00fcnger und Pestizide durch organische D\u00fcnger aus unseren eigenen Biogasanlagen.<\/p>\n<p>Unter den Pionieren der biologischen Landwirtschaft wurde das Unternehmen zum ersten Mal 1991 zertifiziert. Heute war die Gruppe Paci &amp; amp; Pagliari verwaltet die Produktion von vier verschiedenen biologischen Agrarunternehmen und einem Produktionsstandort, die maniologische Produkte herstellen, die st\u00e4ndig von Zertifizierungsinstitutionen \u00fcberpr\u00fcft werden und bei denen nur erneuerbare Energien verwendet werden<\/p>\n\t\t<\/div>\n\t\t\t\t\t<\/div>\n\n\t\n<\/div>\n<div class=\"row align-center\"  id=\"row-680605256\">\n\n\t<div id=\"col-136221644\" class=\"col medium-3 small-6 large-3\"  >\n\t\t\t\t<div class=\"col-inner\"  >\n\t\t\t\n\t\t\t\n\t<div class=\"box has-hover upwards-movement  has-hover box-text-bottom\" >\n\n\t\t<div class=\"box-image\" style=\"width:80%;\">\n\t\t\t<a href=\"https:\/\/www.paciepagliarigruppo.it\/de\/product_category\/erba-medica-biologica\" >\t\t\t<div class=\"\" >\n\t\t\t\t<img loading=\"lazy\" decoding=\"async\" width=\"400\" height=\"400\" src=\"https:\/\/www.paciepagliarigruppo.it\/wp-content\/uploads\/2022\/08\/Erbe-mediche.png\" class=\"attachment- size-\" alt=\"\" srcset=\"https:\/\/www.paciepagliarigruppo.it\/wp-content\/uploads\/2022\/08\/Erbe-mediche.png 400w, https:\/\/www.paciepagliarigruppo.it\/wp-content\/uploads\/2022\/08\/Erbe-mediche-300x300.png 300w, https:\/\/www.paciepagliarigruppo.it\/wp-content\/uploads\/2022\/08\/Erbe-mediche-150x150.png 150w\" sizes=\"auto, (max-width: 400px) 100vw, 400px\" \/>\t\t\t\t\t\t\t\t\t\t\t<\/div>\n\t\t\t<\/a>\t\t<\/div>\n\n\t\t<div class=\"box-text text-center\" >\n\t\t\t<div class=\"box-text-inner\">\n\t\t\t\t\n<h3><a href=\"https:\/\/www.paciepagliarigruppo.it\/de\/product_category\/erba-medica-biologica\">Luzerne<\/a><\/h3>\n\t\t\t<\/div>\n\t\t<\/div>\n\t<\/div>\n\t\n\t\t<\/div>\n\t\t\t\t\t<\/div>\n\n\t\n\n\t<div id=\"col-582853602\" class=\"col medium-3 small-6 large-3\"  >\n\t\t\t\t<div class=\"col-inner\"  >\n\t\t\t\n\t\t\t\n\t<div class=\"box has-hover upwards-movement  has-hover box-text-bottom\" >\n\n\t\t<div class=\"box-image\" style=\"width:80%;\">\n\t\t\t<a href=\"https:\/\/www.paciepagliarigruppo.it\/de\/product_category\/fieno-biologico\" >\t\t\t<div class=\"\" >\n\t\t\t\t<img loading=\"lazy\" decoding=\"async\" width=\"400\" height=\"400\" src=\"https:\/\/www.paciepagliarigruppo.it\/wp-content\/uploads\/2022\/07\/Fieno.png\" class=\"attachment- size-\" alt=\"\" srcset=\"https:\/\/www.paciepagliarigruppo.it\/wp-content\/uploads\/2022\/07\/Fieno.png 400w, https:\/\/www.paciepagliarigruppo.it\/wp-content\/uploads\/2022\/07\/Fieno-300x300.png 300w, https:\/\/www.paciepagliarigruppo.it\/wp-content\/uploads\/2022\/07\/Fieno-150x150.png 150w\" sizes=\"auto, (max-width: 400px) 100vw, 400px\" \/>\t\t\t\t\t\t\t\t\t\t\t<\/div>\n\t\t\t<\/a>\t\t<\/div>\n\n\t\t<div class=\"box-text text-center\" >\n\t\t\t<div class=\"box-text-inner\">\n\t\t\t\t\n<h3><a href=\"https:\/\/www.paciepagliarigruppo.it\/de\/product_category\/fieno-biologico\">Heu<\/a><\/h3>\n\t\t\t<\/div>\n\t\t<\/div>\n\t<\/div>\n\t\n\t\t<\/div>\n\t\t\t\t\t<\/div>\n\n\t\n<\/div>\n<div class=\"row align-center\"  id=\"row-1117879199\">\n\n\t<div id=\"col-1562431577\" class=\"col medium-3 small-6 large-3\"  >\n\t\t\t\t<div class=\"col-inner\"  >\n\t\t\t\n\t\t\t\n\t<div class=\"box has-hover upwards-movement  has-hover box-text-bottom\" >\n\n\t\t<div class=\"box-image\" style=\"width:80%;\">\n\t\t\t<a href=\"https:\/\/www.paciepagliarigruppo.it\/de\/product_category\/paglia-bio\" >\t\t\t<div class=\"\" >\n\t\t\t\t<img loading=\"lazy\" decoding=\"async\" width=\"400\" height=\"400\" src=\"https:\/\/www.paciepagliarigruppo.it\/wp-content\/uploads\/2022\/07\/Paglia.png\" class=\"attachment- size-\" alt=\"\" srcset=\"https:\/\/www.paciepagliarigruppo.it\/wp-content\/uploads\/2022\/07\/Paglia.png 400w, https:\/\/www.paciepagliarigruppo.it\/wp-content\/uploads\/2022\/07\/Paglia-300x300.png 300w, https:\/\/www.paciepagliarigruppo.it\/wp-content\/uploads\/2022\/07\/Paglia-150x150.png 150w\" sizes=\"auto, (max-width: 400px) 100vw, 400px\" \/>\t\t\t\t\t\t\t\t\t\t\t<\/div>\n\t\t\t<\/a>\t\t<\/div>\n\n\t\t<div class=\"box-text text-center\" >\n\t\t\t<div class=\"box-text-inner\">\n\t\t\t\t\n<h3><a href=\"https:\/\/www.paciepagliarigruppo.it\/de\/product_category\/paglia-bio\">Stroh<\/a><\/h3>\n\t\t\t<\/div>\n\t\t<\/div>\n\t<\/div>\n\t\n\t\t<\/div>\n\t\t\t\t\t<\/div>\n\n\t\n\n\t<div id=\"col-1065738947\" class=\"col medium-3 small-6 large-3\"  >\n\t\t\t\t<div class=\"col-inner\"  >\n\t\t\t\n\t\t\t\n\t<div class=\"box has-hover upwards-movement  has-hover box-text-bottom\" >\n\n\t\t<div class=\"box-image\" style=\"border-radius:100%;width:80%;\">\n\t\t\t<a href=\"https:\/\/www.paciepagliarigruppo.it\/de\/product_category\/granaglie-e-sementi-bio\" >\t\t\t<div class=\"image-cover\" style=\"padding-top:100%;\">\n\t\t\t\t<img loading=\"lazy\" decoding=\"async\" width=\"2560\" height=\"1707\" src=\"https:\/\/www.paciepagliarigruppo.it\/wp-content\/uploads\/2022\/07\/foto-granaglie-scaled.jpg\" class=\"attachment- size-\" alt=\"\" srcset=\"https:\/\/www.paciepagliarigruppo.it\/wp-content\/uploads\/2022\/07\/foto-granaglie-scaled.jpg 2560w, https:\/\/www.paciepagliarigruppo.it\/wp-content\/uploads\/2022\/07\/foto-granaglie-300x200.jpg 300w, https:\/\/www.paciepagliarigruppo.it\/wp-content\/uploads\/2022\/07\/foto-granaglie-1024x683.jpg 1024w, https:\/\/www.paciepagliarigruppo.it\/wp-content\/uploads\/2022\/07\/foto-granaglie-768x512.jpg 768w, https:\/\/www.paciepagliarigruppo.it\/wp-content\/uploads\/2022\/07\/foto-granaglie-1536x1024.jpg 1536w, https:\/\/www.paciepagliarigruppo.it\/wp-content\/uploads\/2022\/07\/foto-granaglie-2048x1365.jpg 2048w\" sizes=\"auto, (max-width: 2560px) 100vw, 2560px\" \/>\t\t\t\t\t\t\t\t\t\t\t<\/div>\n\t\t\t<\/a>\t\t<\/div>\n\n\t\t<div class=\"box-text text-center\" >\n\t\t\t<div class=\"box-text-inner\">\n\t\t\t\t\n<h3><a href=\"https:\/\/www.paciepagliarigruppo.it\/de\/product_category\/granaglie-e-sementi-bio\">Getreide<\/a><\/h3>\n\t\t\t<\/div>\n\t\t<\/div>\n\t<\/div>\n\t\n\t\t<\/div>\n\t\t\t\t\t<\/div>\n\n\t\n<\/div>\n<div class=\"row align-center\"  id=\"row-1139630507\">\n\n\t<div id=\"col-751649107\" class=\"col small-12 large-12\"  >\n\t\t\t\t<div class=\"col-inner text-center\"  >\n\t\t\t\n\t\t\t\n<a href=\"https:\/\/www.paciepagliarigruppo.it\/wp-content\/uploads\/2023\/09\/PACI-E-PAGLIARI-catalogo-prodotti-BIO23-DE.pdf\" target=\"_blank\" class=\"button primary is-larger\" rel=\"noopener\" >\n\t\t<span>LADEN SIE DEN KATALOG HERUNTER<\/span>\n\t<\/a>\n\n\t\t<\/div>\n\t\t\t\t\t<\/div>\n\n\t\n<\/div>\n\t\t<\/div>\n\n\t\t\n<style>\n#section_2095415472 {\n  padding-top: 30px;\n  padding-bottom: 30px;\n}\n<\/style>\n\t<\/section>\n\t\n","protected":false},"excerpt":{"rendered":"","protected":false},"author":6,"featured_media":0,"parent":12425,"menu_order":0,"comment_status":"closed","ping_status":"closed","template":"page-blank.php","meta":{"_acf_changed":false,"footnotes":""},"class_list":["post-12437","page","type-page","status-publish","hentry"],"acf":[],"yoast_head":"<!-- This site is optimized with the Yoast SEO plugin v27.3 - https:\/\/yoast.com\/product\/yoast-seo-wordpress\/ -->\n<title>Biologisch - paci e pagliari - Alfalfa- und Futterproduktion<\/title>\n<meta name=\"robots\" content=\"index, follow, max-snippet:-1, max-image-preview:large, max-video-preview:-1\" \/>\n<link rel=\"canonical\" href=\"https:\/\/www.paciepagliarigruppo.it\/de\/produkte\/biologisch-2\/\" \/>\n<meta property=\"og:locale\" content=\"de_DE\" \/>\n<meta property=\"og:type\" content=\"article\" \/>\n<meta property=\"og:title\" content=\"Biologisch - paci e pagliari - Alfalfa- und Futterproduktion\" \/>\n<meta property=\"og:url\" content=\"https:\/\/www.paciepagliarigruppo.it\/de\/produkte\/biologisch-2\/\" \/>\n<meta property=\"og:site_name\" content=\"paci e pagliari - Alfalfa- und Futterproduktion\" \/>\n<meta property=\"article:modified_time\" content=\"2023-09-06T08:44:04+00:00\" \/>\n<meta name=\"twitter:card\" content=\"summary_large_image\" \/>\n<meta name=\"twitter:label1\" content=\"Gesch\u00e4tzte Lesezeit\" \/>\n\t<meta name=\"twitter:data1\" content=\"2\u00a0Minuten\" \/>\n<script type=\"application\/ld+json\" class=\"yoast-schema-graph\">{\"@context\":\"https:\\\/\\\/schema.org\",\"@graph\":[{\"@type\":\"WebPage\",\"@id\":\"https:\\\/\\\/www.paciepagliarigruppo.it\\\/de\\\/produkte\\\/biologisch-2\\\/\",\"url\":\"https:\\\/\\\/www.paciepagliarigruppo.it\\\/de\\\/produkte\\\/biologisch-2\\\/\",\"name\":\"Biologisch - paci e pagliari - Alfalfa- und Futterproduktion\",\"isPartOf\":{\"@id\":\"https:\\\/\\\/www.paciepagliarigruppo.it\\\/de\\\/#website\"},\"datePublished\":\"2022-06-09T13:33:49+00:00\",\"dateModified\":\"2023-09-06T08:44:04+00:00\",\"breadcrumb\":{\"@id\":\"https:\\\/\\\/www.paciepagliarigruppo.it\\\/de\\\/produkte\\\/biologisch-2\\\/#breadcrumb\"},\"inLanguage\":\"de\",\"potentialAction\":[{\"@type\":\"ReadAction\",\"target\":[\"https:\\\/\\\/www.paciepagliarigruppo.it\\\/de\\\/produkte\\\/biologisch-2\\\/\"]}]},{\"@type\":\"BreadcrumbList\",\"@id\":\"https:\\\/\\\/www.paciepagliarigruppo.it\\\/de\\\/produkte\\\/biologisch-2\\\/#breadcrumb\",\"itemListElement\":[{\"@type\":\"ListItem\",\"position\":1,\"name\":\"Home\",\"item\":\"https:\\\/\\\/www.paciepagliarigruppo.it\\\/de\\\/\"},{\"@type\":\"ListItem\",\"position\":2,\"name\":\"Produkte\",\"item\":\"https:\\\/\\\/www.paciepagliarigruppo.it\\\/de\\\/produkte\\\/\"},{\"@type\":\"ListItem\",\"position\":3,\"name\":\"Biologisch\"}]},{\"@type\":\"WebSite\",\"@id\":\"https:\\\/\\\/www.paciepagliarigruppo.it\\\/de\\\/#website\",\"url\":\"https:\\\/\\\/www.paciepagliarigruppo.it\\\/de\\\/\",\"name\":\"Paci & Pagliari\",\"description\":\"Produzione erba medica e foraggi\",\"potentialAction\":[{\"@type\":\"SearchAction\",\"target\":{\"@type\":\"EntryPoint\",\"urlTemplate\":\"https:\\\/\\\/www.paciepagliarigruppo.it\\\/de\\\/?s={search_term_string}\"},\"query-input\":{\"@type\":\"PropertyValueSpecification\",\"valueRequired\":true,\"valueName\":\"search_term_string\"}}],\"inLanguage\":\"de\"}]}<\/script>\n<!-- \/ Yoast SEO plugin. -->","yoast_head_json":{"title":"Biologisch - paci e pagliari - Alfalfa- und Futterproduktion","robots":{"index":"index","follow":"follow","max-snippet":"max-snippet:-1","max-image-preview":"max-image-preview:large","max-video-preview":"max-video-preview:-1"},"canonical":"https:\/\/www.paciepagliarigruppo.it\/de\/produkte\/biologisch-2\/","og_locale":"de_DE","og_type":"article","og_title":"Biologisch - paci e pagliari - Alfalfa- und Futterproduktion","og_url":"https:\/\/www.paciepagliarigruppo.it\/de\/produkte\/biologisch-2\/","og_site_name":"paci e pagliari - Alfalfa- und Futterproduktion","article_modified_time":"2023-09-06T08:44:04+00:00","twitter_card":"summary_large_image","twitter_misc":{"Gesch\u00e4tzte Lesezeit":"2\u00a0Minuten"},"schema":{"@context":"https:\/\/schema.org","@graph":[{"@type":"WebPage","@id":"https:\/\/www.paciepagliarigruppo.it\/de\/produkte\/biologisch-2\/","url":"https:\/\/www.paciepagliarigruppo.it\/de\/produkte\/biologisch-2\/","name":"Biologisch - paci e pagliari - Alfalfa- und Futterproduktion","isPartOf":{"@id":"https:\/\/www.paciepagliarigruppo.it\/de\/#website"},"datePublished":"2022-06-09T13:33:49+00:00","dateModified":"2023-09-06T08:44:04+00:00","breadcrumb":{"@id":"https:\/\/www.paciepagliarigruppo.it\/de\/produkte\/biologisch-2\/#breadcrumb"},"inLanguage":"de","potentialAction":[{"@type":"ReadAction","target":["https:\/\/www.paciepagliarigruppo.it\/de\/produkte\/biologisch-2\/"]}]},{"@type":"BreadcrumbList","@id":"https:\/\/www.paciepagliarigruppo.it\/de\/produkte\/biologisch-2\/#breadcrumb","itemListElement":[{"@type":"ListItem","position":1,"name":"Home","item":"https:\/\/www.paciepagliarigruppo.it\/de\/"},{"@type":"ListItem","position":2,"name":"Produkte","item":"https:\/\/www.paciepagliarigruppo.it\/de\/produkte\/"},{"@type":"ListItem","position":3,"name":"Biologisch"}]},{"@type":"WebSite","@id":"https:\/\/www.paciepagliarigruppo.it\/de\/#website","url":"https:\/\/www.paciepagliarigruppo.it\/de\/","name":"Paci & Pagliari","description":"Produzione erba medica e foraggi","potentialAction":[{"@type":"SearchAction","target":{"@type":"EntryPoint","urlTemplate":"https:\/\/www.paciepagliarigruppo.it\/de\/?s={search_term_string}"},"query-input":{"@type":"PropertyValueSpecification","valueRequired":true,"valueName":"search_term_string"}}],"inLanguage":"de"}]}},"_links":{"self":[{"href":"https:\/\/www.paciepagliarigruppo.it\/de\/wp-json\/wp\/v2\/pages\/12437","targetHints":{"allow":["GET"]}}],"collection":[{"href":"https:\/\/www.paciepagliarigruppo.it\/de\/wp-json\/wp\/v2\/pages"}],"about":[{"href":"https:\/\/www.paciepagliarigruppo.it\/de\/wp-json\/wp\/v2\/types\/page"}],"author":[{"embeddable":true,"href":"https:\/\/www.paciepagliarigruppo.it\/de\/wp-json\/wp\/v2\/users\/6"}],"replies":[{"embeddable":true,"href":"https:\/\/www.paciepagliarigruppo.it\/de\/wp-json\/wp\/v2\/comments?post=12437"}],"version-history":[{"count":9,"href":"https:\/\/www.paciepagliarigruppo.it\/de\/wp-json\/wp\/v2\/pages\/12437\/revisions"}],"predecessor-version":[{"id":13141,"href":"https:\/\/www.paciepagliarigruppo.it\/de\/wp-json\/wp\/v2\/pages\/12437\/revisions\/13141"}],"up":[{"embeddable":true,"href":"https:\/\/www.paciepagliarigruppo.it\/de\/wp-json\/wp\/v2\/pages\/12425"}],"wp:attachment":[{"href":"https:\/\/www.paciepagliarigruppo.it\/de\/wp-json\/wp\/v2\/media?parent=12437"}],"curies":[{"name":"wp","href":"https:\/\/api.w.org\/{rel}","templated":true}]}}