{"id":12418,"date":"2019-06-28T11:51:21","date_gmt":"2019-06-28T09:51:21","guid":{"rendered":"https:\/\/www.paciepagliarigruppo.it\/privacy-policy\/"},"modified":"2023-03-16T16:20:35","modified_gmt":"2023-03-16T15:20:35","slug":"datenschutz","status":"publish","type":"page","link":"https:\/\/www.paciepagliarigruppo.it\/de\/datenschutz\/","title":{"rendered":"Datenschutz"},"content":{"rendered":"\n\t<section class=\"section\" id=\"section_1709604976\">\n\t\t<div class=\"section-bg fill\" >\n\t\t\t\t\t\t\t\t\t\n\t\t\t\n\n\t\t<\/div>\n\n\t\t\n\n\t\t<div class=\"section-content relative\">\n\t\t\t\n<div class=\"row\"  id=\"row-1800443691\">\n\n\t<div id=\"col-636506479\" class=\"col small-12 large-12\"  >\n\t\t\t\t<div class=\"col-inner\"  >\n\t\t\t\n\t\t\t\n<h2>DATENSCHUTZ<\/h2>\n<p>Auf dieser Seite wird beschrieben, wie personenbezogene Daten von Benutzern auf der Website verwaltet werden.<\/p>\n<p>Dies ist eine Datenschutzerkl\u00e4rung gem\u00e4\u00df Absatz 13 der DSGVO 679\/2016 f\u00fcr alle, die Zugriff auf die Webdienste von PACI E PAGLIARI auf der Website haben, die von diesem Link ausgeht, der die Homepage der Website ist:<br \/><a href=\"https:\/\/paciepagliari.mcgroup.it\/&quot;https:\/\/www.paciepagliarigruppo.it\/\/&quot;\">https:\/\/www.paciepagliarigruppo.it\/<\/a><\/p>\n<p>Diese Datenschutzerkl\u00e4rung betrifft nur die Website paciepagliarigruppo.it und betrifft nicht andere Websites, die der Benutzer m\u00f6glicherweise \u00fcber diesen Link besuchen k\u00f6nnte.<\/p>\n<p>Diese Datenschutzerkl\u00e4rung ist auch inspiriert von der Empfehlung Nr. 2\/2001, die am 17. Mai 2001 von den europ\u00e4ischen Beh\u00f6rden zum Schutz vertraulicher Informationen angenommen wurde, von der Gruppe, die gem\u00e4\u00df Absatz 29 der EU-Richtlinie Nr. 95\/46\/EG in geschaffen wurde, um Mindeststandards f\u00fcr die Online-Datenerhebung zu finden, insbesondere f\u00fcr die Verarbeitung, Dauer und Art der Informationen, die Benutzer beim Besuch von Websites erhalten.<\/p>\n<p>DER \u201cDATENVERANTWORTLICHE\u201d<\/p>\n<p>Nach dem Besuch dieser Website k\u00f6nnen Daten in Bezug auf identifizierte oder identifizierbare Personen verarbeitet werden.<br \/>Der \u201eVerantwortliche\u201c der Datenverarbeitung ist der gesetzliche Vertreter der Firma Paci e Pagliari Gruppo<\/p>\n<p>ORT DER DATENVERARBEITUNG<\/p>\n<p>Die Datenverarbeitung im Zusammenhang mit den Webdiensten dieser Website erfolgt am oben genannten Hauptsitz in Via Turlo, 5 \u2013 61024 \u2013 Mombaroccio (PU) und wird nur von den f\u00fcr die Verarbeitung zust\u00e4ndigen Technikern des B\u00fcros oder von beauftragten Personen durchgef\u00fchrt gelegentliche Wartung.<br \/>Es werden keine aus dem Webservice stammenden Daten mitgeteilt oder verbreitet.<br \/>Die personenbezogenen Daten, die von Benutzern zur Verf\u00fcgung gestellt werden, die die Zusendung von Informationsmaterial oder die Ver\u00f6ffentlichung von Ank\u00fcndigungen anfordern, werden nur zur Erbringung der angeforderten Dienstleistung oder Bereitstellung verwendet und nur dann an Dritte weitergegeben, wenn dies zu diesem Zweck erforderlich ist.<\/p>\n<p>ARTEN DER VERARBEITETEN DATEN<br \/>Navigationsdaten<\/p>\n<p>Die Computersysteme und Softwareverfahren, die f\u00fcr das Funktionieren dieser Website erforderlich sind, erfassen w\u00e4hrend ihres normalen Betriebs einige personenbezogene Daten, deren \u00dcbertragung bei der Verwendung von Internet-Kommunikationsprotokollen implizit ist.<br \/>Dabei handelt es sich um Informationen, die nicht erhoben werden, um identifizierten Interessenten zugeordnet zu werden, die aber aufgrund ihrer Beschaffenheit durch Verarbeitung und Verkn\u00fcpfung mit Daten im Besitz von Dritten eine Identifizierung der Nutzer erm\u00f6glichen k\u00f6nnten.<br \/>Zu dieser Datenkategorie geh\u00f6ren die IP-Adressen oder Dom\u00e4nennamen der Computer, die von Benutzern verwendet werden, die sich mit der Website verbinden, die Adressen in URI-Notation (Uniform Resource Identifier) der angeforderten Ressourcen, der Zeitpunkt der Anfrage, die verwendete Methode die Anfrage an den Server senden, die Gr\u00f6\u00dfe der als Antwort erhaltenen Datei, den numerischen Code, der den Status der vom Server gegebenen Antwort angibt (erfolgreich, Fehler usw.) und andere Parameter in Bezug auf das Betriebssystem und die IT-Umgebung des Benutzers .<br \/>Diese Daten werden ausschlie\u00dflich dazu verwendet, anonyme statistische Informationen \u00fcber die Nutzung der Website zu erhalten und ihre korrekte Funktionsweise zu \u00fcberpr\u00fcfen, und werden unmittelbar nach der Verarbeitung gel\u00f6scht. Die Daten k\u00f6nnten verwendet werden, um die Verantwortlichkeit im Falle hypothetischer Computerkriminalit\u00e4t gegen die Website festzustellen: Abgesehen von diesem Fall bleiben die Daten zu Webkontakten derzeit nicht l\u00e4nger als drei Tage bestehen.<\/p>\n<p>Freiwillig vom Benutzer bereitgestellte Daten<br \/>Das optionale, ausdr\u00fcckliche und freiwillige Versenden von E-Mails an die auf dieser Website angegebenen Adressen beinhaltet die anschlie\u00dfende Erfassung der Absenderadresse, die zur Beantwortung von Anfragen erforderlich ist, sowie aller anderen in der Nachricht enthaltenen personenbezogenen Daten.<br \/>Spezifische zusammenfassende Informationen werden nach und nach auf den Seiten der Website gemeldet oder angezeigt, die auf Anfrage f\u00fcr bestimmte Dienste eingerichtet wurden.<\/p>\n<p>FREIWILLIGE DATENBEREITSTELLUNG<\/p>\n<p>Abgesehen von den Navigationsdaten steht es dem Benutzer frei, personenbezogene Daten anzugeben, die in den Anfrageformularen der Website oder im Kontaktbereich angegeben sind.<br \/>Die Nichtbereitstellung dieser Daten kann es unm\u00f6glich machen, die angeforderten Informationen zu erhalten.<\/p>\n<p>VERARBEITUNGSMETHODEN<\/p>\n<p>Personenbezogene Daten werden mit automatisierten und Papierwerkzeugen f\u00fcr die Zeit verarbeitet, die unbedingt erforderlich ist, um die Zwecke zu erreichen, f\u00fcr die sie erhoben wurden.<br \/>Spezifische Sicherheitsma\u00dfnahmen werden eingehalten, um Datenverlust, unerlaubte oder falsche Verwendung und unbefugten Zugriff zu verhindern, die im Verarbeitungsregister besser spezifiziert sind<\/p>\n<p>RECHTE DER INTERESSIERTEN PARTEIEN<\/p>\n<p>Die Personen, auf die sich die personenbezogenen Daten beziehen, haben jederzeit das Recht auf Auskunft, Berichtigung, L\u00f6schung, Einschr\u00e4nkung, Widerspruch gegen die Behandlung sowie die M\u00f6glichkeit, die Einwilligung jederzeit unbeschadet der Rechtm\u00e4\u00dfigkeit der Behandlung zu widerrufen und einzureichen eine Beschwerde bei der Beh\u00f6rde gem\u00e4\u00df den Bestimmungen der Artikel 15 bis 22 der GDPR 679\/2016, wobei die entsprechende Anfrage an den Datenverantwortlichen gerichtet wird<br \/>Anfragen sind an <a href=\"mailto:info@paciepagliarigruppo.it\">info@paciepagliarigruppo.it<\/a> zu richten.<\/p>\n\t\t<\/div>\n\t\t\t\t\t<\/div>\n\n\t\n<\/div>\n\t\t<\/div>\n\n\t\t\n<style>\n#section_1709604976 {\n  padding-top: 0px;\n  padding-bottom: 0px;\n}\n<\/style>\n\t<\/section>\n\t\n","protected":false},"excerpt":{"rendered":"","protected":false},"author":6,"featured_media":0,"parent":0,"menu_order":0,"comment_status":"closed","ping_status":"open","template":"page-blank.php","meta":{"_acf_changed":false,"footnotes":""},"class_list":["post-12418","page","type-page","status-publish","hentry"],"acf":[],"yoast_head":"<!-- This site is optimized with the Yoast SEO plugin v27.4 - https:\/\/yoast.com\/product\/yoast-seo-wordpress\/ -->\n<title>Datenschutz - paci e pagliari - Alfalfa- und Futterproduktion<\/title>\n<meta name=\"robots\" content=\"index, nofollow, max-snippet:-1, max-image-preview:large, max-video-preview:-1\" \/>\n<link rel=\"canonical\" href=\"https:\/\/www.paciepagliarigruppo.it\/de\/datenschutz\/\" \/>\n<meta property=\"og:locale\" content=\"de_DE\" \/>\n<meta property=\"og:type\" content=\"article\" \/>\n<meta property=\"og:title\" content=\"Datenschutz - paci e pagliari - Alfalfa- und Futterproduktion\" \/>\n<meta property=\"og:url\" content=\"https:\/\/www.paciepagliarigruppo.it\/de\/datenschutz\/\" \/>\n<meta property=\"og:site_name\" content=\"paci e pagliari - Alfalfa- und Futterproduktion\" \/>\n<meta property=\"article:modified_time\" content=\"2023-03-16T15:20:35+00:00\" \/>\n<meta name=\"twitter:card\" content=\"summary_large_image\" \/>\n<meta name=\"twitter:label1\" content=\"Gesch\u00e4tzte Lesezeit\" \/>\n\t<meta name=\"twitter:data1\" content=\"4\u00a0Minuten\" \/>\n<script type=\"application\/ld+json\" class=\"yoast-schema-graph\">{\"@context\":\"https:\\\/\\\/schema.org\",\"@graph\":[{\"@type\":\"WebPage\",\"@id\":\"https:\\\/\\\/www.paciepagliarigruppo.it\\\/de\\\/datenschutz\\\/\",\"url\":\"https:\\\/\\\/www.paciepagliarigruppo.it\\\/de\\\/datenschutz\\\/\",\"name\":\"Datenschutz - paci e pagliari - Alfalfa- und Futterproduktion\",\"isPartOf\":{\"@id\":\"https:\\\/\\\/www.paciepagliarigruppo.it\\\/de\\\/#website\"},\"datePublished\":\"2019-06-28T09:51:21+00:00\",\"dateModified\":\"2023-03-16T15:20:35+00:00\",\"breadcrumb\":{\"@id\":\"https:\\\/\\\/www.paciepagliarigruppo.it\\\/de\\\/datenschutz\\\/#breadcrumb\"},\"inLanguage\":\"de\",\"potentialAction\":[{\"@type\":\"ReadAction\",\"target\":[\"https:\\\/\\\/www.paciepagliarigruppo.it\\\/de\\\/datenschutz\\\/\"]}]},{\"@type\":\"BreadcrumbList\",\"@id\":\"https:\\\/\\\/www.paciepagliarigruppo.it\\\/de\\\/datenschutz\\\/#breadcrumb\",\"itemListElement\":[{\"@type\":\"ListItem\",\"position\":1,\"name\":\"Home\",\"item\":\"https:\\\/\\\/www.paciepagliarigruppo.it\\\/de\\\/\"},{\"@type\":\"ListItem\",\"position\":2,\"name\":\"Datenschutz\"}]},{\"@type\":\"WebSite\",\"@id\":\"https:\\\/\\\/www.paciepagliarigruppo.it\\\/de\\\/#website\",\"url\":\"https:\\\/\\\/www.paciepagliarigruppo.it\\\/de\\\/\",\"name\":\"Paci & Pagliari\",\"description\":\"Produzione erba medica e foraggi\",\"potentialAction\":[{\"@type\":\"SearchAction\",\"target\":{\"@type\":\"EntryPoint\",\"urlTemplate\":\"https:\\\/\\\/www.paciepagliarigruppo.it\\\/de\\\/?s={search_term_string}\"},\"query-input\":{\"@type\":\"PropertyValueSpecification\",\"valueRequired\":true,\"valueName\":\"search_term_string\"}}],\"inLanguage\":\"de\"}]}<\/script>\n<!-- \/ Yoast SEO plugin. -->","yoast_head_json":{"title":"Datenschutz - paci e pagliari - Alfalfa- und Futterproduktion","robots":{"index":"index","follow":"nofollow","max-snippet":"max-snippet:-1","max-image-preview":"max-image-preview:large","max-video-preview":"max-video-preview:-1"},"canonical":"https:\/\/www.paciepagliarigruppo.it\/de\/datenschutz\/","og_locale":"de_DE","og_type":"article","og_title":"Datenschutz - paci e pagliari - Alfalfa- und Futterproduktion","og_url":"https:\/\/www.paciepagliarigruppo.it\/de\/datenschutz\/","og_site_name":"paci e pagliari - Alfalfa- und Futterproduktion","article_modified_time":"2023-03-16T15:20:35+00:00","twitter_card":"summary_large_image","twitter_misc":{"Gesch\u00e4tzte Lesezeit":"4\u00a0Minuten"},"schema":{"@context":"https:\/\/schema.org","@graph":[{"@type":"WebPage","@id":"https:\/\/www.paciepagliarigruppo.it\/de\/datenschutz\/","url":"https:\/\/www.paciepagliarigruppo.it\/de\/datenschutz\/","name":"Datenschutz - paci e pagliari - Alfalfa- und Futterproduktion","isPartOf":{"@id":"https:\/\/www.paciepagliarigruppo.it\/de\/#website"},"datePublished":"2019-06-28T09:51:21+00:00","dateModified":"2023-03-16T15:20:35+00:00","breadcrumb":{"@id":"https:\/\/www.paciepagliarigruppo.it\/de\/datenschutz\/#breadcrumb"},"inLanguage":"de","potentialAction":[{"@type":"ReadAction","target":["https:\/\/www.paciepagliarigruppo.it\/de\/datenschutz\/"]}]},{"@type":"BreadcrumbList","@id":"https:\/\/www.paciepagliarigruppo.it\/de\/datenschutz\/#breadcrumb","itemListElement":[{"@type":"ListItem","position":1,"name":"Home","item":"https:\/\/www.paciepagliarigruppo.it\/de\/"},{"@type":"ListItem","position":2,"name":"Datenschutz"}]},{"@type":"WebSite","@id":"https:\/\/www.paciepagliarigruppo.it\/de\/#website","url":"https:\/\/www.paciepagliarigruppo.it\/de\/","name":"Paci & Pagliari","description":"Produzione erba medica e foraggi","potentialAction":[{"@type":"SearchAction","target":{"@type":"EntryPoint","urlTemplate":"https:\/\/www.paciepagliarigruppo.it\/de\/?s={search_term_string}"},"query-input":{"@type":"PropertyValueSpecification","valueRequired":true,"valueName":"search_term_string"}}],"inLanguage":"de"}]}},"_links":{"self":[{"href":"https:\/\/www.paciepagliarigruppo.it\/de\/wp-json\/wp\/v2\/pages\/12418","targetHints":{"allow":["GET"]}}],"collection":[{"href":"https:\/\/www.paciepagliarigruppo.it\/de\/wp-json\/wp\/v2\/pages"}],"about":[{"href":"https:\/\/www.paciepagliarigruppo.it\/de\/wp-json\/wp\/v2\/types\/page"}],"author":[{"embeddable":true,"href":"https:\/\/www.paciepagliarigruppo.it\/de\/wp-json\/wp\/v2\/users\/6"}],"replies":[{"embeddable":true,"href":"https:\/\/www.paciepagliarigruppo.it\/de\/wp-json\/wp\/v2\/comments?post=12418"}],"version-history":[{"count":3,"href":"https:\/\/www.paciepagliarigruppo.it\/de\/wp-json\/wp\/v2\/pages\/12418\/revisions"}],"predecessor-version":[{"id":12430,"href":"https:\/\/www.paciepagliarigruppo.it\/de\/wp-json\/wp\/v2\/pages\/12418\/revisions\/12430"}],"wp:attachment":[{"href":"https:\/\/www.paciepagliarigruppo.it\/de\/wp-json\/wp\/v2\/media?parent=12418"}],"curies":[{"name":"wp","href":"https:\/\/api.w.org\/{rel}","templated":true}]}}