{"id":12356,"date":"2022-06-13T12:18:39","date_gmt":"2022-06-13T10:18:39","guid":{"rendered":"https:\/\/www.paciepagliarigruppo.it\/news\/"},"modified":"2026-03-24T17:24:19","modified_gmt":"2026-03-24T16:24:19","slug":"news","status":"publish","type":"page","link":"https:\/\/www.paciepagliarigruppo.it\/de\/news\/","title":{"rendered":"News"},"content":{"rendered":"\n\t<section class=\"section\" id=\"section_1219883592\">\n\t\t<div class=\"section-bg fill\" >\n\t\t\t\t\t\t\t\t\t\n\t\t\t\n\n\t\t<\/div>\n\n\t\t\n\n\t\t<div class=\"section-content relative\">\n\t\t\t\n\n  <div class=\"banner has-hover\" id=\"banner-436582560\">\n          <div class=\"banner-inner fill\">\n        <div class=\"banner-bg fill\" >\n            <img loading=\"lazy\" decoding=\"async\" width=\"1900\" height=\"1031\" src=\"https:\/\/www.paciepagliarigruppo.it\/wp-content\/uploads\/2022\/09\/news2.jpeg\" class=\"bg attachment-original size-original\" alt=\"\" \/>                        <div class=\"overlay\"><\/div>            \n                    <\/div>\n\t\t\n        <div class=\"banner-layers container\">\n            <div class=\"fill banner-link\"><\/div>            \n   <div id=\"text-box-1114104447\" class=\"text-box banner-layer x50 md-x50 lg-x50 y65 md-y65 lg-y70 res-text\">\n                                <div class=\"text-box-content text dark\">\n              \n              <div class=\"text-inner text-center\">\n                  \n\t<div id=\"text-1785580085\" class=\"text titolobanner\">\n\t\t\n<h1 class=\"uppercase\">News<\/h1>\n\t\t\n<style>\n#text-1785580085 {\n  font-size: 0.75rem;\n}\n<\/style>\n\t<\/div>\n\t\n              <\/div>\n           <\/div>\n                            \n<style>\n#text-box-1114104447 {\n  width: 60%;\n}\n#text-box-1114104447 .text-box-content {\n  font-size: 100%;\n}\n<\/style>\n    <\/div>\n \n        <\/div>\n      <\/div>\n\n            \n<style>\n#banner-436582560 {\n  padding-top: 350px;\n}\n#banner-436582560 .overlay {\n  background-color: rgba(0, 0, 0, 0.343);\n}\n<\/style>\n  <\/div>\n\n\n\t\t<\/div>\n\n\t\t\n<style>\n#section_1219883592 {\n  padding-top: 0px;\n  padding-bottom: 0px;\n}\n<\/style>\n\t<\/section>\n\t\n\n\t<section class=\"section\" id=\"section_855135967\">\n\t\t<div class=\"section-bg fill\" >\n\t\t\t\t\t\t\t\t\t\n\t\t\t\n\n\t\t<\/div>\n\n\t\t\n\n\t\t<div class=\"section-content relative\">\n\t\t\t\n<div class=\"row\"  id=\"row-1459368002\">\n\n\t<div id=\"col-336323401\" class=\"col small-12 large-12\"  >\n\t\t\t\t<div class=\"col-inner\"  >\n\t\t\t\n\t\t\t\n\t<div id=\"gap-1510994296\" class=\"gap-element clearfix\" style=\"display:block; height:auto;\">\n\t\t\n<style>\n#gap-1510994296 {\n  padding-top: 30px;\n}\n<\/style>\n\t<\/div>\n\t\n<p><a href=\"https:\/\/www.paciepagliarigruppo.it\/de\/\">HOME<\/a> | News<\/p>\n\t\t<\/div>\n\t\t\t\t\t<\/div>\n\n\t\n<\/div>\n\t\t<\/div>\n\n\t\t\n<style>\n#section_855135967 {\n  padding-top: 0px;\n  padding-bottom: 0px;\n}\n<\/style>\n\t<\/section>\n\t\n\n\t<section class=\"section\" id=\"section_2104538695\">\n\t\t<div class=\"section-bg fill\" >\n\t\t\t\t\t\t\t\t\t\n\t\t\t\n\n\t\t<\/div>\n\n\t\t\n\n\t\t<div class=\"section-content relative\">\n\t\t\t\n<div class=\"row align-center\"  id=\"row-54463534\">\n\n\t<div id=\"col-978811862\" class=\"col small-12 large-12\"  >\n\t\t\t\t<div class=\"col-inner text-center\"  >\n\t\t\t\n\t\t\t\n\t<div id=\"text-3486815685\" class=\"text\">\n\t\t\n<h2 class=\"uppercase\"><strong>News<\/strong><\/h2>\n\t\t\n<style>\n#text-3486815685 {\n  text-align: center;\n}\n<\/style>\n\t<\/div>\n\t\n\n  \n    <div class=\"row large-columns-3 medium-columns-3 small-columns-1 has-shadow row-box-shadow-1-hover\" >\n  <div class=\"col post-item\" >\n\t\t\t<div class=\"col-inner\">\n\t\t\t\t<div class=\"box box-default box-text-bottom box-blog-post has-hover\">\n            \t\t\t\t\t<div class=\"box-image\" style=\"width:85%;\">\n  \t\t\t\t\t\t<div class=\"image-zoom image-cover\" style=\"padding-top:100%;\">\n\t\t\t\t\t\t\t<a href=\"https:\/\/www.paciepagliarigruppo.it\/de\/biologische-landwirtschaft\/\" class=\"plain\" aria-label=\"Biologische Landwirtschaft\">\n\t\t\t\t\t\t\t\t<img loading=\"lazy\" decoding=\"async\" width=\"2048\" height=\"1279\" src=\"https:\/\/www.paciepagliarigruppo.it\/wp-content\/uploads\/2022\/06\/Ape-2048x1279-1.png\" class=\"attachment-original size-original wp-post-image\" alt=\"\" srcset=\"https:\/\/www.paciepagliarigruppo.it\/wp-content\/uploads\/2022\/06\/Ape-2048x1279-1.png 2048w, https:\/\/www.paciepagliarigruppo.it\/wp-content\/uploads\/2022\/06\/Ape-2048x1279-1-300x187.png 300w, https:\/\/www.paciepagliarigruppo.it\/wp-content\/uploads\/2022\/06\/Ape-2048x1279-1-1024x640.png 1024w, https:\/\/www.paciepagliarigruppo.it\/wp-content\/uploads\/2022\/06\/Ape-2048x1279-1-768x480.png 768w, https:\/\/www.paciepagliarigruppo.it\/wp-content\/uploads\/2022\/06\/Ape-2048x1279-1-1536x959.png 1536w\" sizes=\"auto, (max-width: 2048px) 100vw, 2048px\" \/>\t\t\t\t\t\t\t<\/a>\n  \t\t\t\t\t\t\t  \t\t\t\t\t\t\t  \t\t\t\t\t\t<\/div>\n  \t\t\t\t\t\t  \t\t\t\t\t<\/div>\n          \t\t\t\t\t<div class=\"box-text text-left\" >\n\t\t\t\t\t<div class=\"box-text-inner blog-post-inner\">\n\n\t\t\t\t\t\n\t\t\t\t\t\t\t\t\t\t<h5 class=\"post-title is-large \">\n\t\t\t\t\t\t<a href=\"https:\/\/www.paciepagliarigruppo.it\/de\/biologische-landwirtschaft\/\" class=\"plain\">Biologische Landwirtschaft<\/a>\n\t\t\t\t\t<\/h5>\n\t\t\t\t\t\t\t\t\t\t<div class=\"is-divider\"><\/div>\n\t\t\t\t\t\t\t\t\t\t<p class=\"from_the_blog_excerpt \">\n\t\t\t\t\t\tIFOAM (Internationaler F\u00f6deration der Bewegungen f\u00fcr die organische Landwirtschaft) definiert somit die biologische Landwirtschaft: \u201eAlle landwirtschaftlichen Systeme, die die Produktion von Lebensmitteln und Fasern in einer Sanktion f\u00f6rdern, wirtschaftlich und aus Umweltstand.\t\t\t\t\t<\/p>\n\t\t\t\t\t                    \n\t\t\t\t\t\t\t\t\t\t\t<a href=\"https:\/\/www.paciepagliarigruppo.it\/de\/biologische-landwirtschaft\/\" class=\"button primary is-bevel is-small mb-0\">\n\t\t\t\t\t\t\tWeiterlesen\t\t\t\t\t\t<\/a>\n\t\t\t\t\t\n\t\t\t\t\t\n\t\t\t\t\t<\/div>\n\t\t\t\t\t<\/div>\n\t\t\t\t\t\t\t\t\t<\/div>\n\t\t\t<\/div>\n\t\t<\/div><div class=\"col post-item\" >\n\t\t\t<div class=\"col-inner\">\n\t\t\t\t<div class=\"box box-default box-text-bottom box-blog-post has-hover\">\n            \t\t\t\t\t<div class=\"box-image\" style=\"width:85%;\">\n  \t\t\t\t\t\t<div class=\"image-zoom image-cover\" style=\"padding-top:100%;\">\n\t\t\t\t\t\t\t<a href=\"https:\/\/www.paciepagliarigruppo.it\/de\/luzerne-mehr-dazu\/\" class=\"plain\" aria-label=\"Luzerne: mehr dazu\">\n\t\t\t\t\t\t\t\t<img loading=\"lazy\" decoding=\"async\" width=\"2048\" height=\"1279\" src=\"https:\/\/www.paciepagliarigruppo.it\/wp-content\/uploads\/2022\/06\/Balla-di-fieno-1-2048x1279-1.png\" class=\"attachment-original size-original wp-post-image\" alt=\"\" srcset=\"https:\/\/www.paciepagliarigruppo.it\/wp-content\/uploads\/2022\/06\/Balla-di-fieno-1-2048x1279-1.png 2048w, https:\/\/www.paciepagliarigruppo.it\/wp-content\/uploads\/2022\/06\/Balla-di-fieno-1-2048x1279-1-300x187.png 300w, https:\/\/www.paciepagliarigruppo.it\/wp-content\/uploads\/2022\/06\/Balla-di-fieno-1-2048x1279-1-1024x640.png 1024w, https:\/\/www.paciepagliarigruppo.it\/wp-content\/uploads\/2022\/06\/Balla-di-fieno-1-2048x1279-1-768x480.png 768w, https:\/\/www.paciepagliarigruppo.it\/wp-content\/uploads\/2022\/06\/Balla-di-fieno-1-2048x1279-1-1536x959.png 1536w\" sizes=\"auto, (max-width: 2048px) 100vw, 2048px\" \/>\t\t\t\t\t\t\t<\/a>\n  \t\t\t\t\t\t\t  \t\t\t\t\t\t\t  \t\t\t\t\t\t<\/div>\n  \t\t\t\t\t\t  \t\t\t\t\t<\/div>\n          \t\t\t\t\t<div class=\"box-text text-left\" >\n\t\t\t\t\t<div class=\"box-text-inner blog-post-inner\">\n\n\t\t\t\t\t\n\t\t\t\t\t\t\t\t\t\t<h5 class=\"post-title is-large \">\n\t\t\t\t\t\t<a href=\"https:\/\/www.paciepagliarigruppo.it\/de\/luzerne-mehr-dazu\/\" class=\"plain\">Luzerne: mehr dazu<\/a>\n\t\t\t\t\t<\/h5>\n\t\t\t\t\t\t\t\t\t\t<div class=\"is-divider\"><\/div>\n\t\t\t\t\t\t\t\t\t\t<p class=\"from_the_blog_excerpt \">\n\t\t\t\t\t\tMedicago sativa ist eine mehrj\u00e4hrige Pflanze mit einem dichtenden Radikalger\u00e4t, das eine L\u00e4nge von 3 m erreichen kann. Es hat eine basale Krone, aus der mehr oder weniger aufrechte St\u00e4ngel stammen und das Messger\u00e4t in der H\u00f6he erreichen k\u00f6nnen, Kabel im Inneren. Die Bl\u00e4tter sind dreifach und unterschieden sich von [...]\t\t\t\t\t<\/p>\n\t\t\t\t\t                    \n\t\t\t\t\t\t\t\t\t\t\t<a href=\"https:\/\/www.paciepagliarigruppo.it\/de\/luzerne-mehr-dazu\/\" class=\"button primary is-bevel is-small mb-0\">\n\t\t\t\t\t\t\tWeiterlesen\t\t\t\t\t\t<\/a>\n\t\t\t\t\t\n\t\t\t\t\t\n\t\t\t\t\t<\/div>\n\t\t\t\t\t<\/div>\n\t\t\t\t\t\t\t\t\t<\/div>\n\t\t\t<\/div>\n\t\t<\/div><div class=\"col post-item\" >\n\t\t\t<div class=\"col-inner\">\n\t\t\t\t<div class=\"box box-default box-text-bottom box-blog-post has-hover\">\n            \t\t\t\t\t<div class=\"box-image\" style=\"width:85%;\">\n  \t\t\t\t\t\t<div class=\"image-zoom image-cover\" style=\"padding-top:100%;\">\n\t\t\t\t\t\t\t<a href=\"https:\/\/www.paciepagliarigruppo.it\/de\/was-ist-biogas\/\" class=\"plain\" aria-label=\"Was ist Biogas?\">\n\t\t\t\t\t\t\t\t<img loading=\"lazy\" decoding=\"async\" width=\"2560\" height=\"1920\" src=\"https:\/\/www.paciepagliarigruppo.it\/wp-content\/uploads\/2023\/06\/AdobeStock_271051677-scaled.jpg\" class=\"attachment-original size-original wp-post-image\" alt=\"\" srcset=\"https:\/\/www.paciepagliarigruppo.it\/wp-content\/uploads\/2023\/06\/AdobeStock_271051677-scaled.jpg 2560w, https:\/\/www.paciepagliarigruppo.it\/wp-content\/uploads\/2023\/06\/AdobeStock_271051677-300x225.jpg 300w, https:\/\/www.paciepagliarigruppo.it\/wp-content\/uploads\/2023\/06\/AdobeStock_271051677-1024x768.jpg 1024w, https:\/\/www.paciepagliarigruppo.it\/wp-content\/uploads\/2023\/06\/AdobeStock_271051677-768x576.jpg 768w, https:\/\/www.paciepagliarigruppo.it\/wp-content\/uploads\/2023\/06\/AdobeStock_271051677-1536x1152.jpg 1536w, https:\/\/www.paciepagliarigruppo.it\/wp-content\/uploads\/2023\/06\/AdobeStock_271051677-2048x1536.jpg 2048w\" sizes=\"auto, (max-width: 2560px) 100vw, 2560px\" \/>\t\t\t\t\t\t\t<\/a>\n  \t\t\t\t\t\t\t  \t\t\t\t\t\t\t  \t\t\t\t\t\t<\/div>\n  \t\t\t\t\t\t  \t\t\t\t\t<\/div>\n          \t\t\t\t\t<div class=\"box-text text-left\" >\n\t\t\t\t\t<div class=\"box-text-inner blog-post-inner\">\n\n\t\t\t\t\t\n\t\t\t\t\t\t\t\t\t\t<h5 class=\"post-title is-large \">\n\t\t\t\t\t\t<a href=\"https:\/\/www.paciepagliarigruppo.it\/de\/was-ist-biogas\/\" class=\"plain\">Was ist Biogas?<\/a>\n\t\t\t\t\t<\/h5>\n\t\t\t\t\t\t\t\t\t\t<div class=\"is-divider\"><\/div>\n\t\t\t\t\t\t\t\t\t\t<p class=\"from_the_blog_excerpt \">\n\t\t\t\t\t\tBiogas ist ein Gemisch aus Methangas und Kohlendioxid, das durch Fermentation ohne Sauerstoff (oder anaeroben Verdau) von organischen Matrizen erzeugt wird. Die Produktion von Biogas findet spontan in der Natur im Verdauungssystem von Tieren statt und hat immer dann, wenn man organisches Material in Abwesenheit von Sauerstoff verwandelt.\t\t\t\t\t<\/p>\n\t\t\t\t\t                    \n\t\t\t\t\t\t\t\t\t\t\t<a href=\"https:\/\/www.paciepagliarigruppo.it\/de\/was-ist-biogas\/\" class=\"button primary is-bevel is-small mb-0\">\n\t\t\t\t\t\t\tWeiterlesen\t\t\t\t\t\t<\/a>\n\t\t\t\t\t\n\t\t\t\t\t\n\t\t\t\t\t<\/div>\n\t\t\t\t\t<\/div>\n\t\t\t\t\t\t\t\t\t<\/div>\n\t\t\t<\/div>\n\t\t<\/div><\/div>\n\t\t<\/div>\n\t\t\t\t\t<\/div>\n\n\t\n<\/div>\n\t\t<\/div>\n\n\t\t\n<style>\n#section_2104538695 {\n  padding-top: 30px;\n  padding-bottom: 30px;\n}\n<\/style>\n\t<\/section>\n\t\n","protected":false},"excerpt":{"rendered":"","protected":false},"author":6,"featured_media":0,"parent":0,"menu_order":0,"comment_status":"closed","ping_status":"closed","template":"page-blank.php","meta":{"_acf_changed":false,"footnotes":""},"class_list":["post-12356","page","type-page","status-publish","hentry"],"acf":[],"yoast_head":"<!-- This site is optimized with the Yoast SEO plugin v27.5 - https:\/\/yoast.com\/product\/yoast-seo-wordpress\/ -->\n<title>News - paci e pagliari - Alfalfa- und Futterproduktion<\/title>\n<meta name=\"robots\" content=\"index, follow, max-snippet:-1, max-image-preview:large, max-video-preview:-1\" \/>\n<link rel=\"canonical\" href=\"https:\/\/www.paciepagliarigruppo.it\/de\/news\/\" \/>\n<meta property=\"og:locale\" content=\"de_DE\" \/>\n<meta property=\"og:type\" content=\"article\" \/>\n<meta property=\"og:title\" content=\"News - paci e pagliari - Alfalfa- und Futterproduktion\" \/>\n<meta property=\"og:url\" content=\"https:\/\/www.paciepagliarigruppo.it\/de\/news\/\" \/>\n<meta property=\"og:site_name\" content=\"paci e pagliari - Alfalfa- und Futterproduktion\" \/>\n<meta property=\"article:modified_time\" content=\"2026-03-24T16:24:19+00:00\" \/>\n<meta name=\"twitter:card\" content=\"summary_large_image\" \/>\n<meta name=\"twitter:label1\" content=\"Gesch\u00e4tzte Lesezeit\" \/>\n\t<meta name=\"twitter:data1\" content=\"1\u00a0Minute\" \/>\n<script type=\"application\/ld+json\" class=\"yoast-schema-graph\">{\"@context\":\"https:\\\/\\\/schema.org\",\"@graph\":[{\"@type\":\"WebPage\",\"@id\":\"https:\\\/\\\/www.paciepagliarigruppo.it\\\/de\\\/news\\\/\",\"url\":\"https:\\\/\\\/www.paciepagliarigruppo.it\\\/de\\\/news\\\/\",\"name\":\"News - paci e pagliari - Alfalfa- und Futterproduktion\",\"isPartOf\":{\"@id\":\"https:\\\/\\\/www.paciepagliarigruppo.it\\\/de\\\/#website\"},\"datePublished\":\"2022-06-13T10:18:39+00:00\",\"dateModified\":\"2026-03-24T16:24:19+00:00\",\"breadcrumb\":{\"@id\":\"https:\\\/\\\/www.paciepagliarigruppo.it\\\/de\\\/news\\\/#breadcrumb\"},\"inLanguage\":\"de\",\"potentialAction\":[{\"@type\":\"ReadAction\",\"target\":[\"https:\\\/\\\/www.paciepagliarigruppo.it\\\/de\\\/news\\\/\"]}]},{\"@type\":\"BreadcrumbList\",\"@id\":\"https:\\\/\\\/www.paciepagliarigruppo.it\\\/de\\\/news\\\/#breadcrumb\",\"itemListElement\":[{\"@type\":\"ListItem\",\"position\":1,\"name\":\"Home\",\"item\":\"https:\\\/\\\/www.paciepagliarigruppo.it\\\/de\\\/\"},{\"@type\":\"ListItem\",\"position\":2,\"name\":\"News\"}]},{\"@type\":\"WebSite\",\"@id\":\"https:\\\/\\\/www.paciepagliarigruppo.it\\\/de\\\/#website\",\"url\":\"https:\\\/\\\/www.paciepagliarigruppo.it\\\/de\\\/\",\"name\":\"Paci & Pagliari\",\"description\":\"Produzione erba medica e foraggi\",\"potentialAction\":[{\"@type\":\"SearchAction\",\"target\":{\"@type\":\"EntryPoint\",\"urlTemplate\":\"https:\\\/\\\/www.paciepagliarigruppo.it\\\/de\\\/?s={search_term_string}\"},\"query-input\":{\"@type\":\"PropertyValueSpecification\",\"valueRequired\":true,\"valueName\":\"search_term_string\"}}],\"inLanguage\":\"de\"}]}<\/script>\n<!-- \/ Yoast SEO plugin. -->","yoast_head_json":{"title":"News - paci e pagliari - Alfalfa- und Futterproduktion","robots":{"index":"index","follow":"follow","max-snippet":"max-snippet:-1","max-image-preview":"max-image-preview:large","max-video-preview":"max-video-preview:-1"},"canonical":"https:\/\/www.paciepagliarigruppo.it\/de\/news\/","og_locale":"de_DE","og_type":"article","og_title":"News - paci e pagliari - Alfalfa- und Futterproduktion","og_url":"https:\/\/www.paciepagliarigruppo.it\/de\/news\/","og_site_name":"paci e pagliari - Alfalfa- und Futterproduktion","article_modified_time":"2026-03-24T16:24:19+00:00","twitter_card":"summary_large_image","twitter_misc":{"Gesch\u00e4tzte Lesezeit":"1\u00a0Minute"},"schema":{"@context":"https:\/\/schema.org","@graph":[{"@type":"WebPage","@id":"https:\/\/www.paciepagliarigruppo.it\/de\/news\/","url":"https:\/\/www.paciepagliarigruppo.it\/de\/news\/","name":"News - paci e pagliari - Alfalfa- und Futterproduktion","isPartOf":{"@id":"https:\/\/www.paciepagliarigruppo.it\/de\/#website"},"datePublished":"2022-06-13T10:18:39+00:00","dateModified":"2026-03-24T16:24:19+00:00","breadcrumb":{"@id":"https:\/\/www.paciepagliarigruppo.it\/de\/news\/#breadcrumb"},"inLanguage":"de","potentialAction":[{"@type":"ReadAction","target":["https:\/\/www.paciepagliarigruppo.it\/de\/news\/"]}]},{"@type":"BreadcrumbList","@id":"https:\/\/www.paciepagliarigruppo.it\/de\/news\/#breadcrumb","itemListElement":[{"@type":"ListItem","position":1,"name":"Home","item":"https:\/\/www.paciepagliarigruppo.it\/de\/"},{"@type":"ListItem","position":2,"name":"News"}]},{"@type":"WebSite","@id":"https:\/\/www.paciepagliarigruppo.it\/de\/#website","url":"https:\/\/www.paciepagliarigruppo.it\/de\/","name":"Paci & Pagliari","description":"Produzione erba medica e foraggi","potentialAction":[{"@type":"SearchAction","target":{"@type":"EntryPoint","urlTemplate":"https:\/\/www.paciepagliarigruppo.it\/de\/?s={search_term_string}"},"query-input":{"@type":"PropertyValueSpecification","valueRequired":true,"valueName":"search_term_string"}}],"inLanguage":"de"}]}},"_links":{"self":[{"href":"https:\/\/www.paciepagliarigruppo.it\/de\/wp-json\/wp\/v2\/pages\/12356","targetHints":{"allow":["GET"]}}],"collection":[{"href":"https:\/\/www.paciepagliarigruppo.it\/de\/wp-json\/wp\/v2\/pages"}],"about":[{"href":"https:\/\/www.paciepagliarigruppo.it\/de\/wp-json\/wp\/v2\/types\/page"}],"author":[{"embeddable":true,"href":"https:\/\/www.paciepagliarigruppo.it\/de\/wp-json\/wp\/v2\/users\/6"}],"replies":[{"embeddable":true,"href":"https:\/\/www.paciepagliarigruppo.it\/de\/wp-json\/wp\/v2\/comments?post=12356"}],"version-history":[{"count":2,"href":"https:\/\/www.paciepagliarigruppo.it\/de\/wp-json\/wp\/v2\/pages\/12356\/revisions"}],"predecessor-version":[{"id":12414,"href":"https:\/\/www.paciepagliarigruppo.it\/de\/wp-json\/wp\/v2\/pages\/12356\/revisions\/12414"}],"wp:attachment":[{"href":"https:\/\/www.paciepagliarigruppo.it\/de\/wp-json\/wp\/v2\/media?parent=12356"}],"curies":[{"name":"wp","href":"https:\/\/api.w.org\/{rel}","templated":true}]}}