{"id":12346,"date":"2019-07-18T10:32:24","date_gmt":"2019-07-18T08:32:24","guid":{"rendered":"https:\/\/www.paciepagliarigruppo.it\/la-produzione\/"},"modified":"2026-03-24T16:46:46","modified_gmt":"2026-03-24T15:46:46","slug":"produktionsweg","status":"publish","type":"page","link":"https:\/\/www.paciepagliarigruppo.it\/de\/produktionsweg\/","title":{"rendered":"Produktionsweg"},"content":{"rendered":"\n\t<section class=\"section\" id=\"section_977276843\">\n\t\t<div class=\"section-bg fill\" >\n\t\t\t\t\t\t\t\t\t\n\t\t\t\n\n\t\t<\/div>\n\n\t\t\n\n\t\t<div class=\"section-content relative\">\n\t\t\t\n<div class=\"row\"  id=\"row-55473844\">\n\n\t<div id=\"col-662126614\" class=\"col small-12 large-12\"  >\n\t\t\t\t<div class=\"col-inner\"  >\n\t\t\t\n\t\t\t\n\t<div id=\"gap-1319619132\" class=\"gap-element clearfix\" style=\"display:block; height:auto;\">\n\t\t\n<style>\n#gap-1319619132 {\n  padding-top: 30px;\n}\n<\/style>\n\t<\/div>\n\t\n<p><a href=\"https:\/\/www.paciepagliarigruppo.it\/de\/\">HOME<\/a> | Der Produktionsweg: vom Land bis zum Verbraucher<\/p>\n\t\t<\/div>\n\t\t\t\t\n<style>\n#col-662126614 > .col-inner {\n  margin: 0px 0px -30px 0px;\n}\n<\/style>\n\t<\/div>\n\n\t\n<\/div>\n\t\t<\/div>\n\n\t\t\n<style>\n#section_977276843 {\n  padding-top: 0px;\n  padding-bottom: 0px;\n}\n<\/style>\n\t<\/section>\n\t\n\n\t<section class=\"section dark\" id=\"section_1044192555\">\n\t\t<div class=\"section-bg fill\" >\n\t\t\t\t\t\t\t\t\t\n\t\t\t\n\n\t\t<\/div>\n\n\t\t\n\n\t\t<div class=\"section-content relative\">\n\t\t\t\n<div class=\"row align-middle align-center\"  id=\"row-607869402\">\n\n\t<div id=\"col-1612107770\" class=\"col small-12 large-12\"  >\n\t\t\t\t<div class=\"col-inner\"  >\n\t\t\t\n\t\t\t\n\t<div id=\"gap-1661898085\" class=\"gap-element clearfix\" style=\"display:block; height:auto;\">\n\t\t\n<style>\n#gap-1661898085 {\n  padding-top: 80px;\n}\n<\/style>\n\t<\/div>\n\t\n\t\t<\/div>\n\t\t\t\t\t<\/div>\n\n\t\n\n\t<div id=\"col-1452520544\" class=\"col medium-6 small-12 large-6\"  >\n\t\t\t\t<div class=\"col-inner\"  >\n\t\t\t\n\t\t\t\n\t<div id=\"text-489186980\" class=\"text\">\n\t\t\n<h2 class=\"uppercase thin-font\">Der Produktionsweg: <br \/>vom Land bis zum Verbraucher<br \/>kreislaufwirtschaft<\/h2>\n<p>Dank unseres wachsenden Interesses an erneuerbaren Energien haben wir nachhaltige Projekte zur Erzeugung gr\u00fcner Energie entwickelt. Die Gruppe installierte 4 Biogasanlagen zur Erzeugung von thermischer und elektrischer Energie sowie hervorragendem organischen und biologischen D\u00fcnger. In den letzten Jahren hat die Gruppe au\u00dferdem 8 Solar-Photovoltaik-Anlagen installiert, um nachhaltigen Strom zu produzieren. Die genannten Anlagen erzeugen ausschlie\u00dflich erneuerbare Energie f\u00fcr den Eigenverbrauch.<\/p>\n<p id=\"ettari\">\n\t\t\n<style>\n#text-489186980 {\n  text-align: left;\n}\n<\/style>\n\t<\/div>\n\t\n\t\t<\/div>\n\t\t\t\t\t<\/div>\n\n\t\n\n\t<div id=\"col-1739210775\" class=\"col medium-6 small-12 large-6\"  >\n\t\t\t\t<div class=\"col-inner\"  >\n\t\t\t\n\t\t\t\n<div class=\"video video-fit mb\" style=\"padding-top:56.25%;\"><p><iframe loading=\"lazy\" title=\"Paci &amp; Pagliari\" width=\"1020\" height=\"574\" src=\"https:\/\/www.youtube.com\/embed\/x5Hvz-sr94o?feature=oembed\" frameborder=\"0\" allow=\"accelerometer; autoplay; clipboard-write; encrypted-media; gyroscope; picture-in-picture; web-share\" allowfullscreen><\/iframe><\/p>\n<\/div>\n\t\t<\/div>\n\t\t\t\t\t<\/div>\n\n\t\n\n\t<div id=\"col-1886376128\" class=\"col small-12 large-12\"  >\n\t\t\t\t<div class=\"col-inner\"  >\n\t\t\t\n\t\t\t\n\t<div id=\"gap-610396127\" class=\"gap-element clearfix\" style=\"display:block; height:auto;\">\n\t\t\n<style>\n#gap-610396127 {\n  padding-top: 80px;\n}\n<\/style>\n\t<\/div>\n\t\n\t\t<\/div>\n\t\t\t\t\t<\/div>\n\n\t\n<\/div>\n\t\t<\/div>\n\n\t\t\n<style>\n#section_1044192555 {\n  padding-top: 0px;\n  padding-bottom: 0px;\n  background-color: #009f5f;\n}\n<\/style>\n\t<\/section>\n\t\n\n\t<section class=\"section\" id=\"section_14610831\">\n\t\t<div class=\"section-bg fill\" >\n\t\t\t\t\t\t\t\t\t\n\t\t\t\n\n\t\t<\/div>\n\n\t\t\n\n\t\t<div class=\"section-content relative\">\n\t\t\t\n\n  <div class=\"banner has-hover\" id=\"banner-1494539364\">\n          <div class=\"banner-inner fill\">\n        <div class=\"banner-bg fill\" >\n            <img loading=\"lazy\" decoding=\"async\" width=\"2560\" height=\"1705\" src=\"https:\/\/www.paciepagliarigruppo.it\/wp-content\/uploads\/2022\/07\/Trattore-scaled.jpeg\" class=\"bg attachment-original size-original\" alt=\"\" \/>                        <div class=\"overlay\"><\/div>            \n                    <\/div>\n\t\t\n        <div class=\"banner-layers container\">\n            <div class=\"fill banner-link\"><\/div>            \n   <div id=\"text-box-706950744\" class=\"text-box banner-layer x10 md-x5 lg-x5 y10 md-y10 lg-y50 res-text\">\n                                <div class=\"text-box-content text dark\">\n              \n              <div class=\"text-inner text-center\">\n                  \n\t<div id=\"text-212900652\" class=\"text\">\n\t\t\n<h3>6500 Hektar Land<\/h3>\n<p>Durch die Verwaltung der auf 6500  Hektar Land produzierten Produkte garantieren wir die Kontrolle jeder Produktionsphase: von der Vorbereitung des Bodens bis zur Aussaat, vom Anbau bis zur Ernte der Produkte.<\/p>\n<p id=\"rispetto\">\n\t\t\n<style>\n#text-212900652 {\n  font-size: 1rem;\n  text-align: left;\n}\n<\/style>\n\t<\/div>\n\t\n              <\/div>\n           <\/div>\n                            \n<style>\n#text-box-706950744 {\n  width: 67%;\n}\n#text-box-706950744 .text-box-content {\n  font-size: 100%;\n}\n@media (min-width:550px) {\n  #text-box-706950744 {\n    width: 42%;\n  }\n}\n@media (min-width:850px) {\n  #text-box-706950744 {\n    width: 47%;\n  }\n}\n<\/style>\n    <\/div>\n \n        <\/div>\n      <\/div>\n\n            \n<style>\n#banner-1494539364 {\n  padding-top: 600px;\n}\n#banner-1494539364 .overlay {\n  background-color: rgba(0, 0, 0, 0.343);\n}\n<\/style>\n  <\/div>\n\n\n\t\t<\/div>\n\n\t\t\n<style>\n#section_14610831 {\n  padding-top: 0px;\n  padding-bottom: 0px;\n}\n<\/style>\n\t<\/section>\n\t\n\n\t<section class=\"section\" id=\"section_547906276\">\n\t\t<div class=\"section-bg fill\" >\n\t\t\t\t\t\t\t\t\t\n\t\t\t\n\n\t\t<\/div>\n\n\t\t\n\n\t\t<div class=\"section-content relative\">\n\t\t\t\n\n  <div class=\"banner has-hover\" id=\"banner-1300348602\">\n          <div class=\"banner-inner fill\">\n        <div class=\"banner-bg fill\" >\n            <img loading=\"lazy\" decoding=\"async\" width=\"1600\" height=\"575\" src=\"https:\/\/www.paciepagliarigruppo.it\/wp-content\/uploads\/2022\/07\/WhatsApp-Image-2022-07-12-at-10.59.36.jpeg\" class=\"bg attachment-original size-original\" alt=\"\" \/>                        <div class=\"overlay\"><\/div>            \n                    <\/div>\n\t\t\n        <div class=\"banner-layers container\">\n            <div class=\"fill banner-link\"><\/div>            \n   <div id=\"text-box-768940596\" class=\"text-box banner-layer x90 md-x95 lg-x95 y5 md-y50 lg-y50 res-text\">\n                                <div class=\"text-box-content text dark\">\n              \n              <div class=\"text-inner text-center\">\n                  \n\t<div id=\"text-3778596158\" class=\"text\">\n\t\t\n<h3>Respekt der Umwelt<\/h3>\n<p>Das starke Engagement der Gruppe umfasst die gesamte Lieferkette. Unsere Fl\u00e4chen werden mit organischen D\u00fcngemitteln aus eigenen Biogasanlagen bewirtschaftet.<\/p>\n<p id=\"fasi\">\n\t\t\n<style>\n#text-3778596158 {\n  font-size: 1rem;\n  text-align: left;\n}\n<\/style>\n\t<\/div>\n\t\n              <\/div>\n           <\/div>\n                            \n<style>\n#text-box-768940596 {\n  width: 62%;\n}\n#text-box-768940596 .text-box-content {\n  font-size: 100%;\n}\n@media (min-width:550px) {\n  #text-box-768940596 {\n    width: 40%;\n  }\n}\n@media (min-width:850px) {\n  #text-box-768940596 {\n    width: 47%;\n  }\n}\n<\/style>\n    <\/div>\n \n        <\/div>\n      <\/div>\n\n            \n<style>\n#banner-1300348602 {\n  padding-top: 600px;\n}\n#banner-1300348602 .overlay {\n  background-color: rgba(0, 0, 0, 0.343);\n}\n<\/style>\n  <\/div>\n\n\n\t\t<\/div>\n\n\t\t\n<style>\n#section_547906276 {\n  padding-top: 0px;\n  padding-bottom: 0px;\n}\n<\/style>\n\t<\/section>\n\t\n\n\t<section class=\"section\" id=\"section_1914016618\">\n\t\t<div class=\"section-bg fill\" >\n\t\t\t\t\t\t\t\t\t\n\t\t\t\n\n\t\t<\/div>\n\n\t\t\n\n\t\t<div class=\"section-content relative\">\n\t\t\t\n\n  <div class=\"banner has-hover\" id=\"banner-614312494\">\n          <div class=\"banner-inner fill\">\n        <div class=\"banner-bg fill\" >\n            <img loading=\"lazy\" decoding=\"async\" width=\"1976\" height=\"789\" src=\"https:\/\/www.paciepagliarigruppo.it\/wp-content\/uploads\/2022\/09\/3comrp.png\" class=\"bg attachment-original size-original\" alt=\"\" \/>                        <div class=\"overlay\"><\/div>            \n                    <\/div>\n\t\t\n        <div class=\"banner-layers container\">\n            <div class=\"fill banner-link\"><\/div>            \n   <div id=\"text-box-450068750\" class=\"text-box banner-layer x10 md-x5 lg-x5 y5 md-y50 lg-y50 res-text\">\n                                <div class=\"text-box-content text dark\">\n              \n              <div class=\"text-inner text-center\">\n                  \n\t<div id=\"text-2516487800\" class=\"text\">\n\t\t\n<h3>Verarbeitungsschritte<\/h3>\n<p>Erneuerbare Energie, die von unseren gr\u00fcnen Anlagen produziert wird, wird in jeder Produktionsstufe verwendet. Unsere Produktionsschritte werden st\u00e4ndig \u00fcberwacht, um die Sicherheit und Qualit\u00e4t des Endprodukts zu gew\u00e4hrleisten.<\/p>\n<p id=\"lab\">\n\t\t\n<style>\n#text-2516487800 {\n  font-size: 1rem;\n  text-align: left;\n}\n<\/style>\n\t<\/div>\n\t\n              <\/div>\n           <\/div>\n                            \n<style>\n#text-box-450068750 {\n  width: 64%;\n}\n#text-box-450068750 .text-box-content {\n  font-size: 100%;\n}\n@media (min-width:550px) {\n  #text-box-450068750 {\n    width: 42%;\n  }\n}\n@media (min-width:850px) {\n  #text-box-450068750 {\n    width: 47%;\n  }\n}\n<\/style>\n    <\/div>\n \n        <\/div>\n      <\/div>\n\n            \n<style>\n#banner-614312494 {\n  padding-top: 600px;\n}\n#banner-614312494 .overlay {\n  background-color: rgba(0, 0, 0, 0.343);\n}\n<\/style>\n  <\/div>\n\n\n\t\t<\/div>\n\n\t\t\n<style>\n#section_1914016618 {\n  padding-top: 0px;\n  padding-bottom: 0px;\n}\n<\/style>\n\t<\/section>\n\t\n\n\t<section class=\"section\" id=\"section_1087233380\">\n\t\t<div class=\"section-bg fill\" >\n\t\t\t\t\t\t\t\t\t\n\t\t\t\n\n\t\t<\/div>\n\n\t\t\n\n\t\t<div class=\"section-content relative\">\n\t\t\t\n\n  <div class=\"banner has-hover\" id=\"banner-2012355974\">\n          <div class=\"banner-inner fill\">\n        <div class=\"banner-bg fill\" >\n            <img loading=\"lazy\" decoding=\"async\" width=\"2560\" height=\"1707\" src=\"https:\/\/www.paciepagliarigruppo.it\/wp-content\/uploads\/2022\/07\/Chirurgia-scaled.jpeg\" class=\"bg attachment-original size-original\" alt=\"\" \/>                        <div class=\"overlay\"><\/div>            \n                    <\/div>\n\t\t\n        <div class=\"banner-layers container\">\n            <div class=\"fill banner-link\"><\/div>            \n   <div id=\"text-box-215760832\" class=\"text-box banner-layer x10 md-x5 lg-x5 y5 md-y5 lg-y50 res-text\">\n                                <div class=\"text-box-content text dark\">\n              \n              <div class=\"text-inner text-center\">\n                  \n\t<div id=\"text-1922447077\" class=\"text\">\n\t\t\n<h3>Internes Labor<\/h3>\n<p>Erneuerbare Energie, die von unseren gr\u00fcnen Anlagen produziert wird, wird in jeder Produktionsstufe verwendet. Unsere Produktionsschritte werden st\u00e4ndig \u00fcberwacht, um die Sicherheit und Qualit\u00e4t des Endprodukts zu gew\u00e4hrleisten.<\/p>\n<p id=\"export\">\n\t\t\n<style>\n#text-1922447077 {\n  font-size: 1rem;\n  text-align: left;\n}\n<\/style>\n\t<\/div>\n\t\n              <\/div>\n           <\/div>\n                            \n<style>\n#text-box-215760832 {\n  width: 76%;\n}\n#text-box-215760832 .text-box-content {\n  font-size: 100%;\n}\n@media (min-width:550px) {\n  #text-box-215760832 {\n    width: 40%;\n  }\n}\n@media (min-width:850px) {\n  #text-box-215760832 {\n    width: 33%;\n  }\n}\n<\/style>\n    <\/div>\n \n        <\/div>\n      <\/div>\n\n            \n<style>\n#banner-2012355974 {\n  padding-top: 600px;\n}\n#banner-2012355974 .overlay {\n  background-color: rgba(0, 0, 0, 0.343);\n}\n<\/style>\n  <\/div>\n\n\n\t\t<\/div>\n\n\t\t\n<style>\n#section_1087233380 {\n  padding-top: 0px;\n  padding-bottom: 0px;\n}\n<\/style>\n\t<\/section>\n\t\n\n\t<section class=\"section\" id=\"section_1186566320\">\n\t\t<div class=\"section-bg fill\" >\n\t\t\t\t\t\t\t\t\t\n\t\t\t\n\n\t\t<\/div>\n\n\t\t\n\n\t\t<div class=\"section-content relative\">\n\t\t\t\n\n  <div class=\"banner has-hover\" id=\"banner-1837047804\">\n          <div class=\"banner-inner fill\">\n        <div class=\"banner-bg fill\" >\n            <img loading=\"lazy\" decoding=\"async\" width=\"2560\" height=\"1497\" src=\"https:\/\/www.paciepagliarigruppo.it\/wp-content\/uploads\/2022\/07\/Nave-scaled.jpeg\" class=\"bg attachment-original size-original\" alt=\"\" \/>                        <div class=\"overlay\"><\/div>            \n                    <\/div>\n\t\t\n        <div class=\"banner-layers container\">\n            <div class=\"fill banner-link\"><\/div>            \n   <div id=\"text-box-1005416435\" class=\"text-box banner-layer x10 md-x5 lg-x5 y5 md-y10 lg-y10 res-text\">\n                                <div class=\"text-box-content text dark\">\n              \n              <div class=\"text-inner text-center\">\n                  \n\t<div id=\"text-1804156391\" class=\"text\">\n\t\t\n<h3>Qualit\u00e4tsexporte<\/h3>\n\t\t\n<style>\n#text-1804156391 {\n  font-size: 1rem;\n  text-align: left;\n}\n<\/style>\n\t<\/div>\n\t\n              <\/div>\n           <\/div>\n                            \n<style>\n#text-box-1005416435 {\n  width: 73%;\n}\n#text-box-1005416435 .text-box-content {\n  font-size: 100%;\n}\n@media (min-width:550px) {\n  #text-box-1005416435 {\n    width: 29%;\n  }\n}\n@media (min-width:850px) {\n  #text-box-1005416435 {\n    width: 43%;\n  }\n}\n<\/style>\n    <\/div>\n \n   <div id=\"text-box-910617903\" class=\"text-box banner-layer x10 md-x95 lg-x95 y15 md-y5 lg-y5 res-text\">\n                                <div class=\"text-box-content text dark\">\n              \n              <div class=\"text-inner text-center\">\n                  \n\t<div id=\"text-399215052\" class=\"text\">\n\t\t\n<p>Dank unserer langj\u00e4hrigen Partnerschaft mit internationalen Logistikunternehmen versenden wir unsere Produkte per LKW quer durch Italien und Nordeuropa. Wir sind in der Lage, in jedes Land der Welt zu liefern (Container oder Mietschiffe) und k\u00fcmmern uns auch um Logistik- und Dokumentationsfragen.<\/p>\n\t\t\n<style>\n#text-399215052 {\n  font-size: 1rem;\n  text-align: left;\n}\n<\/style>\n\t<\/div>\n\t\n              <\/div>\n           <\/div>\n                            \n<style>\n#text-box-910617903 {\n  width: 70%;\n}\n#text-box-910617903 .text-box-content {\n  font-size: 100%;\n}\n@media (min-width:550px) {\n  #text-box-910617903 {\n    width: 41%;\n  }\n}\n@media (min-width:850px) {\n  #text-box-910617903 {\n    width: 43%;\n  }\n}\n<\/style>\n    <\/div>\n \n        <\/div>\n      <\/div>\n\n            \n<style>\n#banner-1837047804 {\n  padding-top: 600px;\n}\n#banner-1837047804 .overlay {\n  background-color: rgba(0, 0, 0, 0.343);\n}\n<\/style>\n  <\/div>\n\n\n\t\t<\/div>\n\n\t\t\n<style>\n#section_1186566320 {\n  padding-top: 0px;\n  padding-bottom: 0px;\n}\n<\/style>\n\t<\/section>\n\t\n","protected":false},"excerpt":{"rendered":"","protected":false},"author":6,"featured_media":0,"parent":0,"menu_order":0,"comment_status":"closed","ping_status":"closed","template":"page-blank.php","meta":{"_acf_changed":false,"footnotes":""},"class_list":["post-12346","page","type-page","status-publish","hentry"],"acf":[],"yoast_head":"<!-- This site is optimized with the Yoast SEO plugin v27.5 - https:\/\/yoast.com\/product\/yoast-seo-wordpress\/ -->\n<title>Produktionsweg - paci e pagliari - Alfalfa- und Futterproduktion<\/title>\n<meta name=\"robots\" content=\"index, follow, max-snippet:-1, max-image-preview:large, max-video-preview:-1\" \/>\n<link rel=\"canonical\" href=\"https:\/\/www.paciepagliarigruppo.it\/de\/produktionsweg\/\" \/>\n<meta property=\"og:locale\" content=\"de_DE\" \/>\n<meta property=\"og:type\" content=\"article\" \/>\n<meta property=\"og:title\" content=\"Produktionsweg - paci e pagliari - Alfalfa- und Futterproduktion\" \/>\n<meta property=\"og:url\" content=\"https:\/\/www.paciepagliarigruppo.it\/de\/produktionsweg\/\" \/>\n<meta property=\"og:site_name\" content=\"paci e pagliari - Alfalfa- und Futterproduktion\" \/>\n<meta property=\"article:modified_time\" content=\"2026-03-24T15:46:46+00:00\" \/>\n<meta name=\"twitter:card\" content=\"summary_large_image\" \/>\n<meta name=\"twitter:label1\" content=\"Gesch\u00e4tzte Lesezeit\" \/>\n\t<meta name=\"twitter:data1\" content=\"3\u00a0Minuten\" \/>\n<script type=\"application\/ld+json\" class=\"yoast-schema-graph\">{\"@context\":\"https:\\\/\\\/schema.org\",\"@graph\":[{\"@type\":\"WebPage\",\"@id\":\"https:\\\/\\\/www.paciepagliarigruppo.it\\\/de\\\/produktionsweg\\\/\",\"url\":\"https:\\\/\\\/www.paciepagliarigruppo.it\\\/de\\\/produktionsweg\\\/\",\"name\":\"Produktionsweg - paci e pagliari - Alfalfa- und Futterproduktion\",\"isPartOf\":{\"@id\":\"https:\\\/\\\/www.paciepagliarigruppo.it\\\/de\\\/#website\"},\"datePublished\":\"2019-07-18T08:32:24+00:00\",\"dateModified\":\"2026-03-24T15:46:46+00:00\",\"breadcrumb\":{\"@id\":\"https:\\\/\\\/www.paciepagliarigruppo.it\\\/de\\\/produktionsweg\\\/#breadcrumb\"},\"inLanguage\":\"de\",\"potentialAction\":[{\"@type\":\"ReadAction\",\"target\":[\"https:\\\/\\\/www.paciepagliarigruppo.it\\\/de\\\/produktionsweg\\\/\"]}]},{\"@type\":\"BreadcrumbList\",\"@id\":\"https:\\\/\\\/www.paciepagliarigruppo.it\\\/de\\\/produktionsweg\\\/#breadcrumb\",\"itemListElement\":[{\"@type\":\"ListItem\",\"position\":1,\"name\":\"Home\",\"item\":\"https:\\\/\\\/www.paciepagliarigruppo.it\\\/de\\\/\"},{\"@type\":\"ListItem\",\"position\":2,\"name\":\"Produktionsweg\"}]},{\"@type\":\"WebSite\",\"@id\":\"https:\\\/\\\/www.paciepagliarigruppo.it\\\/de\\\/#website\",\"url\":\"https:\\\/\\\/www.paciepagliarigruppo.it\\\/de\\\/\",\"name\":\"Paci & Pagliari\",\"description\":\"Produzione erba medica e foraggi\",\"potentialAction\":[{\"@type\":\"SearchAction\",\"target\":{\"@type\":\"EntryPoint\",\"urlTemplate\":\"https:\\\/\\\/www.paciepagliarigruppo.it\\\/de\\\/?s={search_term_string}\"},\"query-input\":{\"@type\":\"PropertyValueSpecification\",\"valueRequired\":true,\"valueName\":\"search_term_string\"}}],\"inLanguage\":\"de\"}]}<\/script>\n<!-- \/ Yoast SEO plugin. -->","yoast_head_json":{"title":"Produktionsweg - paci e pagliari - Alfalfa- und Futterproduktion","robots":{"index":"index","follow":"follow","max-snippet":"max-snippet:-1","max-image-preview":"max-image-preview:large","max-video-preview":"max-video-preview:-1"},"canonical":"https:\/\/www.paciepagliarigruppo.it\/de\/produktionsweg\/","og_locale":"de_DE","og_type":"article","og_title":"Produktionsweg - paci e pagliari - Alfalfa- und Futterproduktion","og_url":"https:\/\/www.paciepagliarigruppo.it\/de\/produktionsweg\/","og_site_name":"paci e pagliari - Alfalfa- und Futterproduktion","article_modified_time":"2026-03-24T15:46:46+00:00","twitter_card":"summary_large_image","twitter_misc":{"Gesch\u00e4tzte Lesezeit":"3\u00a0Minuten"},"schema":{"@context":"https:\/\/schema.org","@graph":[{"@type":"WebPage","@id":"https:\/\/www.paciepagliarigruppo.it\/de\/produktionsweg\/","url":"https:\/\/www.paciepagliarigruppo.it\/de\/produktionsweg\/","name":"Produktionsweg - paci e pagliari - Alfalfa- und Futterproduktion","isPartOf":{"@id":"https:\/\/www.paciepagliarigruppo.it\/de\/#website"},"datePublished":"2019-07-18T08:32:24+00:00","dateModified":"2026-03-24T15:46:46+00:00","breadcrumb":{"@id":"https:\/\/www.paciepagliarigruppo.it\/de\/produktionsweg\/#breadcrumb"},"inLanguage":"de","potentialAction":[{"@type":"ReadAction","target":["https:\/\/www.paciepagliarigruppo.it\/de\/produktionsweg\/"]}]},{"@type":"BreadcrumbList","@id":"https:\/\/www.paciepagliarigruppo.it\/de\/produktionsweg\/#breadcrumb","itemListElement":[{"@type":"ListItem","position":1,"name":"Home","item":"https:\/\/www.paciepagliarigruppo.it\/de\/"},{"@type":"ListItem","position":2,"name":"Produktionsweg"}]},{"@type":"WebSite","@id":"https:\/\/www.paciepagliarigruppo.it\/de\/#website","url":"https:\/\/www.paciepagliarigruppo.it\/de\/","name":"Paci & Pagliari","description":"Produzione erba medica e foraggi","potentialAction":[{"@type":"SearchAction","target":{"@type":"EntryPoint","urlTemplate":"https:\/\/www.paciepagliarigruppo.it\/de\/?s={search_term_string}"},"query-input":{"@type":"PropertyValueSpecification","valueRequired":true,"valueName":"search_term_string"}}],"inLanguage":"de"}]}},"_links":{"self":[{"href":"https:\/\/www.paciepagliarigruppo.it\/de\/wp-json\/wp\/v2\/pages\/12346","targetHints":{"allow":["GET"]}}],"collection":[{"href":"https:\/\/www.paciepagliarigruppo.it\/de\/wp-json\/wp\/v2\/pages"}],"about":[{"href":"https:\/\/www.paciepagliarigruppo.it\/de\/wp-json\/wp\/v2\/types\/page"}],"author":[{"embeddable":true,"href":"https:\/\/www.paciepagliarigruppo.it\/de\/wp-json\/wp\/v2\/users\/6"}],"replies":[{"embeddable":true,"href":"https:\/\/www.paciepagliarigruppo.it\/de\/wp-json\/wp\/v2\/comments?post=12346"}],"version-history":[{"count":7,"href":"https:\/\/www.paciepagliarigruppo.it\/de\/wp-json\/wp\/v2\/pages\/12346\/revisions"}],"predecessor-version":[{"id":13600,"href":"https:\/\/www.paciepagliarigruppo.it\/de\/wp-json\/wp\/v2\/pages\/12346\/revisions\/13600"}],"wp:attachment":[{"href":"https:\/\/www.paciepagliarigruppo.it\/de\/wp-json\/wp\/v2\/media?parent=12346"}],"curies":[{"name":"wp","href":"https:\/\/api.w.org\/{rel}","templated":true}]}}