{"id":12313,"date":"2023-02-22T12:39:40","date_gmt":"2023-02-22T11:39:40","guid":{"rendered":"https:\/\/www.paciepagliarigruppo.it\/contatti\/"},"modified":"2024-03-04T16:19:22","modified_gmt":"2024-03-04T15:19:22","slug":"kontakte","status":"publish","type":"page","link":"https:\/\/www.paciepagliarigruppo.it\/de\/kontakte\/","title":{"rendered":"Kontakte"},"content":{"rendered":"\t<div id=\"text-3327717819\" class=\"text hidden\">\n\t\t\n[vc_row azirspares_custom_id=&#8220;azirspares_custom_6368cc30bf5d6&#8243;][vc_column][vc_row_inner][vc_column_inner width=&#8220;1\/4&#8243;][\/vc_column_inner][vc_column_inner width=&#8220;1\/4&#8243;][vc_column_text azirspares_custom_id=&#8220;azirspares_custom_6368cc30bf5d9&#8243;]\n<h3 style=\"color: #009f5f;\">Gruppo Paci &amp; Pagliari<\/h3>\n<p>SEDE LEGALE AMMINISTRATIVA<\/p>\n<p>Via Turlo, 5 &#8211; 61024 &#8211; Mombaroccio (PU) Tel: (+39) 0721 471361\/ 470005<\/p>\n<p><a href=\"mailto:info@paciepagliarigruppo.it\">inf<\/a><a href=\"mailto:info@paciepagliarigruppo.it\">o@paciepagliarigruppo.it<\/a>[\/vc_column_text][\/vc_column_inner][vc_column_inner width=&#8220;1\/4&#8243;][vc_column_text azirspares_custom_id=&#8220;azirspares_custom_6368cc30bf5da&#8220;]\n<h3 style=\"color: #009f5f;\">SEDI PRODUTTIVE<\/h3>\n[\/vc_column_text][vc_column_text azirspares_custom_id=&#8220;azirspares_custom_6368cc30bf5dc&#8220;]Via Turlo, 5 &#8211; 61024 Mombaroccio (PU)<br \/>\nTel: (+39) 0721 471361\/ 470005<\/p>\n<p>Via dell\u2019Agricoltura, 9 Loc. Schieppe di Orciano 61038 &#8211; Terre Roveresche (PU)<br \/>\nTel: (+39) 0721 981989<\/p>\n<p>Via Ridol\ufb01na &#8211; Loc. Schieppe di Orciano (PU) 61038 &#8211; Terre Roveresche (PU)<br \/>\nTel: (+39) 0721 981989<\/p>\n<p>Via Ceresa, 17 &#8211; 41034 Finale Emilia Modena (MO)<br \/>\nTel: (+39) 0535 99454[\/vc_column_text][\/vc_column_inner][vc_column_inner width=&#8220;1\/4&#8243;][\/vc_column_inner][\/vc_row_inner][\/vc_column][\/vc_row][vc_row full_width=&#8220;stretch_row_content_no_spaces&#8220; azirspares_custom_id=&#8220;azirspares_custom_6368cc30bf5dd&#8220; css=&#8220;.vc_custom_1654787521996{margin-top: 3% !important;}&#8220;][vc_column][vc_empty_space height=&#8220;80px&#8220; azirspares_custom_id=&#8220;azirspares_custom_6368cc30bf5de&#8220;][vc_gmaps link=&#8220;#E-8_JTNDaWZyYW1lJTIwc3JjJTNEJTIyaHR0cHMlM0ElMkYlMkZ3d3cuZ29vZ2xlLmNvbSUyRm1hcHMlMkZlbWJlZCUzRnBiJTNEJTIxMW0xOCUyMTFtMTIlMjExbTMlMjExZDM1MTIuNjc0ODcwMzU1MjY4JTIxMmQxMi44NjYxMTExMzI2ODUxNjQlMjEzZDQzLjgxMTg5NTQ4MzM4Mzc0JTIxMm0zJTIxMWYwJTIxMmYwJTIxM2YwJTIxM20yJTIxMWkxMDI0JTIxMmk3NjglMjE0ZjEzLjElMjEzbTMlMjExbTIlMjExczB4MTMyZDAzMzdkZjMyMDcyZiUyNTNBMHgxNmFlZTI3NGRiYTI4ZTUzJTIxMnNHcnVwcG8lMjUyMFBhY2klMjUyMCUyNTI2JTI1MjBQYWdsaWFyaSUyMTVlMSUyMTNtMiUyMTFzaXQlMjEyc2l0JTIxNHYxNjYyOTc1NzI4NDY3JTIxNW0yJTIxMXNpdCUyMTJzaXQlMjIlMjB3aWR0aCUzRCUyMjYwMCUyMiUyMGhlaWdodCUzRCUyMjQ1MCUyMiUyMHN0eWxlJTNEJTIyYm9yZGVyJTNBMCUzQiUyMiUyMGFsbG93ZnVsbHNjcmVlbiUzRCUyMiUyMiUyMGxvYWRpbmclM0QlMjJsYXp5JTIyJTIwcmVmZXJyZXJwb2xpY3klM0QlMjJuby1yZWZlcnJlci13aGVuLWRvd25ncmFkZSUyMiUzRSUzQyUyRmlmcmFtZSUzRQ==&#8220; hidden_markup=&#8220;&#8220; azirspares_custom_id=&#8220;azirspares_custom_6368cc30bf5df&#8220;][\/vc_column][\/vc_row][vc_row full_width=&#8220;stretch_row_content_no_spaces&#8220; azirspares_custom_id=&#8220;azirspares_custom_6368cc30bf5e0&#8243; css=&#8220;.vc_custom_1654787844650{background-color: #e8e9e1 !important;}&#8220; el_class=&#8220;sfum&#8220;][vc_column][vc_row_inner][vc_column_inner width=&#8220;1\/6&#8243;][\/vc_column_inner][vc_column_inner width=&#8220;4\/6&#8243;][vc_column_text azirspares_custom_id=&#8220;azirspares_custom_6368cc30bf5e1&#8243;]\n<p style=\"text-align: center;\">Per maggiori informazioni sui nostri prodotti o richieste particolari \u00e8 possibile contattare direttamente il nostro u\ufb03cio commerciale compilando l\u2019apposito modulo oppure telefonando ai numeri riportati in alto.<\/p>\n[\/vc_column_text][vc_empty_space height=&#8220;30px&#8220; azirspares_custom_id=&#8220;azirspares_custom_6368cc30bf5e2&#8243;][vc_column_text azirspares_custom_id=&#8220;azirspares_custom_6368cc30bf5e3&#8243;]\n<h5 class=\"title\" style=\"text-align: center; font-size: 30px; letter-spacing: 0.1em; font-weight: 500;\"><span style=\"color: #fff;\">RICHIEDI INFORMAZIONI<\/span><\/h5>\n[\/vc_column_text][vc_empty_space height=&#8220;30px&#8220; azirspares_custom_id=&#8220;azirspares_custom_6368cc30bf5e4&#8243;]<p class=\"wpcf7-contact-form-not-found\"><strong>Fehler:<\/strong> Kontaktformular wurde nicht gefunden.<\/p>[vc_empty_space height=&#8220;150px&#8220; azirspares_custom_id=&#8220;azirspares_custom_6368cc30bf5e6&#8243;][\/vc_column_inner][vc_column_inner width=&#8220;1\/6&#8243;][\/vc_column_inner][\/vc_row_inner][\/vc_column][\/vc_row]\n\t\t\t<\/div>\n\t\n\n\t<section class=\"section\" id=\"section_1700046862\">\n\t\t<div class=\"section-bg fill\" >\n\t\t\t\t\t\t\t\t\t\n\t\t\t\n\n\t\t<\/div>\n\n\t\t\n\n\t\t<div class=\"section-content relative\">\n\t\t\t\n\n  <div class=\"banner has-hover\" id=\"banner-1398908341\">\n          <div class=\"banner-inner fill\">\n        <div class=\"banner-bg fill\" >\n            <img loading=\"lazy\" decoding=\"async\" width=\"1980\" height=\"1113\" src=\"https:\/\/www.paciepagliarigruppo.it\/wp-content\/uploads\/2022\/06\/BUSINE1.jpg\" class=\"bg attachment-original size-original\" alt=\"\" \/>                        <div class=\"overlay\"><\/div>            \n                    <\/div>\n\t\t\n        <div class=\"banner-layers container\">\n            <div class=\"fill banner-link\"><\/div>            \n   <div id=\"text-box-1046511338\" class=\"text-box banner-layer x50 md-x50 lg-x50 y65 md-y65 lg-y70 res-text\">\n                                <div class=\"text-box-content text dark\">\n              \n              <div class=\"text-inner text-center\">\n                  \n\t<div id=\"text-585712867\" class=\"text titolobanner\">\n\t\t\n<h1 class=\"uppercase\">Kontakte<\/h1>\n\t\t\n<style>\n#text-585712867 {\n  font-size: 0.75rem;\n  text-align: center;\n}\n<\/style>\n\t<\/div>\n\t\n              <\/div>\n           <\/div>\n                            \n<style>\n#text-box-1046511338 {\n  width: 76%;\n}\n#text-box-1046511338 .text-box-content {\n  font-size: 100%;\n}\n@media (min-width:550px) {\n  #text-box-1046511338 {\n    width: 60%;\n  }\n}\n<\/style>\n    <\/div>\n \n        <\/div>\n      <\/div>\n\n            \n<style>\n#banner-1398908341 {\n  padding-top: 350px;\n}\n#banner-1398908341 .overlay {\n  background-color: rgba(0, 0, 0, 0.343);\n}\n<\/style>\n  <\/div>\n\n\n\t\t<\/div>\n\n\t\t\n<style>\n#section_1700046862 {\n  padding-top: 0px;\n  padding-bottom: 0px;\n}\n<\/style>\n\t<\/section>\n\t\n\n\t<section class=\"section\" id=\"section_1568252527\">\n\t\t<div class=\"section-bg fill\" >\n\t\t\t\t\t\t\t\t\t\n\t\t\t\n\n\t\t<\/div>\n\n\t\t\n\n\t\t<div class=\"section-content relative\">\n\t\t\t\n<div class=\"row\"  id=\"row-7196908\">\n\n\t<div id=\"col-1840470896\" class=\"col small-12 large-12\"  >\n\t\t\t\t<div class=\"col-inner\"  >\n\t\t\t\n\t\t\t\n\t<div id=\"gap-633707501\" class=\"gap-element clearfix\" style=\"display:block; height:auto;\">\n\t\t\n<style>\n#gap-633707501 {\n  padding-top: 30px;\n}\n<\/style>\n\t<\/div>\n\t\n<p><a href=\"\/de\/home\">HOME<\/a> | Kontakte<\/p>\n\t\t<\/div>\n\t\t\t\t\t<\/div>\n\n\t\n<\/div>\n\t\t<\/div>\n\n\t\t\n<style>\n#section_1568252527 {\n  padding-top: 0px;\n  padding-bottom: 0px;\n}\n<\/style>\n\t<\/section>\n\t\n\n\t<section class=\"section\" id=\"section_1831115636\">\n\t\t<div class=\"section-bg fill\" >\n\t\t\t\t\t\t\t\t\t\n\t\t\t\n\n\t\t<\/div>\n\n\t\t\n\n\t\t<div class=\"section-content relative\">\n\t\t\t\n<div class=\"row\"  id=\"row-1099597096\">\n\n\t<div id=\"col-1325884583\" class=\"col medium-6 small-12 large-6\"  >\n\t\t\t\t<div class=\"col-inner\"  >\n\t\t\t\n\t\t\t\n\t<div id=\"text-602917735\" class=\"text\">\n\t\t\n<h2>Gruppe Paci &amp; Pagliari<\/h2>\n\t\t\n<style>\n#text-602917735 {\n  text-align: left;\n  color: rgb(0, 159, 95);\n}\n#text-602917735 > * {\n  color: rgb(0, 159, 95);\n}\n<\/style>\n\t<\/div>\n\t\n<p class=\"uppercase\">Amtssitz<\/p>\n<p>Via Turlo, 5 \u2013 61024 \u2013 Mombaroccio (PU)<\/p>\n<p>Tel: (+39) 0721 471361\/ 470005<\/p>\n<p><a href=\"mailto:info@paciepagliarigruppo.it\">info@paciepagliarigruppo.it<\/a><\/p>\n\t\t<\/div>\n\t\t\t\t\t<\/div>\n\n\t\n\n\t<div id=\"col-1272538771\" class=\"col medium-6 small-12 large-6\"  >\n\t\t\t\t<div class=\"col-inner\"  >\n\t\t\t\n\t\t\t\n\t<div id=\"text-904798904\" class=\"text\">\n\t\t\n<h2 class=\"uppercase\">Produktionssitze<\/h2>\n\t\t\n<style>\n#text-904798904 {\n  color: rgb(0, 159, 95);\n}\n#text-904798904 > * {\n  color: rgb(0, 159, 95);\n}\n<\/style>\n\t<\/div>\n\t\n<p>Via Turlo, 5 \u2013 61024 Mombaroccio (PU)<\/br>Tel: (+39) 0721 471361\/ 470005<\/p>\n<p>Via dell\u2019Agricoltura, 9 Loc. Schieppe di Orciano \u2013 61038  Terre Roveresche (PU)<\/br>Tel: (+39) 0721 981989<\/p>\n<p>Via Ridol\ufb01na Loc. Schieppe di Orciano &#8211; 61038 Terre Roveresche (PU)<br \/>Tel: (+39) 0721 981989<\/p>\n<p>Via Ceresa, 17 \u2013 41034 Finale Emilia Modena (MO)<br \/>Tel: (+39) 0535 99454<\/p>\n\t\t<\/div>\n\t\t\t\t\t<\/div>\n\n\t\n<\/div>\n\t\t<\/div>\n\n\t\t\n<style>\n#section_1831115636 {\n  padding-top: 30px;\n  padding-bottom: 30px;\n}\n<\/style>\n\t<\/section>\n\t\n\n\t<section class=\"section\" id=\"section_1442456758\">\n\t\t<div class=\"section-bg fill\" >\n\t\t\t\t\t\t\t\t\t\n\t\t\t\n\n\t\t<\/div>\n\n\t\t\n\n\t\t<div class=\"section-content relative\">\n\t\t\t\n<div class=\"row row-collapse row-full-width\"  id=\"row-710045583\">\n\n\t<div id=\"col-2145512539\" class=\"col small-12 large-12\"  >\n\t\t\t\t<div class=\"col-inner\"  >\n\t\t\t\n\t\t\t\n\n<p><iframe src=\"https:\/\/www.google.com\/maps\/embed?pb=!1m14!1m8!1m3!1d13900.746188872281!2d12.870596!3d43.811892!3m2!1i1024!2i768!4f13.1!3m3!1m2!1s0x132d0337df32072f%3A0x16aee274dba28e53!2sGruppo%20Paci%20%26%20Pagliari!5e1!3m2!1sde!2sit!4v1678963109287!5m2!1sde!2sit\" width=\"100%\" height=\"350\" style=\"border:0; margin-bottom:-30px;\" allowfullscreen=\"\" loading=\"lazy\" referrerpolicy=\"no-referrer-when-downgrade\"><\/iframe><br \/>\n\n\t\t<\/div>\n\t\t\t\t\t<\/div>\n\n\t\n<\/div>\n\t\t<\/div>\n\n\t\t\n<style>\n#section_1442456758 {\n  padding-top: 0px;\n  padding-bottom: 0px;\n}\n<\/style>\n\t<\/section>\n\t\n\n\t<section class=\"section sfum\" id=\"section_2080115403\">\n\t\t<div class=\"section-bg fill\" >\n\t\t\t\t\t\t\t\t\t\n\t\t\t\n\n\t\t<\/div>\n\n\t\t\n\n\t\t<div class=\"section-content relative\">\n\t\t\t\n<div class=\"row align-center\"  id=\"row-1988631686\">\n\n\t<div id=\"col-881147201\" class=\"col medium-7 small-12 large-7\"  >\n\t\t\t\t<div class=\"col-inner text-center\"  >\n\t\t\t\n\t\t\t\n\t<div id=\"text-707706043\" class=\"text\">\n\t\t\n<p>F\u00fcr weitere Informationen zu unseren Produkten oder f\u00fcr bestimmte Anfragen k\u00f6nnen Sie unsere Verkaufsabteilung direkt kontaktieren. F\u00fcllen Sie bitte das Kontaktformular aus oder rufen Sie die obigen Telefonnummern an.<\/p>\n<h3 class=\"uppercase\">Informationsanfrage<\/h3>\n\t\t\n<style>\n#text-707706043 {\n  color: rgb(255,255,255);\n}\n#text-707706043 > * {\n  color: rgb(255,255,255);\n}\n<\/style>\n\t<\/div>\n\t\n\n\n<div class=\"wpcf7 no-js\" id=\"wpcf7-f13469-o1\" lang=\"de-DE\" dir=\"ltr\" data-wpcf7-id=\"13469\">\n<div class=\"screen-reader-response\"><p role=\"status\" aria-live=\"polite\" aria-atomic=\"true\"><\/p> <ul><\/ul><\/div>\n<form action=\"\/de\/wp-json\/wp\/v2\/pages\/12313#wpcf7-f13469-o1\" method=\"post\" class=\"wpcf7-form init\" aria-label=\"Kontaktformular\" novalidate=\"novalidate\" data-status=\"init\">\n<fieldset class=\"hidden-fields-container\"><input type=\"hidden\" name=\"_wpcf7\" value=\"13469\" \/><input type=\"hidden\" name=\"_wpcf7_version\" value=\"6.1.5\" \/><input type=\"hidden\" name=\"_wpcf7_locale\" value=\"de_DE\" \/><input type=\"hidden\" name=\"_wpcf7_unit_tag\" value=\"wpcf7-f13469-o1\" \/><input type=\"hidden\" name=\"_wpcf7_container_post\" value=\"0\" \/><input type=\"hidden\" name=\"_wpcf7_posted_data_hash\" value=\"\" \/>\n<\/fieldset>\n<p><label>Nome *<\/label><br \/>\n<span class=\"wpcf7-form-control-wrap\" data-name=\"Name\"><input size=\"40\" maxlength=\"400\" class=\"wpcf7-form-control wpcf7-text wpcf7-validates-as-required\" aria-required=\"true\" aria-invalid=\"false\" value=\"\" type=\"text\" name=\"Name\" \/><\/span>\n<\/p>\n<p><label>E-mail *<\/label><br \/>\n<span class=\"wpcf7-form-control-wrap\" data-name=\"your-email\"><input size=\"40\" maxlength=\"400\" class=\"wpcf7-form-control wpcf7-email wpcf7-validates-as-required wpcf7-text wpcf7-validates-as-email\" aria-required=\"true\" aria-invalid=\"false\" value=\"\" type=\"email\" name=\"your-email\" \/><\/span>\n<\/p>\n<p><label>Nachricht *<\/label><br \/>\n<span class=\"wpcf7-form-control-wrap\" data-name=\"messaggio\"><textarea cols=\"40\" rows=\"10\" maxlength=\"2000\" class=\"wpcf7-form-control wpcf7-textarea\" aria-invalid=\"false\" name=\"messaggio\"><\/textarea><\/span>\n<\/p>\n<div class=\"flex-row form-flat medium-flex-wrap\">\n\t<p><span class=\"wpcf7-form-control-wrap\" data-name=\"privacy\"><span class=\"wpcf7-form-control wpcf7-acceptance\"><span class=\"wpcf7-list-item\"><label><input type=\"checkbox\" name=\"privacy\" value=\"1\" aria-invalid=\"false\" \/><span class=\"wpcf7-list-item-label\"><small>Ich habe die <a href=\"https:\/\/www.paciepagliarigruppo.it\/de\/privacy-policy\/\" target=\"_blank\">Datenschutzerkl\u00e4rung<\/a> gelesen und akzeptiere die Verarbeitung meiner personenbezogenen Daten.<\/small><\/span><\/label><\/span><\/span><\/span>\n\t<\/p>\n<\/div>\n<p><input class=\"wpcf7-form-control wpcf7-submit has-spinner button\" type=\"submit\" value=\"OK\" \/>\n<\/p><div class=\"wpcf7-response-output\" aria-hidden=\"true\"><\/div>\n<\/form>\n<\/div>\n\n\n\t\t<\/div>\n\t\t\t\t\t<\/div>\n\n\t\n<\/div>\n\t\t<\/div>\n\n\t\t\n<style>\n#section_2080115403 {\n  padding-top: 60px;\n  padding-bottom: 60px;\n  margin-bottom: -50px;\n}\n<\/style>\n\t<\/section>\n\t\n","protected":false},"excerpt":{"rendered":"","protected":false},"author":6,"featured_media":0,"parent":0,"menu_order":0,"comment_status":"closed","ping_status":"closed","template":"page-blank.php","meta":{"_acf_changed":false,"footnotes":""},"class_list":["post-12313","page","type-page","status-publish","hentry"],"acf":[],"yoast_head":"<!-- This site is optimized with the Yoast SEO plugin v27.5 - https:\/\/yoast.com\/product\/yoast-seo-wordpress\/ -->\n<title>Kontakte - paci e pagliari - Alfalfa- und Futterproduktion<\/title>\n<meta name=\"robots\" content=\"index, follow, max-snippet:-1, max-image-preview:large, max-video-preview:-1\" \/>\n<link rel=\"canonical\" href=\"https:\/\/www.paciepagliarigruppo.it\/de\/kontakte\/\" \/>\n<meta property=\"og:locale\" content=\"de_DE\" \/>\n<meta property=\"og:type\" content=\"article\" \/>\n<meta property=\"og:title\" content=\"Kontakte - paci e pagliari - Alfalfa- und Futterproduktion\" \/>\n<meta property=\"og:url\" content=\"https:\/\/www.paciepagliarigruppo.it\/de\/kontakte\/\" \/>\n<meta property=\"og:site_name\" content=\"paci e pagliari - Alfalfa- und Futterproduktion\" \/>\n<meta property=\"article:modified_time\" content=\"2024-03-04T15:19:22+00:00\" \/>\n<meta name=\"twitter:card\" content=\"summary_large_image\" \/>\n<meta name=\"twitter:label1\" content=\"Gesch\u00e4tzte Lesezeit\" \/>\n\t<meta name=\"twitter:data1\" content=\"2\u00a0Minuten\" \/>\n<script type=\"application\/ld+json\" class=\"yoast-schema-graph\">{\"@context\":\"https:\\\/\\\/schema.org\",\"@graph\":[{\"@type\":\"WebPage\",\"@id\":\"https:\\\/\\\/www.paciepagliarigruppo.it\\\/de\\\/kontakte\\\/\",\"url\":\"https:\\\/\\\/www.paciepagliarigruppo.it\\\/de\\\/kontakte\\\/\",\"name\":\"Kontakte - paci e pagliari - Alfalfa- und Futterproduktion\",\"isPartOf\":{\"@id\":\"https:\\\/\\\/www.paciepagliarigruppo.it\\\/de\\\/#website\"},\"datePublished\":\"2023-02-22T11:39:40+00:00\",\"dateModified\":\"2024-03-04T15:19:22+00:00\",\"breadcrumb\":{\"@id\":\"https:\\\/\\\/www.paciepagliarigruppo.it\\\/de\\\/kontakte\\\/#breadcrumb\"},\"inLanguage\":\"de\",\"potentialAction\":[{\"@type\":\"ReadAction\",\"target\":[\"https:\\\/\\\/www.paciepagliarigruppo.it\\\/de\\\/kontakte\\\/\"]}]},{\"@type\":\"BreadcrumbList\",\"@id\":\"https:\\\/\\\/www.paciepagliarigruppo.it\\\/de\\\/kontakte\\\/#breadcrumb\",\"itemListElement\":[{\"@type\":\"ListItem\",\"position\":1,\"name\":\"Home\",\"item\":\"https:\\\/\\\/www.paciepagliarigruppo.it\\\/de\\\/\"},{\"@type\":\"ListItem\",\"position\":2,\"name\":\"Kontakte\"}]},{\"@type\":\"WebSite\",\"@id\":\"https:\\\/\\\/www.paciepagliarigruppo.it\\\/de\\\/#website\",\"url\":\"https:\\\/\\\/www.paciepagliarigruppo.it\\\/de\\\/\",\"name\":\"Paci & Pagliari\",\"description\":\"Produzione erba medica e foraggi\",\"potentialAction\":[{\"@type\":\"SearchAction\",\"target\":{\"@type\":\"EntryPoint\",\"urlTemplate\":\"https:\\\/\\\/www.paciepagliarigruppo.it\\\/de\\\/?s={search_term_string}\"},\"query-input\":{\"@type\":\"PropertyValueSpecification\",\"valueRequired\":true,\"valueName\":\"search_term_string\"}}],\"inLanguage\":\"de\"}]}<\/script>\n<!-- \/ Yoast SEO plugin. -->","yoast_head_json":{"title":"Kontakte - paci e pagliari - Alfalfa- und Futterproduktion","robots":{"index":"index","follow":"follow","max-snippet":"max-snippet:-1","max-image-preview":"max-image-preview:large","max-video-preview":"max-video-preview:-1"},"canonical":"https:\/\/www.paciepagliarigruppo.it\/de\/kontakte\/","og_locale":"de_DE","og_type":"article","og_title":"Kontakte - paci e pagliari - Alfalfa- und Futterproduktion","og_url":"https:\/\/www.paciepagliarigruppo.it\/de\/kontakte\/","og_site_name":"paci e pagliari - Alfalfa- und Futterproduktion","article_modified_time":"2024-03-04T15:19:22+00:00","twitter_card":"summary_large_image","twitter_misc":{"Gesch\u00e4tzte Lesezeit":"2\u00a0Minuten"},"schema":{"@context":"https:\/\/schema.org","@graph":[{"@type":"WebPage","@id":"https:\/\/www.paciepagliarigruppo.it\/de\/kontakte\/","url":"https:\/\/www.paciepagliarigruppo.it\/de\/kontakte\/","name":"Kontakte - paci e pagliari - Alfalfa- und Futterproduktion","isPartOf":{"@id":"https:\/\/www.paciepagliarigruppo.it\/de\/#website"},"datePublished":"2023-02-22T11:39:40+00:00","dateModified":"2024-03-04T15:19:22+00:00","breadcrumb":{"@id":"https:\/\/www.paciepagliarigruppo.it\/de\/kontakte\/#breadcrumb"},"inLanguage":"de","potentialAction":[{"@type":"ReadAction","target":["https:\/\/www.paciepagliarigruppo.it\/de\/kontakte\/"]}]},{"@type":"BreadcrumbList","@id":"https:\/\/www.paciepagliarigruppo.it\/de\/kontakte\/#breadcrumb","itemListElement":[{"@type":"ListItem","position":1,"name":"Home","item":"https:\/\/www.paciepagliarigruppo.it\/de\/"},{"@type":"ListItem","position":2,"name":"Kontakte"}]},{"@type":"WebSite","@id":"https:\/\/www.paciepagliarigruppo.it\/de\/#website","url":"https:\/\/www.paciepagliarigruppo.it\/de\/","name":"Paci & Pagliari","description":"Produzione erba medica e foraggi","potentialAction":[{"@type":"SearchAction","target":{"@type":"EntryPoint","urlTemplate":"https:\/\/www.paciepagliarigruppo.it\/de\/?s={search_term_string}"},"query-input":{"@type":"PropertyValueSpecification","valueRequired":true,"valueName":"search_term_string"}}],"inLanguage":"de"}]}},"_links":{"self":[{"href":"https:\/\/www.paciepagliarigruppo.it\/de\/wp-json\/wp\/v2\/pages\/12313","targetHints":{"allow":["GET"]}}],"collection":[{"href":"https:\/\/www.paciepagliarigruppo.it\/de\/wp-json\/wp\/v2\/pages"}],"about":[{"href":"https:\/\/www.paciepagliarigruppo.it\/de\/wp-json\/wp\/v2\/types\/page"}],"author":[{"embeddable":true,"href":"https:\/\/www.paciepagliarigruppo.it\/de\/wp-json\/wp\/v2\/users\/6"}],"replies":[{"embeddable":true,"href":"https:\/\/www.paciepagliarigruppo.it\/de\/wp-json\/wp\/v2\/comments?post=12313"}],"version-history":[{"count":4,"href":"https:\/\/www.paciepagliarigruppo.it\/de\/wp-json\/wp\/v2\/pages\/12313\/revisions"}],"predecessor-version":[{"id":13472,"href":"https:\/\/www.paciepagliarigruppo.it\/de\/wp-json\/wp\/v2\/pages\/12313\/revisions\/13472"}],"wp:attachment":[{"href":"https:\/\/www.paciepagliarigruppo.it\/de\/wp-json\/wp\/v2\/media?parent=12313"}],"curies":[{"name":"wp","href":"https:\/\/api.w.org\/{rel}","templated":true}]}}